{"id":9977,"date":"2022-08-04T18:57:42","date_gmt":"2022-08-04T17:57:42","guid":{"rendered":"https:\/\/lanzaroteartgallery.com\/?post_type=product&#038;p=9977"},"modified":"2024-03-06T13:51:46","modified_gmt":"2024-03-06T13:51:46","slug":"calima","status":"publish","type":"product","link":"https:\/\/lanzaroteartgallery.com\/en\/work\/calima\/","title":{"rendered":"Calima"},"content":{"rendered":"","protected":false},"excerpt":{"rendered":"<p>Serie Tormenta de arena. Calima, fen\u00f3meno en el que part\u00edculas peque\u00f1as en suspensi\u00f3n de polvo o ceniza, crean una atmosfera opaca y de color&#8230;<\/p>\n","protected":false},"featured_media":9976,"template":"","meta":{"_kad_blocks_custom_css":"","_kad_blocks_head_custom_js":"","_kad_blocks_body_custom_js":"","_kad_blocks_footer_custom_js":""},"product_brand":[],"product_cat":[17,620,870,862,868,860,865,914,915,916,601,909,910,911,912,913],"product_tag":[1003,1004,1005,1006,1002,999,974,952],"class_list":{"0":"post-9977","1":"product","2":"type-product","3":"status-publish","4":"has-post-thumbnail","6":"product_cat-artistas","7":"product_cat-marite-crespo","8":"product_cat-paisajismo","9":"product_cat-naturaleza","10":"product_cat-fantasia","11":"product_cat-abstracto","12":"product_cat-conceptual","13":"product_cat-cuadros-decoracion-salon","14":"product_cat-cuadros-para-salon-modernos","15":"product_cat-cuadros-para-dormitorios","16":"product_cat-arte-global-artistas","17":"product_cat-cuadros-grandes-para-salon","18":"product_cat-cuadro-grande","19":"product_cat-cuadros-decorativos-salon","20":"product_cat-cuadros-habitacion","21":"product_cat-cuadros-relajantes-para-salon","22":"product_tag-amanece","23":"product_tag-islas-canarias","24":"product_tag-series-habitar-la-isla","25":"product_tag-no-war","26":"product_tag-isla","27":"product_tag-abstraccion-figurativa","28":"product_tag-lanzarote","29":"product_tag-abstracto","31":"first","32":"instock","33":"taxable","34":"shipping-taxable","35":"purchasable","36":"product-type-simple"},"aioseo_notices":[],"taxonomy_info":{"product_cat":[{"value":17,"label":"Artistas"},{"value":620,"label":"Marit\u00e9 Crespo"},{"value":870,"label":"Paisajismo"},{"value":862,"label":"Naturaleza"},{"value":868,"label":"Fantasy"},{"value":860,"label":"Abstract"},{"value":865,"label":"Conceptual"},{"value":914,"label":"Paintings Living Room Decoration"},{"value":915,"label":"Modern Living Room Paintings"},{"value":916,"label":"Bedroom Paintings"},{"value":601,"label":"Art Space"},{"value":909,"label":"Large Paintings for the Living Room"},{"value":910,"label":"Big Picture"},{"value":911,"label":"Decorative Paintings Living Room"},{"value":912,"label":"Bedroom Paintings"},{"value":913,"label":"Relaxing Paintings for the Living Room"}],"product_tag":[{"value":1003,"label":"amanece"},{"value":1004,"label":"islas canarias"},{"value":1005,"label":"series habitar la isla"},{"value":1006,"label":"no war"},{"value":1002,"label":"isla"},{"value":999,"label":"abstracci\u00f3n figurativa"},{"value":974,"label":"lanzarote"},{"value":952,"label":"abstracto"}]},"featured_image_src_large":["https:\/\/lanzaroteartgallery.com\/wp-content\/uploads\/2022\/08\/Crespo-Marite-271367674592FCalima130x90Tec.Mixta_Lienzo-709x1024.jpg",709,1024,true],"author_info":[],"comment_info":"","_links":{"self":[{"href":"https:\/\/lanzaroteartgallery.com\/en\/wp-json\/wp\/v2\/product\/9977","targetHints":{"allow":["GET"]}}],"collection":[{"href":"https:\/\/lanzaroteartgallery.com\/en\/wp-json\/wp\/v2\/product"}],"about":[{"href":"https:\/\/lanzaroteartgallery.com\/en\/wp-json\/wp\/v2\/types\/product"}],"wp:featuredmedia":[{"embeddable":true,"href":"https:\/\/lanzaroteartgallery.com\/en\/wp-json\/wp\/v2\/media\/9976"}],"wp:attachment":[{"href":"https:\/\/lanzaroteartgallery.com\/en\/wp-json\/wp\/v2\/media?parent=9977"}],"wp:term":[{"taxonomy":"product_brand","embeddable":true,"href":"https:\/\/lanzaroteartgallery.com\/en\/wp-json\/wp\/v2\/product_brand?post=9977"},{"taxonomy":"product_cat","embeddable":true,"href":"https:\/\/lanzaroteartgallery.com\/en\/wp-json\/wp\/v2\/product_cat?post=9977"},{"taxonomy":"product_tag","embeddable":true,"href":"https:\/\/lanzaroteartgallery.com\/en\/wp-json\/wp\/v2\/product_tag?post=9977"}],"curies":[{"name":"wp","href":"https:\/\/api.w.org\/{rel}","templated":true}]}}