{"id":9851,"date":"2022-07-15T18:26:15","date_gmt":"2022-07-15T17:26:15","guid":{"rendered":"https:\/\/lanzaroteartgallery.com\/?post_type=product&#038;p=9851"},"modified":"2024-04-19T19:45:41","modified_gmt":"2024-04-19T18:45:41","slug":"camuflaje","status":"publish","type":"product","link":"https:\/\/lanzaroteartgallery.com\/en\/work\/camuflaje\/","title":{"rendered":"Camouflage"},"content":{"rendered":"","protected":false},"excerpt":{"rendered":"<p>Lienzo\/Acr\u00edlico\/Pastel<\/p>\n<p>Canvas\/Acrylic\/Pastel<\/p>\n","protected":false},"featured_media":9852,"template":"","meta":{"_kad_blocks_custom_css":"","_kad_blocks_head_custom_js":"","_kad_blocks_body_custom_js":"","_kad_blocks_footer_custom_js":""},"product_brand":[],"product_cat":[860,601,621,865,910,914,911,909,912,916,915,867,868,869,1449,870,863],"product_tag":[980,1045,1023,922,1051,1050,1028,987],"class_list":{"0":"post-9851","1":"product","2":"type-product","3":"status-publish","4":"has-post-thumbnail","6":"product_cat-abstracto","7":"product_cat-arte-global-artistas","8":"product_cat-begona-lafuente-lopez","9":"product_cat-conceptual","10":"product_cat-cuadro-grande","11":"product_cat-cuadros-decoracion-salon","12":"product_cat-cuadros-decorativos-salon","13":"product_cat-cuadros-grandes-para-salon","14":"product_cat-cuadros-habitacion","15":"product_cat-cuadros-para-dormitorios","16":"product_cat-cuadros-para-salon-modernos","17":"product_cat-escena-de-genero","18":"product_cat-fantasia","19":"product_cat-fashion","20":"product_cat-figurativo","21":"product_cat-paisajismo","22":"product_cat-autorretrato","23":"product_tag-acrilico","24":"product_tag-acrilico-y-pastel","25":"product_tag-lapiz","26":"product_tag-lienzo","27":"product_tag-madera","28":"product_tag-metacrilato","29":"product_tag-paisaje","30":"product_tag-tecnica-mixta","32":"first","33":"instock","34":"taxable","35":"shipping-taxable","36":"purchasable","37":"product-type-simple"},"aioseo_notices":[],"taxonomy_info":{"product_cat":[{"value":860,"label":"Abstract"},{"value":601,"label":"Art Space"},{"value":621,"label":"Bego\u00f1a Lafuente"},{"value":865,"label":"Conceptual"},{"value":910,"label":"Big Picture"},{"value":914,"label":"Paintings Living Room Decoration"},{"value":911,"label":"Decorative Paintings Living Room"},{"value":909,"label":"Large Paintings for the Living Room"},{"value":912,"label":"Bedroom Paintings"},{"value":916,"label":"Bedroom Paintings"},{"value":915,"label":"Modern Living Room Paintings"},{"value":867,"label":"Gender Scene"},{"value":868,"label":"Fantasy"},{"value":869,"label":"Fashion"},{"value":1449,"label":"Figurative"},{"value":870,"label":"Paisajismo"},{"value":863,"label":"Retrato"}],"product_tag":[{"value":980,"label":"acr\u00edlico"},{"value":1045,"label":"acr\u00edlico y pastel"},{"value":1023,"label":"l\u00e1piz"},{"value":922,"label":"lienzo"},{"value":1051,"label":"madera"},{"value":1050,"label":"metacrilato"},{"value":1028,"label":"paisaje"},{"value":987,"label":"t\u00e9cnica mixta"}]},"featured_image_src_large":["https:\/\/lanzaroteartgallery.com\/wp-content\/uploads\/2022\/07\/camuflage-90-x-90-copia.jpg",991,1000,false],"author_info":[],"comment_info":"","_links":{"self":[{"href":"https:\/\/lanzaroteartgallery.com\/en\/wp-json\/wp\/v2\/product\/9851","targetHints":{"allow":["GET"]}}],"collection":[{"href":"https:\/\/lanzaroteartgallery.com\/en\/wp-json\/wp\/v2\/product"}],"about":[{"href":"https:\/\/lanzaroteartgallery.com\/en\/wp-json\/wp\/v2\/types\/product"}],"wp:featuredmedia":[{"embeddable":true,"href":"https:\/\/lanzaroteartgallery.com\/en\/wp-json\/wp\/v2\/media\/9852"}],"wp:attachment":[{"href":"https:\/\/lanzaroteartgallery.com\/en\/wp-json\/wp\/v2\/media?parent=9851"}],"wp:term":[{"taxonomy":"product_brand","embeddable":true,"href":"https:\/\/lanzaroteartgallery.com\/en\/wp-json\/wp\/v2\/product_brand?post=9851"},{"taxonomy":"product_cat","embeddable":true,"href":"https:\/\/lanzaroteartgallery.com\/en\/wp-json\/wp\/v2\/product_cat?post=9851"},{"taxonomy":"product_tag","embeddable":true,"href":"https:\/\/lanzaroteartgallery.com\/en\/wp-json\/wp\/v2\/product_tag?post=9851"}],"curies":[{"name":"wp","href":"https:\/\/api.w.org\/{rel}","templated":true}]}}