{"id":933,"date":"2017-03-24T11:56:49","date_gmt":"2017-03-24T11:56:49","guid":{"rendered":"http:\/\/lanzaroteartgallery.com\/?post_type=product&#038;p=933"},"modified":"2024-06-04T19:36:00","modified_gmt":"2024-06-04T18:36:00","slug":"odalisca","status":"publish","type":"product","link":"https:\/\/lanzaroteartgallery.com\/en\/work\/odalisca\/","title":{"rendered":"Odalisca"},"content":{"rendered":"","protected":false},"excerpt":{"rendered":"","protected":false},"featured_media":929,"template":"","meta":{"_kad_blocks_custom_css":"","_kad_blocks_head_custom_js":"","_kad_blocks_body_custom_js":"","_kad_blocks_footer_custom_js":""},"product_brand":[],"product_cat":[17,865,912,916,867,26,854,866,863],"product_tag":[980,1057,1056,1059,1054,965,1051,1058,956,1055],"class_list":{"0":"post-933","1":"product","2":"type-product","3":"status-publish","4":"has-post-thumbnail","6":"product_cat-artistas","7":"product_cat-conceptual","8":"product_cat-cuadros-habitacion","9":"product_cat-cuadros-para-dormitorios","10":"product_cat-escena-de-genero","11":"product_cat-modesto-roldan","12":"product_cat-pintura","13":"product_cat-desnudo","14":"product_cat-autorretrato","15":"product_tag-acrilico","16":"product_tag-aerografo","17":"product_tag-carton","18":"product_tag-desnudos","19":"product_tag-erotico","20":"product_tag-escenas-de-erotismo","21":"product_tag-madera","22":"product_tag-minotauro","23":"product_tag-mujeres","24":"product_tag-puntillismo","26":"first","27":"instock","28":"taxable","29":"shipping-taxable","30":"purchasable","31":"product-type-simple"},"aioseo_notices":[],"taxonomy_info":{"product_cat":[{"value":17,"label":"Artistas"},{"value":865,"label":"Conceptual"},{"value":912,"label":"Bedroom Paintings"},{"value":916,"label":"Bedroom Paintings"},{"value":867,"label":"Gender Scene"},{"value":26,"label":"Modesto Roldan"},{"value":854,"label":"Painting"},{"value":866,"label":"Nude"},{"value":863,"label":"Retrato"}],"product_tag":[{"value":980,"label":"acr\u00edlico"},{"value":1057,"label":"Aer\u00f3grafo"},{"value":1056,"label":"cart\u00f3n"},{"value":1059,"label":"desnudos"},{"value":1054,"label":"er\u00f3tico"},{"value":965,"label":"escenas de erotismo"},{"value":1051,"label":"madera"},{"value":1058,"label":"Minotauro"},{"value":956,"label":"mujeres"},{"value":1055,"label":"puntillismo"}]},"featured_image_src_large":["https:\/\/lanzaroteartgallery.com\/wp-content\/uploads\/2017\/03\/09-Odalisca-Acrilico-sobre-Tabla-42x54-841x1024.jpg",841,1024,true],"author_info":[],"comment_info":"","_links":{"self":[{"href":"https:\/\/lanzaroteartgallery.com\/en\/wp-json\/wp\/v2\/product\/933","targetHints":{"allow":["GET"]}}],"collection":[{"href":"https:\/\/lanzaroteartgallery.com\/en\/wp-json\/wp\/v2\/product"}],"about":[{"href":"https:\/\/lanzaroteartgallery.com\/en\/wp-json\/wp\/v2\/types\/product"}],"wp:featuredmedia":[{"embeddable":true,"href":"https:\/\/lanzaroteartgallery.com\/en\/wp-json\/wp\/v2\/media\/929"}],"wp:attachment":[{"href":"https:\/\/lanzaroteartgallery.com\/en\/wp-json\/wp\/v2\/media?parent=933"}],"wp:term":[{"taxonomy":"product_brand","embeddable":true,"href":"https:\/\/lanzaroteartgallery.com\/en\/wp-json\/wp\/v2\/product_brand?post=933"},{"taxonomy":"product_cat","embeddable":true,"href":"https:\/\/lanzaroteartgallery.com\/en\/wp-json\/wp\/v2\/product_cat?post=933"},{"taxonomy":"product_tag","embeddable":true,"href":"https:\/\/lanzaroteartgallery.com\/en\/wp-json\/wp\/v2\/product_tag?post=933"}],"curies":[{"name":"wp","href":"https:\/\/api.w.org\/{rel}","templated":true}]}}