{"id":9250,"date":"2022-03-23T15:25:28","date_gmt":"2022-03-23T15:25:28","guid":{"rendered":"https:\/\/lanzaroteartgallery.com\/?post_type=product&#038;p=9250"},"modified":"2023-09-20T18:03:34","modified_gmt":"2023-09-20T17:03:34","slug":"reflejos1","status":"publish","type":"product","link":"https:\/\/lanzaroteartgallery.com\/en\/work\/reflejos1\/","title":{"rendered":"reflejos1"},"content":{"rendered":"<p>Pertenece a la colecci\u00f3n reflejos. La materia tiene la misma importancia pict\u00f3rica que su reflejo, la ilusi\u00f3n y la realidad se confunden.<\/p>\n","protected":false},"excerpt":{"rendered":"<p>Pertenece a la colecci\u00f3n reflejos. La materia tiene la misma importancia pict\u00f3rica que su reflejo, la ilusi\u00f3n y la realidad se confunden.<\/p>\n","protected":false},"featured_media":9226,"template":"","meta":{"_kad_blocks_custom_css":"","_kad_blocks_head_custom_js":"","_kad_blocks_body_custom_js":"","_kad_blocks_footer_custom_js":""},"product_brand":[],"product_cat":[865,910,914,911,909,912,916,915,913,867,562,862,870,854,872],"product_tag":[980,1297,1295,1298,1296,1299,922,1294,987,1293],"class_list":{"0":"post-9250","1":"product","2":"type-product","3":"status-publish","4":"has-post-thumbnail","6":"product_cat-conceptual","7":"product_cat-cuadro-grande","8":"product_cat-cuadros-decoracion-salon","9":"product_cat-cuadros-decorativos-salon","10":"product_cat-cuadros-grandes-para-salon","11":"product_cat-cuadros-habitacion","12":"product_cat-cuadros-para-dormitorios","13":"product_cat-cuadros-para-salon-modernos","14":"product_cat-cuadros-relajantes-para-salon","15":"product_cat-escena-de-genero","16":"product_cat-maite-canto-equisoain-1973","17":"product_cat-naturaleza","18":"product_cat-paisajismo","19":"product_cat-pintura","20":"product_cat-street-art","21":"product_tag-acrilico","22":"product_tag-arbol","23":"product_tag-cascada","24":"product_tag-conjunto-constructivo","25":"product_tag-gruas","26":"product_tag-humedo-acuoso","27":"product_tag-lienzo","28":"product_tag-puentes","29":"product_tag-tecnica-mixta","30":"product_tag-vinas","32":"first","33":"instock","34":"taxable","35":"shipping-taxable","36":"purchasable","37":"product-type-simple"},"aioseo_notices":[],"taxonomy_info":{"product_cat":[{"value":865,"label":"Conceptual"},{"value":910,"label":"Big Picture"},{"value":914,"label":"Paintings Living Room Decoration"},{"value":911,"label":"Decorative Paintings Living Room"},{"value":909,"label":"Large Paintings for the Living Room"},{"value":912,"label":"Bedroom Paintings"},{"value":916,"label":"Bedroom Paintings"},{"value":915,"label":"Modern Living Room Paintings"},{"value":913,"label":"Relaxing Paintings for the Living Room"},{"value":867,"label":"Gender Scene"},{"value":562,"label":"Maite Cant\u00f3 Equisoain"},{"value":862,"label":"Naturaleza"},{"value":870,"label":"Paisajismo"},{"value":854,"label":"Painting"},{"value":872,"label":"Street Art"}],"product_tag":[{"value":980,"label":"acr\u00edlico"},{"value":1297,"label":"\u00e1rbol"},{"value":1295,"label":"cascada"},{"value":1298,"label":"conjunto constructivo"},{"value":1296,"label":"gr\u00faas"},{"value":1299,"label":"humedo acuoso"},{"value":922,"label":"lienzo"},{"value":1294,"label":"puentes"},{"value":987,"label":"t\u00e9cnica mixta"},{"value":1293,"label":"Vi\u00f1as"}]},"featured_image_src_large":["https:\/\/lanzaroteartgallery.com\/wp-content\/uploads\/2022\/03\/CantC3B3Equisoain-Maite-18595523T2FREFLEJOS1OCC81leosobrelienzo100x81cm.jpg",600,450,false],"author_info":[],"comment_info":"","_links":{"self":[{"href":"https:\/\/lanzaroteartgallery.com\/en\/wp-json\/wp\/v2\/product\/9250","targetHints":{"allow":["GET"]}}],"collection":[{"href":"https:\/\/lanzaroteartgallery.com\/en\/wp-json\/wp\/v2\/product"}],"about":[{"href":"https:\/\/lanzaroteartgallery.com\/en\/wp-json\/wp\/v2\/types\/product"}],"wp:featuredmedia":[{"embeddable":true,"href":"https:\/\/lanzaroteartgallery.com\/en\/wp-json\/wp\/v2\/media\/9226"}],"wp:attachment":[{"href":"https:\/\/lanzaroteartgallery.com\/en\/wp-json\/wp\/v2\/media?parent=9250"}],"wp:term":[{"taxonomy":"product_brand","embeddable":true,"href":"https:\/\/lanzaroteartgallery.com\/en\/wp-json\/wp\/v2\/product_brand?post=9250"},{"taxonomy":"product_cat","embeddable":true,"href":"https:\/\/lanzaroteartgallery.com\/en\/wp-json\/wp\/v2\/product_cat?post=9250"},{"taxonomy":"product_tag","embeddable":true,"href":"https:\/\/lanzaroteartgallery.com\/en\/wp-json\/wp\/v2\/product_tag?post=9250"}],"curies":[{"name":"wp","href":"https:\/\/api.w.org\/{rel}","templated":true}]}}