{"id":9237,"date":"2022-03-23T15:25:10","date_gmt":"2022-03-23T15:25:10","guid":{"rendered":"https:\/\/lanzaroteartgallery.com\/?post_type=product&#038;p=9237"},"modified":"2023-06-15T13:18:04","modified_gmt":"2023-06-15T12:18:04","slug":"red-nest","status":"publish","type":"product","link":"https:\/\/lanzaroteartgallery.com\/en\/work\/red-nest-2\/","title":{"rendered":"red nest"},"content":{"rendered":"<p>Red es un peque\u00f1o manto de suelo, en el que se mezclan follaje, ra\u00edces y plantas. Todo est\u00e1 desestructurado como si le hubiese afectado un se\u00edsmo formando las ondas del suelo de la obra y definiendo la gracilidad de su movimiento.<\/p>\n","protected":false},"excerpt":{"rendered":"<p>Fibra de vidrio y resina. Pertenece a la Colecci\u00f3n Nest.<\/p>\n","protected":false},"featured_media":9200,"template":"","meta":{"_kad_blocks_custom_css":"","_kad_blocks_head_custom_js":"","_kad_blocks_body_custom_js":"","_kad_blocks_footer_custom_js":""},"product_brand":[],"product_cat":[874,876,910,914,911,912,915,913,855,880,562],"product_tag":[1303,1307,1302,1304,1305,1301,1300,1306],"class_list":{"0":"post-9237","1":"product","2":"type-product","3":"status-publish","4":"has-post-thumbnail","6":"product_cat-abstraccion","7":"product_cat-conceptual-escultura","8":"product_cat-cuadro-grande","9":"product_cat-cuadros-decoracion-salon","10":"product_cat-cuadros-decorativos-salon","11":"product_cat-cuadros-habitacion","12":"product_cat-cuadros-para-salon-modernos","13":"product_cat-cuadros-relajantes-para-salon","14":"product_cat-escultura","15":"product_cat-fantasia-escultura","16":"product_cat-maite-canto-equisoain-1973","17":"product_tag-blue","18":"product_tag-escultura-fibra","19":"product_tag-fibra-de-vidrio","20":"product_tag-fire","21":"product_tag-green","22":"product_tag-resina","23":"product_tag-tejido","24":"product_tag-yellow","26":"first","27":"instock","28":"taxable","29":"shipping-taxable","30":"purchasable","31":"product-type-simple"},"aioseo_notices":[],"taxonomy_info":{"product_cat":[{"value":874,"label":"Abstracci\u00f3n"},{"value":876,"label":"Conceptual"},{"value":910,"label":"Big Picture"},{"value":914,"label":"Paintings Living Room Decoration"},{"value":911,"label":"Decorative Paintings Living Room"},{"value":912,"label":"Bedroom Paintings"},{"value":915,"label":"Modern Living Room Paintings"},{"value":913,"label":"Relaxing Paintings for the Living Room"},{"value":855,"label":"Sculpture"},{"value":880,"label":"Fantasy"},{"value":562,"label":"Maite Cant\u00f3 Equisoain"}],"product_tag":[{"value":1303,"label":"blue"},{"value":1307,"label":"escultura fibra"},{"value":1302,"label":"Fibra de Vidrio"},{"value":1304,"label":"fire"},{"value":1305,"label":"green"},{"value":1301,"label":"resina"},{"value":1300,"label":"tejido"},{"value":1306,"label":"yellow"}]},"featured_image_src_large":["https:\/\/lanzaroteartgallery.com\/wp-content\/uploads\/2022\/03\/CantC3B3Equisoain-Maite-18595523T2Frojo-1024x410.jpg",1024,410,true],"author_info":[],"comment_info":"","_links":{"self":[{"href":"https:\/\/lanzaroteartgallery.com\/en\/wp-json\/wp\/v2\/product\/9237","targetHints":{"allow":["GET"]}}],"collection":[{"href":"https:\/\/lanzaroteartgallery.com\/en\/wp-json\/wp\/v2\/product"}],"about":[{"href":"https:\/\/lanzaroteartgallery.com\/en\/wp-json\/wp\/v2\/types\/product"}],"wp:featuredmedia":[{"embeddable":true,"href":"https:\/\/lanzaroteartgallery.com\/en\/wp-json\/wp\/v2\/media\/9200"}],"wp:attachment":[{"href":"https:\/\/lanzaroteartgallery.com\/en\/wp-json\/wp\/v2\/media?parent=9237"}],"wp:term":[{"taxonomy":"product_brand","embeddable":true,"href":"https:\/\/lanzaroteartgallery.com\/en\/wp-json\/wp\/v2\/product_brand?post=9237"},{"taxonomy":"product_cat","embeddable":true,"href":"https:\/\/lanzaroteartgallery.com\/en\/wp-json\/wp\/v2\/product_cat?post=9237"},{"taxonomy":"product_tag","embeddable":true,"href":"https:\/\/lanzaroteartgallery.com\/en\/wp-json\/wp\/v2\/product_tag?post=9237"}],"curies":[{"name":"wp","href":"https:\/\/api.w.org\/{rel}","templated":true}]}}