{"id":9231,"date":"2022-03-23T15:25:05","date_gmt":"2022-03-23T15:25:05","guid":{"rendered":"https:\/\/lanzaroteartgallery.com\/?post_type=product&#038;p=9231"},"modified":"2024-04-22T20:14:37","modified_gmt":"2024-04-22T19:14:37","slug":"h2o-nina","status":"publish","type":"product","link":"https:\/\/lanzaroteartgallery.com\/en\/work\/h2o-nina\/","title":{"rendered":"h2O Ni\u00f1a"},"content":{"rendered":"<p>Pertenece a la colecci\u00f3n Colectivo h2O El agua forma y deforma los cuerpos que parecen moldeables. Los procesos de sedimentaci\u00f3n, de goteo, de craquelado\u2026modifican la masa. Somos agua.<\/p>\n","protected":false},"excerpt":{"rendered":"<p>Pertenece a la colecci\u00f3n Colectivo h2O El agua forma y deforma los cuerpos que parecen moldeables. Los procesos de sedimentaci\u00f3n, de goteo, de craquelado\u2026modifican la masa. Somos agua.<\/p>\n","protected":false},"featured_media":9188,"template":"","meta":{"_kad_blocks_custom_css":"","_kad_blocks_head_custom_js":"","_kad_blocks_body_custom_js":"","_kad_blocks_footer_custom_js":""},"product_brand":[],"product_cat":[17,865,910,914,911,909,912,916,915,913,867,562,862,870,854,863,872],"product_tag":[980,1297,1295,1298,1296,1299,922,1294,987,1293],"class_list":{"0":"post-9231","1":"product","2":"type-product","3":"status-publish","4":"has-post-thumbnail","6":"product_cat-artistas","7":"product_cat-conceptual","8":"product_cat-cuadro-grande","9":"product_cat-cuadros-decoracion-salon","10":"product_cat-cuadros-decorativos-salon","11":"product_cat-cuadros-grandes-para-salon","12":"product_cat-cuadros-habitacion","13":"product_cat-cuadros-para-dormitorios","14":"product_cat-cuadros-para-salon-modernos","15":"product_cat-cuadros-relajantes-para-salon","16":"product_cat-escena-de-genero","17":"product_cat-maite-canto-equisoain-1973","18":"product_cat-naturaleza","19":"product_cat-paisajismo","20":"product_cat-pintura","21":"product_cat-autorretrato","22":"product_cat-street-art","23":"product_tag-acrilico","24":"product_tag-arbol","25":"product_tag-cascada","26":"product_tag-conjunto-constructivo","27":"product_tag-gruas","28":"product_tag-humedo-acuoso","29":"product_tag-lienzo","30":"product_tag-puentes","31":"product_tag-tecnica-mixta","32":"product_tag-vinas","34":"first","35":"instock","36":"taxable","37":"shipping-taxable","38":"purchasable","39":"product-type-simple"},"aioseo_notices":[],"taxonomy_info":{"product_cat":[{"value":17,"label":"Artistas"},{"value":865,"label":"Conceptual"},{"value":910,"label":"Big Picture"},{"value":914,"label":"Paintings Living Room Decoration"},{"value":911,"label":"Decorative Paintings Living Room"},{"value":909,"label":"Large Paintings for the Living Room"},{"value":912,"label":"Bedroom Paintings"},{"value":916,"label":"Bedroom Paintings"},{"value":915,"label":"Modern Living Room Paintings"},{"value":913,"label":"Relaxing Paintings for the Living Room"},{"value":867,"label":"Gender Scene"},{"value":562,"label":"Maite Cant\u00f3 Equisoain"},{"value":862,"label":"Naturaleza"},{"value":870,"label":"Paisajismo"},{"value":854,"label":"Painting"},{"value":863,"label":"Retrato"},{"value":872,"label":"Street Art"}],"product_tag":[{"value":980,"label":"acr\u00edlico"},{"value":1297,"label":"\u00e1rbol"},{"value":1295,"label":"cascada"},{"value":1298,"label":"conjunto constructivo"},{"value":1296,"label":"gr\u00faas"},{"value":1299,"label":"humedo acuoso"},{"value":922,"label":"lienzo"},{"value":1294,"label":"puentes"},{"value":987,"label":"t\u00e9cnica mixta"},{"value":1293,"label":"Vi\u00f1as"}]},"featured_image_src_large":["https:\/\/lanzaroteartgallery.com\/wp-content\/uploads\/2022\/03\/CantC3B3Equisoain-Maite-18595523T2FniC3B1a130x162-.jpg",655,850,false],"author_info":[],"comment_info":"","_links":{"self":[{"href":"https:\/\/lanzaroteartgallery.com\/en\/wp-json\/wp\/v2\/product\/9231","targetHints":{"allow":["GET"]}}],"collection":[{"href":"https:\/\/lanzaroteartgallery.com\/en\/wp-json\/wp\/v2\/product"}],"about":[{"href":"https:\/\/lanzaroteartgallery.com\/en\/wp-json\/wp\/v2\/types\/product"}],"wp:featuredmedia":[{"embeddable":true,"href":"https:\/\/lanzaroteartgallery.com\/en\/wp-json\/wp\/v2\/media\/9188"}],"wp:attachment":[{"href":"https:\/\/lanzaroteartgallery.com\/en\/wp-json\/wp\/v2\/media?parent=9231"}],"wp:term":[{"taxonomy":"product_brand","embeddable":true,"href":"https:\/\/lanzaroteartgallery.com\/en\/wp-json\/wp\/v2\/product_brand?post=9231"},{"taxonomy":"product_cat","embeddable":true,"href":"https:\/\/lanzaroteartgallery.com\/en\/wp-json\/wp\/v2\/product_cat?post=9231"},{"taxonomy":"product_tag","embeddable":true,"href":"https:\/\/lanzaroteartgallery.com\/en\/wp-json\/wp\/v2\/product_tag?post=9231"}],"curies":[{"name":"wp","href":"https:\/\/api.w.org\/{rel}","templated":true}]}}