{"id":8965,"date":"2022-03-05T10:56:00","date_gmt":"2022-03-05T10:56:00","guid":{"rendered":"https:\/\/lanzaroteartgallery.com\/?post_type=product&#038;p=8965"},"modified":"2024-10-07T19:09:06","modified_gmt":"2024-10-07T18:09:06","slug":"mixtura-de-cuerpos-xvi","status":"publish","type":"product","link":"https:\/\/lanzaroteartgallery.com\/en\/work\/mixtura-de-cuerpos-xvi\/","title":{"rendered":"Mixtura de Cuerpos XVI"},"content":{"rendered":"<p>La belleza de la figura femenina en conjunci\u00f3n con la belleza natural en la creaci\u00f3n de un mundo on\u00edrico.<\/p>\n","protected":false},"excerpt":{"rendered":"<p>La belleza de la figura femenina en conjunci\u00f3n con la belleza natural en la creaci\u00f3n de un mundo on\u00edrico.<\/p>\n","protected":false},"featured_media":8964,"template":"","meta":{"_kad_blocks_custom_css":"","_kad_blocks_head_custom_js":"","_kad_blocks_body_custom_js":"","_kad_blocks_footer_custom_js":""},"product_brand":[],"product_cat":[900,600,917,857,904,905,906,1449,896],"product_tag":[1015,1021,1016,964,1020,1025,937,1019,1024,957,1023,1013,1014,956,926,1012,1017,1018,1026,987,1022],"class_list":{"0":"post-8965","1":"product","2":"type-product","3":"status-publish","4":"has-post-thumbnail","6":"product_cat-abstraccion-dibujo","7":"product_cat-ale-feijo","8":"product_cat-cuadros-para-pasillos","9":"product_cat-dibujo","10":"product_cat-desnudo-dibujo","11":"product_cat-escena-de-genero-dibujo","12":"product_cat-fashion-dibujo","13":"product_cat-figurativo","14":"product_cat-retrato-dibujo","15":"product_tag-belleza","16":"product_tag-cicatrices","17":"product_tag-cuerpo-perfecto","18":"product_tag-cuerpos","19":"product_tag-cuerpos-de-mujeres-de-50","20":"product_tag-delicado","21":"product_tag-desnudo","22":"product_tag-expresionismo-figurativo","23":"product_tag-grafito","24":"product_tag-hombres","25":"product_tag-lapiz","26":"product_tag-libertad","27":"product_tag-libres","28":"product_tag-mujeres","29":"product_tag-papel","30":"product_tag-piel","31":"product_tag-poetica","32":"product_tag-sensaciones","33":"product_tag-sutil","34":"product_tag-tecnica-mixta","35":"product_tag-tinta","37":"first","38":"instock","39":"taxable","40":"shipping-taxable","41":"purchasable","42":"product-type-simple"},"aioseo_notices":[],"taxonomy_info":{"product_cat":[{"value":900,"label":"Abstracci\u00f3n"},{"value":600,"label":"Ale Feij\u00f3"},{"value":917,"label":"Corridor Paintings"},{"value":857,"label":"Drawing"},{"value":904,"label":"Desnudo"},{"value":905,"label":"Gender Scene"},{"value":906,"label":"Fashion"},{"value":1449,"label":"Figurative"},{"value":896,"label":"Retrato"}],"product_tag":[{"value":1015,"label":"belleza"},{"value":1021,"label":"cicatrices"},{"value":1016,"label":"cuerpo perfecto"},{"value":964,"label":"cuerpos"},{"value":1020,"label":"cuerpos de mujeres de 50"},{"value":1025,"label":"delicado"},{"value":937,"label":"Desnudo"},{"value":1019,"label":"expresionismo figurativo"},{"value":1024,"label":"grafito"},{"value":957,"label":"hombres"},{"value":1023,"label":"l\u00e1piz"},{"value":1013,"label":"libertad"},{"value":1014,"label":"libres"},{"value":956,"label":"mujeres"},{"value":926,"label":"papel"},{"value":1012,"label":"piel"},{"value":1017,"label":"po\u00e9tica"},{"value":1018,"label":"sensaciones"},{"value":1026,"label":"sutil"},{"value":987,"label":"t\u00e9cnica mixta"},{"value":1022,"label":"tinta"}]},"featured_image_src_large":["https:\/\/lanzaroteartgallery.com\/wp-content\/uploads\/2022\/03\/FeijC3B3-Ale-178019222FMixturadeCuerposXVImarco-1024x989.jpg",1024,989,true],"author_info":[],"comment_info":"","_links":{"self":[{"href":"https:\/\/lanzaroteartgallery.com\/en\/wp-json\/wp\/v2\/product\/8965","targetHints":{"allow":["GET"]}}],"collection":[{"href":"https:\/\/lanzaroteartgallery.com\/en\/wp-json\/wp\/v2\/product"}],"about":[{"href":"https:\/\/lanzaroteartgallery.com\/en\/wp-json\/wp\/v2\/types\/product"}],"wp:featuredmedia":[{"embeddable":true,"href":"https:\/\/lanzaroteartgallery.com\/en\/wp-json\/wp\/v2\/media\/8964"}],"wp:attachment":[{"href":"https:\/\/lanzaroteartgallery.com\/en\/wp-json\/wp\/v2\/media?parent=8965"}],"wp:term":[{"taxonomy":"product_brand","embeddable":true,"href":"https:\/\/lanzaroteartgallery.com\/en\/wp-json\/wp\/v2\/product_brand?post=8965"},{"taxonomy":"product_cat","embeddable":true,"href":"https:\/\/lanzaroteartgallery.com\/en\/wp-json\/wp\/v2\/product_cat?post=8965"},{"taxonomy":"product_tag","embeddable":true,"href":"https:\/\/lanzaroteartgallery.com\/en\/wp-json\/wp\/v2\/product_tag?post=8965"}],"curies":[{"name":"wp","href":"https:\/\/api.w.org\/{rel}","templated":true}]}}