{"id":8902,"date":"2022-03-05T09:49:02","date_gmt":"2022-03-05T09:49:02","guid":{"rendered":"https:\/\/lanzaroteartgallery.com\/?post_type=product&#038;p=8902"},"modified":"2023-09-21T10:50:17","modified_gmt":"2023-09-21T09:50:17","slug":"con-fin-ii-2","status":"publish","type":"product","link":"https:\/\/lanzaroteartgallery.com\/en\/work\/con-fin-ii-2\/","title":{"rendered":"Con-Fin II"},"content":{"rendered":"","protected":false},"excerpt":{"rendered":"<p>La serie \u201cCon-fin\u201dintenta transmutar el sentimiento de encierro y transformarlo en espacio de libertad. Es intentar que esa l\u00ednea imaginaria lejana se acerque hasta poder saltarla. Es salir desde un lugar inm\u00f3vil a un espacio sin l\u00edmites . Es intentar encontrar esa libertad en mi interior.Libertad de crear. Libertad de ser.<\/p>\n","protected":false},"featured_media":9001,"template":"","meta":{"_kad_blocks_custom_css":"","_kad_blocks_head_custom_js":"","_kad_blocks_body_custom_js":"","_kad_blocks_footer_custom_js":""},"product_brand":[],"product_cat":[860,601,865,911,912,916,917,868,854],"product_tag":[922,987],"class_list":{"0":"post-8902","1":"product","2":"type-product","3":"status-publish","4":"has-post-thumbnail","6":"product_cat-abstracto","7":"product_cat-arte-global-artistas","8":"product_cat-conceptual","9":"product_cat-cuadros-decorativos-salon","10":"product_cat-cuadros-habitacion","11":"product_cat-cuadros-para-dormitorios","12":"product_cat-cuadros-para-pasillos","13":"product_cat-fantasia","14":"product_cat-pintura","15":"product_tag-lienzo","16":"product_tag-tecnica-mixta","18":"first","19":"instock","20":"taxable","21":"shipping-taxable","22":"purchasable","23":"product-type-simple"},"aioseo_notices":[],"taxonomy_info":{"product_cat":[{"value":860,"label":"Abstract"},{"value":601,"label":"Art Space"},{"value":865,"label":"Conceptual"},{"value":911,"label":"Decorative Paintings Living Room"},{"value":912,"label":"Bedroom Paintings"},{"value":916,"label":"Bedroom Paintings"},{"value":917,"label":"Corridor Paintings"},{"value":868,"label":"Fantasy"},{"value":854,"label":"Painting"}],"product_tag":[{"value":922,"label":"lienzo"},{"value":987,"label":"t\u00e9cnica mixta"}]},"featured_image_src_large":["https:\/\/lanzaroteartgallery.com\/wp-content\/uploads\/2022\/03\/Marina-Lobato-Confin-I-1024x1024.webp",1024,1024,true],"author_info":[],"comment_info":"","_links":{"self":[{"href":"https:\/\/lanzaroteartgallery.com\/en\/wp-json\/wp\/v2\/product\/8902","targetHints":{"allow":["GET"]}}],"collection":[{"href":"https:\/\/lanzaroteartgallery.com\/en\/wp-json\/wp\/v2\/product"}],"about":[{"href":"https:\/\/lanzaroteartgallery.com\/en\/wp-json\/wp\/v2\/types\/product"}],"wp:featuredmedia":[{"embeddable":true,"href":"https:\/\/lanzaroteartgallery.com\/en\/wp-json\/wp\/v2\/media\/9001"}],"wp:attachment":[{"href":"https:\/\/lanzaroteartgallery.com\/en\/wp-json\/wp\/v2\/media?parent=8902"}],"wp:term":[{"taxonomy":"product_brand","embeddable":true,"href":"https:\/\/lanzaroteartgallery.com\/en\/wp-json\/wp\/v2\/product_brand?post=8902"},{"taxonomy":"product_cat","embeddable":true,"href":"https:\/\/lanzaroteartgallery.com\/en\/wp-json\/wp\/v2\/product_cat?post=8902"},{"taxonomy":"product_tag","embeddable":true,"href":"https:\/\/lanzaroteartgallery.com\/en\/wp-json\/wp\/v2\/product_tag?post=8902"}],"curies":[{"name":"wp","href":"https:\/\/api.w.org\/{rel}","templated":true}]}}