{"id":8809,"date":"2022-03-04T19:15:48","date_gmt":"2022-03-04T19:15:48","guid":{"rendered":"https:\/\/lanzaroteartgallery.com\/?post_type=product&#038;p=8809"},"modified":"2023-09-21T11:27:50","modified_gmt":"2023-09-21T10:27:50","slug":"la-genio-de-la-lampara","status":"publish","type":"product","link":"https:\/\/lanzaroteartgallery.com\/en\/work\/la-genio-de-la-lampara\/","title":{"rendered":"La genio de la l\u00e1mpara"},"content":{"rendered":"<p>La genio de la l\u00e1mpara busca recuperar la magia y el esp\u00edritu l\u00fadico de la infancia.<\/p>\n","protected":false},"excerpt":{"rendered":"<p class=\"qtranxs-available-languages-message qtranxs-available-languages-message-en\">Sorry, this entry is only available in <a href=\"https:\/\/lanzaroteartgallery.com\/es\/wp-json\/wp\/v2\/product\/8809\" class=\"qtranxs-available-language-link qtranxs-available-language-link-es\" title=\"ES\">ES<\/a>.<\/p>\n<p>La genio de la l\u00e1mpara busca recuperar la magia y el esp\u00edritu l\u00fadico de la infancia.<\/p>\n","protected":false},"featured_media":8808,"template":"","meta":{"_kad_blocks_custom_css":"","_kad_blocks_head_custom_js":"","_kad_blocks_body_custom_js":"","_kad_blocks_footer_custom_js":""},"product_brand":[],"product_cat":[601,865,910,914,911,912,913,857,867,1449,854,863,896],"product_tag":[1271,1024,1023,926,1022],"class_list":{"0":"post-8809","1":"product","2":"type-product","3":"status-publish","4":"has-post-thumbnail","6":"product_cat-arte-global-artistas","7":"product_cat-conceptual","8":"product_cat-cuadro-grande","9":"product_cat-cuadros-decoracion-salon","10":"product_cat-cuadros-decorativos-salon","11":"product_cat-cuadros-habitacion","12":"product_cat-cuadros-relajantes-para-salon","13":"product_cat-dibujo","14":"product_cat-escena-de-genero","15":"product_cat-figurativo","16":"product_cat-pintura","17":"product_cat-autorretrato","18":"product_cat-retrato-dibujo","19":"product_tag-acuarela","20":"product_tag-grafito","21":"product_tag-lapiz","22":"product_tag-papel","23":"product_tag-tinta","25":"first","26":"instock","27":"taxable","28":"shipping-taxable","29":"purchasable","30":"product-type-simple"},"aioseo_notices":[],"taxonomy_info":{"product_cat":[{"value":601,"label":"Art Space"},{"value":865,"label":"Conceptual"},{"value":910,"label":"Big Picture"},{"value":914,"label":"Paintings Living Room Decoration"},{"value":911,"label":"Decorative Paintings Living Room"},{"value":912,"label":"Bedroom Paintings"},{"value":913,"label":"Relaxing Paintings for the Living Room"},{"value":857,"label":"Drawing"},{"value":867,"label":"Gender Scene"},{"value":1449,"label":"Figurative"},{"value":854,"label":"Painting"},{"value":863,"label":"Retrato"},{"value":896,"label":"Retrato"}],"product_tag":[{"value":1271,"label":"acuarela"},{"value":1024,"label":"grafito"},{"value":1023,"label":"l\u00e1piz"},{"value":926,"label":"papel"},{"value":1022,"label":"tinta"}]},"featured_image_src_large":["https:\/\/lanzaroteartgallery.com\/wp-content\/uploads\/2022\/03\/Delgado-Laura-268362662F2016LageniodelalC3A1mparaoleostela120x150-1024x813.jpg",1024,813,true],"author_info":[],"comment_info":"","_links":{"self":[{"href":"https:\/\/lanzaroteartgallery.com\/en\/wp-json\/wp\/v2\/product\/8809","targetHints":{"allow":["GET"]}}],"collection":[{"href":"https:\/\/lanzaroteartgallery.com\/en\/wp-json\/wp\/v2\/product"}],"about":[{"href":"https:\/\/lanzaroteartgallery.com\/en\/wp-json\/wp\/v2\/types\/product"}],"wp:featuredmedia":[{"embeddable":true,"href":"https:\/\/lanzaroteartgallery.com\/en\/wp-json\/wp\/v2\/media\/8808"}],"wp:attachment":[{"href":"https:\/\/lanzaroteartgallery.com\/en\/wp-json\/wp\/v2\/media?parent=8809"}],"wp:term":[{"taxonomy":"product_brand","embeddable":true,"href":"https:\/\/lanzaroteartgallery.com\/en\/wp-json\/wp\/v2\/product_brand?post=8809"},{"taxonomy":"product_cat","embeddable":true,"href":"https:\/\/lanzaroteartgallery.com\/en\/wp-json\/wp\/v2\/product_cat?post=8809"},{"taxonomy":"product_tag","embeddable":true,"href":"https:\/\/lanzaroteartgallery.com\/en\/wp-json\/wp\/v2\/product_tag?post=8809"}],"curies":[{"name":"wp","href":"https:\/\/api.w.org\/{rel}","templated":true}]}}