{"id":8804,"date":"2022-03-04T18:53:02","date_gmt":"2022-03-04T18:53:02","guid":{"rendered":"https:\/\/lanzaroteartgallery.com\/?post_type=product&#038;p=8804"},"modified":"2023-09-21T12:46:28","modified_gmt":"2023-09-21T11:46:28","slug":"legados-raices-y-costuras","status":"publish","type":"product","link":"https:\/\/lanzaroteartgallery.com\/en\/work\/legados-raices-y-costuras\/","title":{"rendered":"Legados, Raices y costuras"},"content":{"rendered":"<p>\/ De las formas de habitarnos \/ Estas tintas forman parte de la serie Paisaje interior. De que forma nos habitamos? Que conforma nuestro paisaje \u00edntimo? Qu\u00e9 colores? Que huellas? Cuantas historias encierran nuestra geograf\u00edas?<\/p>\n","protected":false},"excerpt":{"rendered":"<p>obra realizada en papel, con intervenci\u00f3n de costuras e hilados.<\/p>\n","protected":false},"featured_media":0,"template":"","meta":{"_kad_blocks_custom_css":"","_kad_blocks_head_custom_js":"","_kad_blocks_body_custom_js":"","_kad_blocks_footer_custom_js":""},"product_brand":[],"product_cat":[860,601,864,865,916,917,915,869,854],"product_tag":[1434,926,987],"class_list":{"0":"post-8804","1":"product","2":"type-product","3":"status-publish","5":"product_cat-abstracto","6":"product_cat-arte-global-artistas","7":"product_cat-bodegon","8":"product_cat-conceptual","9":"product_cat-cuadros-para-dormitorios","10":"product_cat-cuadros-para-pasillos","11":"product_cat-cuadros-para-salon-modernos","12":"product_cat-fashion","13":"product_cat-pintura","14":"product_tag-con-intervencion-de-hilados","15":"product_tag-papel","16":"product_tag-tecnica-mixta","18":"first","19":"instock","20":"taxable","21":"shipping-taxable","22":"purchasable","23":"product-type-simple"},"aioseo_notices":[],"taxonomy_info":{"product_cat":[{"value":860,"label":"Abstract"},{"value":601,"label":"Art Space"},{"value":864,"label":"Still life"},{"value":865,"label":"Conceptual"},{"value":916,"label":"Bedroom Paintings"},{"value":917,"label":"Corridor Paintings"},{"value":915,"label":"Modern Living Room Paintings"},{"value":869,"label":"Fashion"},{"value":854,"label":"Painting"}],"product_tag":[{"value":1434,"label":"con intervenci\u00f3n de hilados"},{"value":926,"label":"papel"},{"value":987,"label":"t\u00e9cnica mixta"}]},"featured_image_src_large":false,"author_info":[],"comment_info":"","_links":{"self":[{"href":"https:\/\/lanzaroteartgallery.com\/en\/wp-json\/wp\/v2\/product\/8804","targetHints":{"allow":["GET"]}}],"collection":[{"href":"https:\/\/lanzaroteartgallery.com\/en\/wp-json\/wp\/v2\/product"}],"about":[{"href":"https:\/\/lanzaroteartgallery.com\/en\/wp-json\/wp\/v2\/types\/product"}],"wp:attachment":[{"href":"https:\/\/lanzaroteartgallery.com\/en\/wp-json\/wp\/v2\/media?parent=8804"}],"wp:term":[{"taxonomy":"product_brand","embeddable":true,"href":"https:\/\/lanzaroteartgallery.com\/en\/wp-json\/wp\/v2\/product_brand?post=8804"},{"taxonomy":"product_cat","embeddable":true,"href":"https:\/\/lanzaroteartgallery.com\/en\/wp-json\/wp\/v2\/product_cat?post=8804"},{"taxonomy":"product_tag","embeddable":true,"href":"https:\/\/lanzaroteartgallery.com\/en\/wp-json\/wp\/v2\/product_tag?post=8804"}],"curies":[{"name":"wp","href":"https:\/\/api.w.org\/{rel}","templated":true}]}}