{"id":8791,"date":"2022-03-04T18:27:24","date_gmt":"2022-03-04T18:27:24","guid":{"rendered":"https:\/\/lanzaroteartgallery.com\/?post_type=product&#038;p=8791"},"modified":"2023-09-21T13:07:54","modified_gmt":"2023-09-21T12:07:54","slug":"desde-el-alma","status":"publish","type":"product","link":"https:\/\/lanzaroteartgallery.com\/en\/work\/desde-el-alma\/","title":{"rendered":"Desde el alma"},"content":{"rendered":"<p>Collage realizado en soporte de papel profesional apto para acr\u00edlico, de 420 g. Pintura acr\u00edlica, l\u00e1piz graso, papel reciclado de moldes de costura antiguos del a\u00f1o 70, partituras de tango del a\u00f1o 40. Sobre soporte de papel misionero para enmarcar la figura.<\/p>\n","protected":false},"excerpt":{"rendered":"<p>Papel antiguo reciclado, partituras de tango antiguas, soporte l\u00e1mina profesional para acr\u00edlico, 420 g. Papel misionero.<\/p>\n","protected":false},"featured_media":8790,"template":"","meta":{"_kad_blocks_custom_css":"","_kad_blocks_head_custom_js":"","_kad_blocks_body_custom_js":"","_kad_blocks_footer_custom_js":""},"product_brand":[],"product_cat":[601,914,916,917,867,1449,854,863],"product_tag":[1422,926,1435,1436,1437],"class_list":{"0":"post-8791","1":"product","2":"type-product","3":"status-publish","4":"has-post-thumbnail","6":"product_cat-arte-global-artistas","7":"product_cat-cuadros-decoracion-salon","8":"product_cat-cuadros-para-dormitorios","9":"product_cat-cuadros-para-pasillos","10":"product_cat-escena-de-genero","11":"product_cat-figurativo","12":"product_cat-pintura","13":"product_cat-autorretrato","14":"product_tag-acrilico-y-collage","15":"product_tag-papel","16":"product_tag-papel-antiguo-reciclado","17":"product_tag-partituras-de-tango-antiguas","18":"product_tag-soporte-lamina-profesional-para-acrilico","20":"first","21":"instock","22":"taxable","23":"shipping-taxable","24":"purchasable","25":"product-type-simple"},"aioseo_notices":[],"taxonomy_info":{"product_cat":[{"value":601,"label":"Art Space"},{"value":914,"label":"Paintings Living Room Decoration"},{"value":916,"label":"Bedroom Paintings"},{"value":917,"label":"Corridor Paintings"},{"value":867,"label":"Gender Scene"},{"value":1449,"label":"Figurative"},{"value":854,"label":"Painting"},{"value":863,"label":"Retrato"}],"product_tag":[{"value":1422,"label":"acr\u00edlico y collage"},{"value":926,"label":"papel"},{"value":1435,"label":"Papel antiguo reciclado"},{"value":1436,"label":"partituras de tango antiguas"},{"value":1437,"label":"soporte l\u00e1mina profesional para acr\u00edlico"}]},"featured_image_src_large":["https:\/\/lanzaroteartgallery.com\/wp-content\/uploads\/2022\/03\/Bastida-SandraIrene-161314512FDesdeelalma-788x1024.jpg",788,1024,true],"author_info":[],"comment_info":"","_links":{"self":[{"href":"https:\/\/lanzaroteartgallery.com\/en\/wp-json\/wp\/v2\/product\/8791","targetHints":{"allow":["GET"]}}],"collection":[{"href":"https:\/\/lanzaroteartgallery.com\/en\/wp-json\/wp\/v2\/product"}],"about":[{"href":"https:\/\/lanzaroteartgallery.com\/en\/wp-json\/wp\/v2\/types\/product"}],"wp:featuredmedia":[{"embeddable":true,"href":"https:\/\/lanzaroteartgallery.com\/en\/wp-json\/wp\/v2\/media\/8790"}],"wp:attachment":[{"href":"https:\/\/lanzaroteartgallery.com\/en\/wp-json\/wp\/v2\/media?parent=8791"}],"wp:term":[{"taxonomy":"product_brand","embeddable":true,"href":"https:\/\/lanzaroteartgallery.com\/en\/wp-json\/wp\/v2\/product_brand?post=8791"},{"taxonomy":"product_cat","embeddable":true,"href":"https:\/\/lanzaroteartgallery.com\/en\/wp-json\/wp\/v2\/product_cat?post=8791"},{"taxonomy":"product_tag","embeddable":true,"href":"https:\/\/lanzaroteartgallery.com\/en\/wp-json\/wp\/v2\/product_tag?post=8791"}],"curies":[{"name":"wp","href":"https:\/\/api.w.org\/{rel}","templated":true}]}}