{"id":879,"date":"2017-03-09T20:00:47","date_gmt":"2017-03-09T20:00:47","guid":{"rendered":"http:\/\/lanzaroteartgallery.com\/obra\/ajustandose-la-corbata\/"},"modified":"2025-04-17T19:09:34","modified_gmt":"2025-04-17T18:09:34","slug":"bar-de-copas","status":"publish","type":"product","link":"https:\/\/lanzaroteartgallery.com\/en\/work\/cocktail-bar\/","title":{"rendered":"Cocktail bar"},"content":{"rendered":"<p>Consulte nuestros precios, haga su oferta, estaremos encantados de responderles.<\/p>\n<p>Ask for our prices, make your offer, we will be pleased to answer you.<\/p>\n","protected":false},"excerpt":{"rendered":"<p>Serie Bodegones.<\/p>\n<h3>Obras destacadas en la Lanzarote Art Gallery<\/h3>\n<p>En la <strong>Lanzarote Art Gallery<\/strong>, se exhiben algunas de sus obras m\u00e1s emblem\u00e1ticas, que destacan por su uso vibrante del color y la textura. En estas piezas se pueden observar personajes con posturas dram\u00e1ticas o introspectivas, envueltas en una atm\u00f3sfera que invita a la reflexi\u00f3n. Los rostros y las manos son elementos que Monta\u00f1a destaca con especial detalle, siendo su marca personal.<\/p>\n<p>Monta\u00f1a tambi\u00e9n ha sido elogiado por su capacidad para crear una conexi\u00f3n emocional con los espectadores, quienes a menudo encuentran en sus obras una representaci\u00f3n de sus propios sentimientos y experiencias.<\/p>\n","protected":false},"featured_media":680,"template":"","meta":{"_kad_blocks_custom_css":"","_kad_blocks_head_custom_js":"","_kad_blocks_body_custom_js":"","_kad_blocks_footer_custom_js":""},"product_brand":[],"product_cat":[19,17,864,910,911,917,867,1449,854],"product_tag":[933,923,935,925,922,921,936,924,934],"class_list":{"0":"post-879","1":"product","2":"type-product","3":"status-publish","4":"has-post-thumbnail","6":"product_cat-alfredo-montana","7":"product_cat-artistas","8":"product_cat-bodegon","9":"product_cat-cuadro-grande","10":"product_cat-cuadros-decorativos-salon","11":"product_cat-cuadros-para-pasillos","12":"product_cat-escena-de-genero","13":"product_cat-figurativo","14":"product_cat-pintura","15":"product_tag-bar-de-copas","16":"product_tag-figurativo","17":"product_tag-geometria","18":"product_tag-geometrico","19":"product_tag-lienzo","20":"product_tag-oleo","21":"product_tag-personajes","22":"product_tag-rostros","23":"product_tag-vinos","25":"first","26":"instock","27":"taxable","28":"shipping-taxable","29":"product-type-simple"},"aioseo_notices":[],"taxonomy_info":{"product_cat":[{"value":19,"label":"Alfredo Monta\u00f1a"},{"value":17,"label":"Artistas"},{"value":864,"label":"Still life"},{"value":910,"label":"Big Picture"},{"value":911,"label":"Decorative Paintings Living Room"},{"value":917,"label":"Corridor Paintings"},{"value":867,"label":"Gender Scene"},{"value":1449,"label":"Figurative"},{"value":854,"label":"Painting"}],"product_tag":[{"value":933,"label":"Bar de copas"},{"value":923,"label":"figurativo"},{"value":935,"label":"geometr\u00eda"},{"value":925,"label":"geom\u00e9trico"},{"value":922,"label":"lienzo"},{"value":921,"label":"\u00f3leo"},{"value":936,"label":"personajes"},{"value":924,"label":"rostros"},{"value":934,"label":"vinos"}]},"featured_image_src_large":["https:\/\/lanzaroteartgallery.com\/wp-content\/uploads\/11-Nostalgias-100-x-81-cm-\u00f3leotela-810x1024.jpg",810,1024,true],"author_info":[],"comment_info":"","_links":{"self":[{"href":"https:\/\/lanzaroteartgallery.com\/en\/wp-json\/wp\/v2\/product\/879","targetHints":{"allow":["GET"]}}],"collection":[{"href":"https:\/\/lanzaroteartgallery.com\/en\/wp-json\/wp\/v2\/product"}],"about":[{"href":"https:\/\/lanzaroteartgallery.com\/en\/wp-json\/wp\/v2\/types\/product"}],"wp:featuredmedia":[{"embeddable":true,"href":"https:\/\/lanzaroteartgallery.com\/en\/wp-json\/wp\/v2\/media\/680"}],"wp:attachment":[{"href":"https:\/\/lanzaroteartgallery.com\/en\/wp-json\/wp\/v2\/media?parent=879"}],"wp:term":[{"taxonomy":"product_brand","embeddable":true,"href":"https:\/\/lanzaroteartgallery.com\/en\/wp-json\/wp\/v2\/product_brand?post=879"},{"taxonomy":"product_cat","embeddable":true,"href":"https:\/\/lanzaroteartgallery.com\/en\/wp-json\/wp\/v2\/product_cat?post=879"},{"taxonomy":"product_tag","embeddable":true,"href":"https:\/\/lanzaroteartgallery.com\/en\/wp-json\/wp\/v2\/product_tag?post=879"}],"curies":[{"name":"wp","href":"https:\/\/api.w.org\/{rel}","templated":true}]}}