{"id":8735,"date":"2022-03-03T12:31:31","date_gmt":"2022-03-03T12:31:31","guid":{"rendered":"https:\/\/lanzaroteartgallery.com\/?post_type=product&#038;p=8735"},"modified":"2024-04-19T20:21:37","modified_gmt":"2024-04-19T19:21:37","slug":"bella-mente","status":"publish","type":"product","link":"https:\/\/lanzaroteartgallery.com\/en\/work\/bella-mente\/","title":{"rendered":"Bella-mente"},"content":{"rendered":"<p>T\u00e9cnica mixta sobre papel. Digital, fotograf\u00eda, intervencion con pastel y acr\u00edlico sobre transferencia. Edicion Limitada de 8.<\/p>","protected":false},"excerpt":{"rendered":"<p>\u2022 Interferencia con t\u00e9cnica mixta sobre una Edicion Glic\u00e9e Limitada de 8 unidades. Papel: Fine-Art Gicl\u00e9e Printed on Hahnem\u00fchle William Turner . Matte watercolor texture, natural white, hand-made style paper by Hahnem\u00fchle (310 g\/m\u00b2) \u2022 40&#215;60 cm Edition with a white border of 1 cm, total size 42&#215;62 cm<\/p>\n","protected":false},"featured_media":8734,"template":"","meta":{"_kad_blocks_custom_css":"","_kad_blocks_head_custom_js":"","_kad_blocks_body_custom_js":"","_kad_blocks_footer_custom_js":""},"product_brand":[],"product_cat":[601,17,621,884,885,888,1449,856,889,893],"product_tag":[980,1043,926,924,987],"class_list":{"0":"post-8735","1":"product","2":"type-product","3":"status-publish","4":"has-post-thumbnail","6":"product_cat-arte-global-artistas","7":"product_cat-artistas","8":"product_cat-begona-lafuente-lopez","9":"product_cat-bellas-artes","10":"product_cat-conceptual-fotografia","11":"product_cat-escenificado","12":"product_cat-figurativo","13":"product_cat-fotografia","14":"product_cat-fashion-fotografia","15":"product_cat-retrato-fotografia","16":"product_tag-acrilico","17":"product_tag-fine-art-giclee","18":"product_tag-papel","19":"product_tag-rostros","20":"product_tag-tecnica-mixta","22":"first","23":"instock","24":"taxable","25":"shipping-taxable","26":"purchasable","27":"product-type-simple"},"aioseo_notices":[],"taxonomy_info":{"product_cat":[{"value":601,"label":"Art Space"},{"value":17,"label":"Artistas"},{"value":621,"label":"Bego\u00f1a Lafuente"},{"value":884,"label":"Bellas Artes"},{"value":885,"label":"Conceptual"},{"value":888,"label":"Escenificado"},{"value":1449,"label":"Figurative"},{"value":856,"label":"Photography"},{"value":889,"label":"Fashion"},{"value":893,"label":"Portrait"}],"product_tag":[{"value":980,"label":"acr\u00edlico"},{"value":1043,"label":"Fine-Art Gicl\u00e9e"},{"value":926,"label":"papel"},{"value":924,"label":"rostros"},{"value":987,"label":"t\u00e9cnica mixta"}]},"featured_image_src_large":["https:\/\/lanzaroteartgallery.com\/wp-content\/uploads\/2022\/03\/LafuenteLC3B3pez-BegoC3B1a-05405735E2FBELLAMENTE-bajares.jpg",589,884,false],"author_info":[],"comment_info":"","_links":{"self":[{"href":"https:\/\/lanzaroteartgallery.com\/en\/wp-json\/wp\/v2\/product\/8735","targetHints":{"allow":["GET"]}}],"collection":[{"href":"https:\/\/lanzaroteartgallery.com\/en\/wp-json\/wp\/v2\/product"}],"about":[{"href":"https:\/\/lanzaroteartgallery.com\/en\/wp-json\/wp\/v2\/types\/product"}],"wp:featuredmedia":[{"embeddable":true,"href":"https:\/\/lanzaroteartgallery.com\/en\/wp-json\/wp\/v2\/media\/8734"}],"wp:attachment":[{"href":"https:\/\/lanzaroteartgallery.com\/en\/wp-json\/wp\/v2\/media?parent=8735"}],"wp:term":[{"taxonomy":"product_brand","embeddable":true,"href":"https:\/\/lanzaroteartgallery.com\/en\/wp-json\/wp\/v2\/product_brand?post=8735"},{"taxonomy":"product_cat","embeddable":true,"href":"https:\/\/lanzaroteartgallery.com\/en\/wp-json\/wp\/v2\/product_cat?post=8735"},{"taxonomy":"product_tag","embeddable":true,"href":"https:\/\/lanzaroteartgallery.com\/en\/wp-json\/wp\/v2\/product_tag?post=8735"}],"curies":[{"name":"wp","href":"https:\/\/api.w.org\/{rel}","templated":true}]}}