{"id":8729,"date":"2022-03-03T12:31:09","date_gmt":"2022-03-03T12:31:09","guid":{"rendered":"https:\/\/lanzaroteartgallery.com\/?post_type=product&#038;p=8729"},"modified":"2024-04-19T20:38:15","modified_gmt":"2024-04-19T19:38:15","slug":"gemini","status":"publish","type":"product","link":"https:\/\/lanzaroteartgallery.com\/en\/work\/gemini\/","title":{"rendered":"Gemini"},"content":{"rendered":"<p>T\u00e9cnica mixta sobre papel. Digital, fotograf\u00eda, intervencion con pastel y acr\u00edlico sobre transferencia.<\/p>","protected":false},"excerpt":{"rendered":"<p>G\u00e9minis es un d\u00edptico formado por dos piezas de 60&#215;60 cm -con total de 60&#215;120 cm como obra completa. Perteneciente a la serie de retratos Ephemeral Essence Diaries \u2022 T\u00e9cnica mixta. Intervenci\u00f3n con acr\u00edlico y pastel sobre Glic\u00e9e de edici\u00f3n limitada de 3, Papel: Hahnem\u00fchle William Turner (310 g \/ m\u00b2).<\/p>\n","protected":false},"featured_media":8728,"template":"","meta":{"_kad_blocks_custom_css":"","_kad_blocks_head_custom_js":"","_kad_blocks_body_custom_js":"","_kad_blocks_footer_custom_js":""},"product_brand":[],"product_cat":[601,17,621,865,911,909,912,915,867,1449,863],"product_tag":[980,1043,926,924,987],"class_list":{"0":"post-8729","1":"product","2":"type-product","3":"status-publish","4":"has-post-thumbnail","6":"product_cat-arte-global-artistas","7":"product_cat-artistas","8":"product_cat-begona-lafuente-lopez","9":"product_cat-conceptual","10":"product_cat-cuadros-decorativos-salon","11":"product_cat-cuadros-grandes-para-salon","12":"product_cat-cuadros-habitacion","13":"product_cat-cuadros-para-salon-modernos","14":"product_cat-escena-de-genero","15":"product_cat-figurativo","16":"product_cat-autorretrato","17":"product_tag-acrilico","18":"product_tag-fine-art-giclee","19":"product_tag-papel","20":"product_tag-rostros","21":"product_tag-tecnica-mixta","23":"first","24":"instock","25":"taxable","26":"shipping-taxable","27":"purchasable","28":"product-type-simple"},"aioseo_notices":[],"taxonomy_info":{"product_cat":[{"value":601,"label":"Art Space"},{"value":17,"label":"Artistas"},{"value":621,"label":"Bego\u00f1a Lafuente"},{"value":865,"label":"Conceptual"},{"value":911,"label":"Decorative Paintings Living Room"},{"value":909,"label":"Large Paintings for the Living Room"},{"value":912,"label":"Bedroom Paintings"},{"value":915,"label":"Modern Living Room Paintings"},{"value":867,"label":"Gender Scene"},{"value":1449,"label":"Figurative"},{"value":863,"label":"Retrato"}],"product_tag":[{"value":980,"label":"acr\u00edlico"},{"value":1043,"label":"Fine-Art Gicl\u00e9e"},{"value":926,"label":"papel"},{"value":924,"label":"rostros"},{"value":987,"label":"t\u00e9cnica mixta"}]},"featured_image_src_large":["https:\/\/lanzaroteartgallery.com\/wp-content\/uploads\/2022\/03\/LafuenteLC3B3pez-BegoC3B1a-05405735E2Fdipticogemelas-lr-1024x512.jpg",1024,512,true],"author_info":[],"comment_info":"","_links":{"self":[{"href":"https:\/\/lanzaroteartgallery.com\/en\/wp-json\/wp\/v2\/product\/8729","targetHints":{"allow":["GET"]}}],"collection":[{"href":"https:\/\/lanzaroteartgallery.com\/en\/wp-json\/wp\/v2\/product"}],"about":[{"href":"https:\/\/lanzaroteartgallery.com\/en\/wp-json\/wp\/v2\/types\/product"}],"wp:featuredmedia":[{"embeddable":true,"href":"https:\/\/lanzaroteartgallery.com\/en\/wp-json\/wp\/v2\/media\/8728"}],"wp:attachment":[{"href":"https:\/\/lanzaroteartgallery.com\/en\/wp-json\/wp\/v2\/media?parent=8729"}],"wp:term":[{"taxonomy":"product_brand","embeddable":true,"href":"https:\/\/lanzaroteartgallery.com\/en\/wp-json\/wp\/v2\/product_brand?post=8729"},{"taxonomy":"product_cat","embeddable":true,"href":"https:\/\/lanzaroteartgallery.com\/en\/wp-json\/wp\/v2\/product_cat?post=8729"},{"taxonomy":"product_tag","embeddable":true,"href":"https:\/\/lanzaroteartgallery.com\/en\/wp-json\/wp\/v2\/product_tag?post=8729"}],"curies":[{"name":"wp","href":"https:\/\/api.w.org\/{rel}","templated":true}]}}