{"id":8727,"date":"2022-03-03T12:31:04","date_gmt":"2022-03-03T12:31:04","guid":{"rendered":"https:\/\/lanzaroteartgallery.com\/?post_type=product&#038;p=8727"},"modified":"2024-04-19T19:50:24","modified_gmt":"2024-04-19T18:50:24","slug":"fiesta","status":"publish","type":"product","link":"https:\/\/lanzaroteartgallery.com\/en\/work\/fiesta\/","title":{"rendered":"Fiesta"},"content":{"rendered":"<p>Acr\u00edlico y collage sobre lienzo tensado en bastidor<\/p>\n","protected":false},"excerpt":{"rendered":"<p>Capa tras capa, a trav\u00e9s de diferentes sesiones de trabajo, contribuye a la historia final de la obra. Es una experiencia muy completa comenzar una pintura de la nada y dejarse llevar por el proceso.<\/p>\n","protected":false},"featured_media":8726,"template":"","meta":{"_kad_blocks_custom_css":"","_kad_blocks_head_custom_js":"","_kad_blocks_body_custom_js":"","_kad_blocks_footer_custom_js":""},"product_brand":[],"product_cat":[860,601,17,621,865,910,914,911,909,912,916,867,869,870,854,866],"product_tag":[1045,1044,922,921,987],"class_list":{"0":"post-8727","1":"product","2":"type-product","3":"status-publish","4":"has-post-thumbnail","6":"product_cat-abstracto","7":"product_cat-arte-global-artistas","8":"product_cat-artistas","9":"product_cat-begona-lafuente-lopez","10":"product_cat-conceptual","11":"product_cat-cuadro-grande","12":"product_cat-cuadros-decoracion-salon","13":"product_cat-cuadros-decorativos-salon","14":"product_cat-cuadros-grandes-para-salon","15":"product_cat-cuadros-habitacion","16":"product_cat-cuadros-para-dormitorios","17":"product_cat-escena-de-genero","18":"product_cat-fashion","19":"product_cat-paisajismo","20":"product_cat-pintura","21":"product_cat-desnudo","22":"product_tag-acrilico-y-pastel","23":"product_tag-collage-abstracto","24":"product_tag-lienzo","25":"product_tag-oleo","26":"product_tag-tecnica-mixta","28":"first","29":"instock","30":"taxable","31":"shipping-taxable","32":"purchasable","33":"product-type-simple"},"aioseo_notices":[],"taxonomy_info":{"product_cat":[{"value":860,"label":"Abstract"},{"value":601,"label":"Art Space"},{"value":17,"label":"Artistas"},{"value":621,"label":"Bego\u00f1a Lafuente"},{"value":865,"label":"Conceptual"},{"value":910,"label":"Big Picture"},{"value":914,"label":"Paintings Living Room Decoration"},{"value":911,"label":"Decorative Paintings Living Room"},{"value":909,"label":"Large Paintings for the Living Room"},{"value":912,"label":"Bedroom Paintings"},{"value":916,"label":"Bedroom Paintings"},{"value":867,"label":"Gender Scene"},{"value":869,"label":"Fashion"},{"value":870,"label":"Paisajismo"},{"value":854,"label":"Painting"},{"value":866,"label":"Nude"}],"product_tag":[{"value":1045,"label":"acr\u00edlico y pastel"},{"value":1044,"label":"collage abstracto"},{"value":922,"label":"lienzo"},{"value":921,"label":"\u00f3leo"},{"value":987,"label":"t\u00e9cnica mixta"}]},"featured_image_src_large":["https:\/\/lanzaroteartgallery.com\/wp-content\/uploads\/2022\/03\/LafuenteLC3B3pez-BegoC3B1a-05405735E2Ffiesta-nuevafoto-lr-667x1024.jpg",667,1024,true],"author_info":[],"comment_info":"","_links":{"self":[{"href":"https:\/\/lanzaroteartgallery.com\/en\/wp-json\/wp\/v2\/product\/8727","targetHints":{"allow":["GET"]}}],"collection":[{"href":"https:\/\/lanzaroteartgallery.com\/en\/wp-json\/wp\/v2\/product"}],"about":[{"href":"https:\/\/lanzaroteartgallery.com\/en\/wp-json\/wp\/v2\/types\/product"}],"wp:featuredmedia":[{"embeddable":true,"href":"https:\/\/lanzaroteartgallery.com\/en\/wp-json\/wp\/v2\/media\/8726"}],"wp:attachment":[{"href":"https:\/\/lanzaroteartgallery.com\/en\/wp-json\/wp\/v2\/media?parent=8727"}],"wp:term":[{"taxonomy":"product_brand","embeddable":true,"href":"https:\/\/lanzaroteartgallery.com\/en\/wp-json\/wp\/v2\/product_brand?post=8727"},{"taxonomy":"product_cat","embeddable":true,"href":"https:\/\/lanzaroteartgallery.com\/en\/wp-json\/wp\/v2\/product_cat?post=8727"},{"taxonomy":"product_tag","embeddable":true,"href":"https:\/\/lanzaroteartgallery.com\/en\/wp-json\/wp\/v2\/product_tag?post=8727"}],"curies":[{"name":"wp","href":"https:\/\/api.w.org\/{rel}","templated":true}]}}