{"id":8725,"date":"2022-03-03T12:30:57","date_gmt":"2022-03-03T12:30:57","guid":{"rendered":"https:\/\/lanzaroteartgallery.com\/?post_type=product&#038;p=8725"},"modified":"2024-04-19T20:12:47","modified_gmt":"2024-04-19T19:12:47","slug":"chill-out","status":"publish","type":"product","link":"https:\/\/lanzaroteartgallery.com\/en\/work\/chill-out\/","title":{"rendered":"Chill Out"},"content":{"rendered":"","protected":false},"excerpt":{"rendered":"<p>El viaje a Los \u00c1ngeles es largo y se detiene. Baila y se relaja un poquito bailando un charlest\u00f3n &#8230; . Inspirada en una canci\u00f3n del cantante espa\u00f1ol Loquillo llamada &#8220;La rubia del Cadillac&#8221;.<\/p>\n","protected":false},"featured_media":8724,"template":"","meta":{"_kad_blocks_custom_css":"","_kad_blocks_head_custom_js":"","_kad_blocks_body_custom_js":"","_kad_blocks_footer_custom_js":""},"product_brand":[],"product_cat":[860,601,17,621,865,910,914,911,909,912,916,867,869,1449,870,854,866],"product_tag":[980,1045,1044,1043,922,921,926,924,987],"class_list":{"0":"post-8725","1":"product","2":"type-product","3":"status-publish","4":"has-post-thumbnail","6":"product_cat-abstracto","7":"product_cat-arte-global-artistas","8":"product_cat-artistas","9":"product_cat-begona-lafuente-lopez","10":"product_cat-conceptual","11":"product_cat-cuadro-grande","12":"product_cat-cuadros-decoracion-salon","13":"product_cat-cuadros-decorativos-salon","14":"product_cat-cuadros-grandes-para-salon","15":"product_cat-cuadros-habitacion","16":"product_cat-cuadros-para-dormitorios","17":"product_cat-escena-de-genero","18":"product_cat-fashion","19":"product_cat-figurativo","20":"product_cat-paisajismo","21":"product_cat-pintura","22":"product_cat-desnudo","23":"product_tag-acrilico","24":"product_tag-acrilico-y-pastel","25":"product_tag-collage-abstracto","26":"product_tag-fine-art-giclee","27":"product_tag-lienzo","28":"product_tag-oleo","29":"product_tag-papel","30":"product_tag-rostros","31":"product_tag-tecnica-mixta","33":"first","34":"instock","35":"taxable","36":"shipping-taxable","37":"purchasable","38":"product-type-simple"},"aioseo_notices":[],"taxonomy_info":{"product_cat":[{"value":860,"label":"Abstract"},{"value":601,"label":"Art Space"},{"value":17,"label":"Artistas"},{"value":621,"label":"Bego\u00f1a Lafuente"},{"value":865,"label":"Conceptual"},{"value":910,"label":"Big Picture"},{"value":914,"label":"Paintings Living Room Decoration"},{"value":911,"label":"Decorative Paintings Living Room"},{"value":909,"label":"Large Paintings for the Living Room"},{"value":912,"label":"Bedroom Paintings"},{"value":916,"label":"Bedroom Paintings"},{"value":867,"label":"Gender Scene"},{"value":869,"label":"Fashion"},{"value":1449,"label":"Figurative"},{"value":870,"label":"Paisajismo"},{"value":854,"label":"Painting"},{"value":866,"label":"Nude"}],"product_tag":[{"value":980,"label":"acr\u00edlico"},{"value":1045,"label":"acr\u00edlico y pastel"},{"value":1044,"label":"collage abstracto"},{"value":1043,"label":"Fine-Art Gicl\u00e9e"},{"value":922,"label":"lienzo"},{"value":921,"label":"\u00f3leo"},{"value":926,"label":"papel"},{"value":924,"label":"rostros"},{"value":987,"label":"t\u00e9cnica mixta"}]},"featured_image_src_large":["https:\/\/lanzaroteartgallery.com\/wp-content\/uploads\/2022\/03\/LafuenteLC3B3pez-BegoC3B1a-05405735E2Frubiadelcadillacok-md-512x1024.jpg",512,1024,true],"author_info":[],"comment_info":"","_links":{"self":[{"href":"https:\/\/lanzaroteartgallery.com\/en\/wp-json\/wp\/v2\/product\/8725","targetHints":{"allow":["GET"]}}],"collection":[{"href":"https:\/\/lanzaroteartgallery.com\/en\/wp-json\/wp\/v2\/product"}],"about":[{"href":"https:\/\/lanzaroteartgallery.com\/en\/wp-json\/wp\/v2\/types\/product"}],"wp:featuredmedia":[{"embeddable":true,"href":"https:\/\/lanzaroteartgallery.com\/en\/wp-json\/wp\/v2\/media\/8724"}],"wp:attachment":[{"href":"https:\/\/lanzaroteartgallery.com\/en\/wp-json\/wp\/v2\/media?parent=8725"}],"wp:term":[{"taxonomy":"product_brand","embeddable":true,"href":"https:\/\/lanzaroteartgallery.com\/en\/wp-json\/wp\/v2\/product_brand?post=8725"},{"taxonomy":"product_cat","embeddable":true,"href":"https:\/\/lanzaroteartgallery.com\/en\/wp-json\/wp\/v2\/product_cat?post=8725"},{"taxonomy":"product_tag","embeddable":true,"href":"https:\/\/lanzaroteartgallery.com\/en\/wp-json\/wp\/v2\/product_tag?post=8725"}],"curies":[{"name":"wp","href":"https:\/\/api.w.org\/{rel}","templated":true}]}}