{"id":8723,"date":"2022-03-03T12:30:52","date_gmt":"2022-03-03T12:30:52","guid":{"rendered":"https:\/\/lanzaroteartgallery.com\/?post_type=product&#038;p=8723"},"modified":"2024-04-19T19:58:28","modified_gmt":"2024-04-19T18:58:28","slug":"resurgir","status":"publish","type":"product","link":"https:\/\/lanzaroteartgallery.com\/en\/work\/resurgir\/","title":{"rendered":"Resurgir"},"content":{"rendered":"","protected":false},"excerpt":{"rendered":"<p>Emerjo a la superficie y me da el sol en la cara, me siento como si renaciera.. Nado vestida, mi vestido es ligero y pesado al mismo tiempo y parece tener vida propia.<\/p>\n","protected":false},"featured_media":8722,"template":"","meta":{"_kad_blocks_custom_css":"","_kad_blocks_head_custom_js":"","_kad_blocks_body_custom_js":"","_kad_blocks_footer_custom_js":""},"product_brand":[],"product_cat":[601,17,621,910,914,911,909,912,916,867,869,1449,854],"product_tag":[1045,1044,922,921,987],"class_list":{"0":"post-8723","1":"product","2":"type-product","3":"status-publish","4":"has-post-thumbnail","6":"product_cat-arte-global-artistas","7":"product_cat-artistas","8":"product_cat-begona-lafuente-lopez","9":"product_cat-cuadro-grande","10":"product_cat-cuadros-decoracion-salon","11":"product_cat-cuadros-decorativos-salon","12":"product_cat-cuadros-grandes-para-salon","13":"product_cat-cuadros-habitacion","14":"product_cat-cuadros-para-dormitorios","15":"product_cat-escena-de-genero","16":"product_cat-fashion","17":"product_cat-figurativo","18":"product_cat-pintura","19":"product_tag-acrilico-y-pastel","20":"product_tag-collage-abstracto","21":"product_tag-lienzo","22":"product_tag-oleo","23":"product_tag-tecnica-mixta","25":"first","26":"instock","27":"taxable","28":"shipping-taxable","29":"purchasable","30":"product-type-simple"},"aioseo_notices":[],"taxonomy_info":{"product_cat":[{"value":601,"label":"Art Space"},{"value":17,"label":"Artistas"},{"value":621,"label":"Bego\u00f1a Lafuente"},{"value":910,"label":"Big Picture"},{"value":914,"label":"Paintings Living Room Decoration"},{"value":911,"label":"Decorative Paintings Living Room"},{"value":909,"label":"Large Paintings for the Living Room"},{"value":912,"label":"Bedroom Paintings"},{"value":916,"label":"Bedroom Paintings"},{"value":867,"label":"Gender Scene"},{"value":869,"label":"Fashion"},{"value":1449,"label":"Figurative"},{"value":854,"label":"Painting"}],"product_tag":[{"value":1045,"label":"acr\u00edlico y pastel"},{"value":1044,"label":"collage abstracto"},{"value":922,"label":"lienzo"},{"value":921,"label":"\u00f3leo"},{"value":987,"label":"t\u00e9cnica mixta"}]},"featured_image_src_large":["https:\/\/lanzaroteartgallery.com\/wp-content\/uploads\/2022\/03\/LafuenteLC3B3pez-BegoC3B1a-05405735E2FRESURGIR_MD-1024x727.jpg",1024,727,true],"author_info":[],"comment_info":"","_links":{"self":[{"href":"https:\/\/lanzaroteartgallery.com\/en\/wp-json\/wp\/v2\/product\/8723","targetHints":{"allow":["GET"]}}],"collection":[{"href":"https:\/\/lanzaroteartgallery.com\/en\/wp-json\/wp\/v2\/product"}],"about":[{"href":"https:\/\/lanzaroteartgallery.com\/en\/wp-json\/wp\/v2\/types\/product"}],"wp:featuredmedia":[{"embeddable":true,"href":"https:\/\/lanzaroteartgallery.com\/en\/wp-json\/wp\/v2\/media\/8722"}],"wp:attachment":[{"href":"https:\/\/lanzaroteartgallery.com\/en\/wp-json\/wp\/v2\/media?parent=8723"}],"wp:term":[{"taxonomy":"product_brand","embeddable":true,"href":"https:\/\/lanzaroteartgallery.com\/en\/wp-json\/wp\/v2\/product_brand?post=8723"},{"taxonomy":"product_cat","embeddable":true,"href":"https:\/\/lanzaroteartgallery.com\/en\/wp-json\/wp\/v2\/product_cat?post=8723"},{"taxonomy":"product_tag","embeddable":true,"href":"https:\/\/lanzaroteartgallery.com\/en\/wp-json\/wp\/v2\/product_tag?post=8723"}],"curies":[{"name":"wp","href":"https:\/\/api.w.org\/{rel}","templated":true}]}}