{"id":7700,"date":"2022-01-14T12:29:51","date_gmt":"2022-01-14T12:29:51","guid":{"rendered":"https:\/\/lanzaroteartgallery.com\/obra\/angel-acusador\/"},"modified":"2024-03-07T12:30:04","modified_gmt":"2024-03-07T12:30:04","slug":"angel-acusador","status":"publish","type":"product","link":"https:\/\/lanzaroteartgallery.com\/en\/work\/angel-acusador\/","title":{"rendered":"Angel acusador"},"content":{"rendered":"","protected":false},"excerpt":{"rendered":"<p>Reprograf\u00eda Iluminada a L\u00e1piz sobre papel Arches 300 gramos<\/p>\n","protected":false},"featured_media":7699,"template":"","meta":{"_kad_blocks_custom_css":"","_kad_blocks_head_custom_js":"","_kad_blocks_body_custom_js":"","_kad_blocks_footer_custom_js":""},"product_brand":[],"product_cat":[864,865,867,1449,854,866,31],"product_tag":[954,926,1441,987],"class_list":{"0":"post-7700","1":"product","2":"type-product","3":"status-publish","4":"has-post-thumbnail","6":"product_cat-bodegon","7":"product_cat-conceptual","8":"product_cat-escena-de-genero","9":"product_cat-figurativo","10":"product_cat-pintura","11":"product_cat-desnudo","12":"product_cat-rafael-heredia","13":"product_tag-litografia","14":"product_tag-papel","15":"product_tag-reprografia-iluminada-a-lapiz-sobre-papel-arches-300-gramos","16":"product_tag-tecnica-mixta","18":"first","19":"instock","20":"taxable","21":"shipping-taxable","22":"purchasable","23":"product-type-simple"},"aioseo_notices":[],"taxonomy_info":{"product_cat":[{"value":864,"label":"Still life"},{"value":865,"label":"Conceptual"},{"value":867,"label":"Gender Scene"},{"value":1449,"label":"Figurative"},{"value":854,"label":"Painting"},{"value":866,"label":"Nude"},{"value":31,"label":"Rafael Heredia"}],"product_tag":[{"value":954,"label":"litograf\u00eda"},{"value":926,"label":"papel"},{"value":1441,"label":"Reprograf\u00eda Iluminada a L\u00e1piz sobre papel Arches 300 gramos"},{"value":987,"label":"t\u00e9cnica mixta"}]},"featured_image_src_large":["https:\/\/lanzaroteartgallery.com\/wp-content\/uploads\/2022\/01\/HerediaCuevas-Rafael-74787291P2FP1019052-1010x1024.jpg",1010,1024,true],"author_info":[],"comment_info":"","_links":{"self":[{"href":"https:\/\/lanzaroteartgallery.com\/en\/wp-json\/wp\/v2\/product\/7700","targetHints":{"allow":["GET"]}}],"collection":[{"href":"https:\/\/lanzaroteartgallery.com\/en\/wp-json\/wp\/v2\/product"}],"about":[{"href":"https:\/\/lanzaroteartgallery.com\/en\/wp-json\/wp\/v2\/types\/product"}],"wp:featuredmedia":[{"embeddable":true,"href":"https:\/\/lanzaroteartgallery.com\/en\/wp-json\/wp\/v2\/media\/7699"}],"wp:attachment":[{"href":"https:\/\/lanzaroteartgallery.com\/en\/wp-json\/wp\/v2\/media?parent=7700"}],"wp:term":[{"taxonomy":"product_brand","embeddable":true,"href":"https:\/\/lanzaroteartgallery.com\/en\/wp-json\/wp\/v2\/product_brand?post=7700"},{"taxonomy":"product_cat","embeddable":true,"href":"https:\/\/lanzaroteartgallery.com\/en\/wp-json\/wp\/v2\/product_cat?post=7700"},{"taxonomy":"product_tag","embeddable":true,"href":"https:\/\/lanzaroteartgallery.com\/en\/wp-json\/wp\/v2\/product_tag?post=7700"}],"curies":[{"name":"wp","href":"https:\/\/api.w.org\/{rel}","templated":true}]}}