{"id":7493,"date":"2021-12-28T11:18:07","date_gmt":"2021-12-28T11:18:07","guid":{"rendered":"https:\/\/lanzaroteartgallery.com\/?post_type=product&#038;p=7493"},"modified":"2023-09-20T19:22:30","modified_gmt":"2023-09-20T18:22:30","slug":"biografia","status":"publish","type":"product","link":"https:\/\/lanzaroteartgallery.com\/en\/work\/biografia\/","title":{"rendered":"Biograf\u00eda"},"content":{"rendered":"","protected":false},"excerpt":{"rendered":"<p>Passarola. Sue\u00f1o y conciencia sobre textos de Jos\u00e9 Saramago.<\/p>\n","protected":false},"featured_media":7462,"template":"","meta":{"_kad_blocks_custom_css":"","_kad_blocks_head_custom_js":"","_kad_blocks_body_custom_js":"","_kad_blocks_footer_custom_js":""},"product_brand":[],"product_cat":[864,865,910,911,912,913,870,854],"product_tag":[922,987],"class_list":{"0":"post-7493","1":"product","2":"type-product","3":"status-publish","4":"has-post-thumbnail","6":"product_cat-bodegon","7":"product_cat-conceptual","8":"product_cat-cuadro-grande","9":"product_cat-cuadros-decorativos-salon","10":"product_cat-cuadros-habitacion","11":"product_cat-cuadros-relajantes-para-salon","12":"product_cat-paisajismo","13":"product_cat-pintura","14":"product_tag-lienzo","15":"product_tag-tecnica-mixta","17":"first","18":"instock","19":"taxable","20":"shipping-taxable","21":"purchasable","22":"product-type-simple"},"aioseo_notices":[],"taxonomy_info":{"product_cat":[{"value":864,"label":"Still life"},{"value":865,"label":"Conceptual"},{"value":910,"label":"Big Picture"},{"value":911,"label":"Decorative Paintings Living Room"},{"value":912,"label":"Bedroom Paintings"},{"value":913,"label":"Relaxing Paintings for the Living Room"},{"value":870,"label":"Paisajismo"},{"value":854,"label":"Painting"}],"product_tag":[{"value":922,"label":"lienzo"},{"value":987,"label":"t\u00e9cnica mixta"}]},"featured_image_src_large":["https:\/\/lanzaroteartgallery.com\/wp-content\/uploads\/2021\/12\/BatistaPC3A9rez-Roberto-42153440Y2F7000E282ACPASSAROLABiografC3ADa2C2014.C393leosobrelienzo2C150x150cm..jpg",830,836,false],"author_info":[],"comment_info":"","_links":{"self":[{"href":"https:\/\/lanzaroteartgallery.com\/en\/wp-json\/wp\/v2\/product\/7493","targetHints":{"allow":["GET"]}}],"collection":[{"href":"https:\/\/lanzaroteartgallery.com\/en\/wp-json\/wp\/v2\/product"}],"about":[{"href":"https:\/\/lanzaroteartgallery.com\/en\/wp-json\/wp\/v2\/types\/product"}],"wp:featuredmedia":[{"embeddable":true,"href":"https:\/\/lanzaroteartgallery.com\/en\/wp-json\/wp\/v2\/media\/7462"}],"wp:attachment":[{"href":"https:\/\/lanzaroteartgallery.com\/en\/wp-json\/wp\/v2\/media?parent=7493"}],"wp:term":[{"taxonomy":"product_brand","embeddable":true,"href":"https:\/\/lanzaroteartgallery.com\/en\/wp-json\/wp\/v2\/product_brand?post=7493"},{"taxonomy":"product_cat","embeddable":true,"href":"https:\/\/lanzaroteartgallery.com\/en\/wp-json\/wp\/v2\/product_cat?post=7493"},{"taxonomy":"product_tag","embeddable":true,"href":"https:\/\/lanzaroteartgallery.com\/en\/wp-json\/wp\/v2\/product_tag?post=7493"}],"curies":[{"name":"wp","href":"https:\/\/api.w.org\/{rel}","templated":true}]}}