{"id":7423,"date":"2021-12-27T20:23:46","date_gmt":"2021-12-27T20:23:46","guid":{"rendered":"https:\/\/lanzaroteartgallery.com\/?post_type=product&#038;p=7423"},"modified":"2023-09-20T18:57:19","modified_gmt":"2023-09-20T17:57:19","slug":"on-nature-ii","status":"publish","type":"product","link":"https:\/\/lanzaroteartgallery.com\/en\/work\/on-nature-ii\/","title":{"rendered":"On nature II"},"content":{"rendered":"","protected":false},"excerpt":{"rendered":"<p>Una serie de obras donde la figura en blanco y negro interact\u00faa sumergida en un fondo de textura abstracta . Simbolog\u00eda de fusi\u00f3n entre la persona y la naturaleza .<\/p>\n","protected":false},"featured_media":7395,"template":"","meta":{"_kad_blocks_custom_css":"","_kad_blocks_head_custom_js":"","_kad_blocks_body_custom_js":"","_kad_blocks_footer_custom_js":""},"product_brand":[],"product_cat":[641,863,868,865,916,917,910,911,912,913,854],"product_tag":[987,926],"class_list":{"0":"post-7423","1":"product","2":"type-product","3":"status-publish","4":"has-post-thumbnail","6":"product_cat-juan-cossio","7":"product_cat-autorretrato","8":"product_cat-fantasia","9":"product_cat-conceptual","10":"product_cat-cuadros-para-dormitorios","11":"product_cat-cuadros-para-pasillos","12":"product_cat-cuadro-grande","13":"product_cat-cuadros-decorativos-salon","14":"product_cat-cuadros-habitacion","15":"product_cat-cuadros-relajantes-para-salon","16":"product_cat-pintura","17":"product_tag-tecnica-mixta","18":"product_tag-papel","20":"first","21":"instock","22":"taxable","23":"shipping-taxable","24":"purchasable","25":"product-type-simple"},"aioseo_notices":[],"taxonomy_info":{"product_cat":[{"value":641,"label":"Juan Cossio"},{"value":863,"label":"Retrato"},{"value":868,"label":"Fantasy"},{"value":865,"label":"Conceptual"},{"value":916,"label":"Bedroom Paintings"},{"value":917,"label":"Corridor Paintings"},{"value":910,"label":"Big Picture"},{"value":911,"label":"Decorative Paintings Living Room"},{"value":912,"label":"Bedroom Paintings"},{"value":913,"label":"Relaxing Paintings for the Living Room"},{"value":854,"label":"Painting"}],"product_tag":[{"value":987,"label":"t\u00e9cnica mixta"},{"value":926,"label":"papel"}]},"featured_image_src_large":["https:\/\/lanzaroteartgallery.com\/wp-content\/uploads\/2021\/12\/deAgustin-JuanManuel-50684505a2F_MG_4339-708x1024.jpg",708,1024,true],"author_info":[],"comment_info":"","_links":{"self":[{"href":"https:\/\/lanzaroteartgallery.com\/en\/wp-json\/wp\/v2\/product\/7423","targetHints":{"allow":["GET"]}}],"collection":[{"href":"https:\/\/lanzaroteartgallery.com\/en\/wp-json\/wp\/v2\/product"}],"about":[{"href":"https:\/\/lanzaroteartgallery.com\/en\/wp-json\/wp\/v2\/types\/product"}],"wp:featuredmedia":[{"embeddable":true,"href":"https:\/\/lanzaroteartgallery.com\/en\/wp-json\/wp\/v2\/media\/7395"}],"wp:attachment":[{"href":"https:\/\/lanzaroteartgallery.com\/en\/wp-json\/wp\/v2\/media?parent=7423"}],"wp:term":[{"taxonomy":"product_brand","embeddable":true,"href":"https:\/\/lanzaroteartgallery.com\/en\/wp-json\/wp\/v2\/product_brand?post=7423"},{"taxonomy":"product_cat","embeddable":true,"href":"https:\/\/lanzaroteartgallery.com\/en\/wp-json\/wp\/v2\/product_cat?post=7423"},{"taxonomy":"product_tag","embeddable":true,"href":"https:\/\/lanzaroteartgallery.com\/en\/wp-json\/wp\/v2\/product_tag?post=7423"}],"curies":[{"name":"wp","href":"https:\/\/api.w.org\/{rel}","templated":true}]}}