{"id":7235,"date":"2021-12-23T12:15:47","date_gmt":"2021-12-23T12:15:47","guid":{"rendered":"https:\/\/lanzaroteartgallery.com\/?post_type=product&#038;p=7235"},"modified":"2024-03-08T18:59:09","modified_gmt":"2024-03-08T18:59:09","slug":"stars","status":"publish","type":"product","link":"https:\/\/lanzaroteartgallery.com\/en\/work\/stars\/","title":{"rendered":"Stars"},"content":{"rendered":"","protected":false},"excerpt":{"rendered":"","protected":false},"featured_media":7230,"template":"","meta":{"_kad_blocks_custom_css":"","_kad_blocks_head_custom_js":"","_kad_blocks_body_custom_js":"","_kad_blocks_footer_custom_js":""},"product_brand":[],"product_cat":[17,865,910,914,911,909,912,916,915,913,867,23,1449,854,863],"product_tag":[1030,1031,1034,1037,1038,1036,922,956,1039,921,1028,1032,1027,1033,1035,1029],"class_list":{"0":"post-7235","1":"product","2":"type-product","3":"status-publish","4":"has-post-thumbnail","6":"product_cat-artistas","7":"product_cat-conceptual","8":"product_cat-cuadro-grande","9":"product_cat-cuadros-decoracion-salon","10":"product_cat-cuadros-decorativos-salon","11":"product_cat-cuadros-grandes-para-salon","12":"product_cat-cuadros-habitacion","13":"product_cat-cuadros-para-dormitorios","14":"product_cat-cuadros-para-salon-modernos","15":"product_cat-cuadros-relajantes-para-salon","16":"product_cat-escena-de-genero","17":"product_cat-fabio-hurtado","18":"product_cat-figurativo","19":"product_cat-pintura","20":"product_cat-autorretrato","21":"product_tag-animales","22":"product_tag-descanso","23":"product_tag-estructura-geometrica","24":"product_tag-expresion-sensual","25":"product_tag-intimista","26":"product_tag-introspeccion","27":"product_tag-lienzo","28":"product_tag-mujeres","29":"product_tag-mujeres-autosuficientes","30":"product_tag-oleo","31":"product_tag-paisaje","32":"product_tag-partida","33":"product_tag-retrato","34":"product_tag-sensualidad-femenina","35":"product_tag-viajeras-solitarias","36":"product_tag-viajes","38":"first","39":"instock","40":"taxable","41":"shipping-taxable","42":"purchasable","43":"product-type-simple"},"aioseo_notices":[],"taxonomy_info":{"product_cat":[{"value":17,"label":"Artistas"},{"value":865,"label":"Conceptual"},{"value":910,"label":"Big Picture"},{"value":914,"label":"Paintings Living Room Decoration"},{"value":911,"label":"Decorative Paintings Living Room"},{"value":909,"label":"Large Paintings for the Living Room"},{"value":912,"label":"Bedroom Paintings"},{"value":916,"label":"Bedroom Paintings"},{"value":915,"label":"Modern Living Room Paintings"},{"value":913,"label":"Relaxing Paintings for the Living Room"},{"value":867,"label":"Gender Scene"},{"value":23,"label":"Fabio Hurtado"},{"value":1449,"label":"Figurative"},{"value":854,"label":"Painting"},{"value":863,"label":"Retrato"}],"product_tag":[{"value":1030,"label":"animales"},{"value":1031,"label":"descanso"},{"value":1034,"label":"estructura geom\u00e9trica"},{"value":1037,"label":"expresi\u00f3n sensual"},{"value":1038,"label":"intimista"},{"value":1036,"label":"introspecci\u00f3n"},{"value":922,"label":"lienzo"},{"value":956,"label":"mujeres"},{"value":1039,"label":"mujeres autosuficientes"},{"value":921,"label":"\u00f3leo"},{"value":1028,"label":"paisaje"},{"value":1032,"label":"partida"},{"value":1027,"label":"retrato"},{"value":1033,"label":"sensualidad femenina"},{"value":1035,"label":"Viajeras solitarias"},{"value":1029,"label":"viajes"}]},"featured_image_src_large":["https:\/\/lanzaroteartgallery.com\/wp-content\/uploads\/2021\/12\/1-Stars-116-x-116-cm-oil-on-canvas-1022x1024.jpg",1022,1024,true],"author_info":[],"comment_info":"","_links":{"self":[{"href":"https:\/\/lanzaroteartgallery.com\/en\/wp-json\/wp\/v2\/product\/7235","targetHints":{"allow":["GET"]}}],"collection":[{"href":"https:\/\/lanzaroteartgallery.com\/en\/wp-json\/wp\/v2\/product"}],"about":[{"href":"https:\/\/lanzaroteartgallery.com\/en\/wp-json\/wp\/v2\/types\/product"}],"wp:featuredmedia":[{"embeddable":true,"href":"https:\/\/lanzaroteartgallery.com\/en\/wp-json\/wp\/v2\/media\/7230"}],"wp:attachment":[{"href":"https:\/\/lanzaroteartgallery.com\/en\/wp-json\/wp\/v2\/media?parent=7235"}],"wp:term":[{"taxonomy":"product_brand","embeddable":true,"href":"https:\/\/lanzaroteartgallery.com\/en\/wp-json\/wp\/v2\/product_brand?post=7235"},{"taxonomy":"product_cat","embeddable":true,"href":"https:\/\/lanzaroteartgallery.com\/en\/wp-json\/wp\/v2\/product_cat?post=7235"},{"taxonomy":"product_tag","embeddable":true,"href":"https:\/\/lanzaroteartgallery.com\/en\/wp-json\/wp\/v2\/product_tag?post=7235"}],"curies":[{"name":"wp","href":"https:\/\/api.w.org\/{rel}","templated":true}]}}