{"id":7044,"date":"2021-12-07T18:16:14","date_gmt":"2021-12-07T18:16:14","guid":{"rendered":"https:\/\/lanzaroteartgallery.com\/?post_type=product&#038;p=7044"},"modified":"2024-04-19T20:19:48","modified_gmt":"2024-04-19T19:19:48","slug":"mil-historias-que-contar","status":"publish","type":"product","link":"https:\/\/lanzaroteartgallery.com\/en\/work\/thousand-stories-to-tell\/","title":{"rendered":"Thousand stories to tell"},"content":{"rendered":"","protected":false},"excerpt":{"rendered":"<p>&#8220;A Thousand Stories to Tell&#8221; from the EPHEMERAL ESSENCE DIARIES series. It is an abstract collage created specifically to be photographed and then destroyed to design a new composition. Each resulting piece is manipulated differently, sometimes with acrylic, sometimes with graffiti and pastel. The result is a unique work within the same series.<\/p>\n","protected":false},"featured_media":6523,"template":"","meta":{"_kad_blocks_custom_css":"","_kad_blocks_head_custom_js":"","_kad_blocks_body_custom_js":"","_kad_blocks_footer_custom_js":""},"product_brand":[],"product_cat":[860,601,17,621,865,912,916,917,867,1449,870,863],"product_tag":[980,1043,926,924,987],"class_list":{"0":"post-7044","1":"product","2":"type-product","3":"status-publish","4":"has-post-thumbnail","6":"product_cat-abstracto","7":"product_cat-arte-global-artistas","8":"product_cat-artistas","9":"product_cat-begona-lafuente-lopez","10":"product_cat-conceptual","11":"product_cat-cuadros-habitacion","12":"product_cat-cuadros-para-dormitorios","13":"product_cat-cuadros-para-pasillos","14":"product_cat-escena-de-genero","15":"product_cat-figurativo","16":"product_cat-paisajismo","17":"product_cat-autorretrato","18":"product_tag-acrilico","19":"product_tag-fine-art-giclee","20":"product_tag-papel","21":"product_tag-rostros","22":"product_tag-tecnica-mixta","24":"first","25":"instock","26":"taxable","27":"shipping-taxable","28":"purchasable","29":"product-type-simple"},"aioseo_notices":[],"taxonomy_info":{"product_cat":[{"value":860,"label":"Abstract"},{"value":601,"label":"Art Space"},{"value":17,"label":"Artistas"},{"value":621,"label":"Bego\u00f1a Lafuente"},{"value":865,"label":"Conceptual"},{"value":912,"label":"Bedroom Paintings"},{"value":916,"label":"Bedroom Paintings"},{"value":917,"label":"Corridor Paintings"},{"value":867,"label":"Gender Scene"},{"value":1449,"label":"Figurative"},{"value":870,"label":"Paisajismo"},{"value":863,"label":"Retrato"}],"product_tag":[{"value":980,"label":"acr\u00edlico"},{"value":1043,"label":"Fine-Art Gicl\u00e9e"},{"value":926,"label":"papel"},{"value":924,"label":"rostros"},{"value":987,"label":"t\u00e9cnica mixta"}]},"featured_image_src_large":["https:\/\/lanzaroteartgallery.com\/wp-content\/uploads\/2021\/12\/MIL-HISTORIAS-QUE-CONTAR-LR-FIRMADO.jpg",683,1024,false],"author_info":[],"comment_info":"","_links":{"self":[{"href":"https:\/\/lanzaroteartgallery.com\/en\/wp-json\/wp\/v2\/product\/7044","targetHints":{"allow":["GET"]}}],"collection":[{"href":"https:\/\/lanzaroteartgallery.com\/en\/wp-json\/wp\/v2\/product"}],"about":[{"href":"https:\/\/lanzaroteartgallery.com\/en\/wp-json\/wp\/v2\/types\/product"}],"wp:featuredmedia":[{"embeddable":true,"href":"https:\/\/lanzaroteartgallery.com\/en\/wp-json\/wp\/v2\/media\/6523"}],"wp:attachment":[{"href":"https:\/\/lanzaroteartgallery.com\/en\/wp-json\/wp\/v2\/media?parent=7044"}],"wp:term":[{"taxonomy":"product_brand","embeddable":true,"href":"https:\/\/lanzaroteartgallery.com\/en\/wp-json\/wp\/v2\/product_brand?post=7044"},{"taxonomy":"product_cat","embeddable":true,"href":"https:\/\/lanzaroteartgallery.com\/en\/wp-json\/wp\/v2\/product_cat?post=7044"},{"taxonomy":"product_tag","embeddable":true,"href":"https:\/\/lanzaroteartgallery.com\/en\/wp-json\/wp\/v2\/product_tag?post=7044"}],"curies":[{"name":"wp","href":"https:\/\/api.w.org\/{rel}","templated":true}]}}