{"id":7043,"date":"2021-12-07T18:16:14","date_gmt":"2021-12-07T18:16:14","guid":{"rendered":"https:\/\/lanzaroteartgallery.com\/?post_type=product&#038;p=7043"},"modified":"2024-06-25T20:08:56","modified_gmt":"2024-06-25T19:08:56","slug":"oba-africa","status":"publish","type":"product","link":"https:\/\/lanzaroteartgallery.com\/en\/work\/oba-africa\/","title":{"rendered":"Oba Afr\u00edca"},"content":{"rendered":"","protected":false},"excerpt":{"rendered":"<p>&#8220;Oba \u00c1frica&#8221;-de la serie EPHEMERAL ESSENCE DIARIES. Es un collage abstracto creado espec\u00edficamente para ser fotograf\u00edado y destru\u00eddo a continuaci\u00f3n para dise\u00f1ar una nueva composici\u00f3n. Cada pieza resultante es manipulada de forma diferente, unas veces con acr\u00edlico, o graphite y pastel. El resultado es una obra \u00fanica dentro de la misma serie.<\/p>\n<pre id=\"tw-target-text\" class=\"tw-data-text tw-text-large tw-ta\" dir=\"ltr\" data-placeholder=\"Traducci\u00f3n\" aria-label=\"Texto traducido\" data-ved=\"2ahUKEwjJ9cuRtveGAxXzSPEDHUFbDkUQ3ewLegQIBRAU\"><\/pre>\n","protected":false},"featured_media":6525,"template":"","meta":{"_kad_blocks_custom_css":"","_kad_blocks_head_custom_js":"","_kad_blocks_body_custom_js":"","_kad_blocks_footer_custom_js":""},"product_brand":[],"product_cat":[601,17,621,865,911,909,912,915,913,867,869,1449,863],"product_tag":[980,1043,926,924,987],"class_list":{"0":"post-7043","1":"product","2":"type-product","3":"status-publish","4":"has-post-thumbnail","6":"product_cat-arte-global-artistas","7":"product_cat-artistas","8":"product_cat-begona-lafuente-lopez","9":"product_cat-conceptual","10":"product_cat-cuadros-decorativos-salon","11":"product_cat-cuadros-grandes-para-salon","12":"product_cat-cuadros-habitacion","13":"product_cat-cuadros-para-salon-modernos","14":"product_cat-cuadros-relajantes-para-salon","15":"product_cat-escena-de-genero","16":"product_cat-fashion","17":"product_cat-figurativo","18":"product_cat-autorretrato","19":"product_tag-acrilico","20":"product_tag-fine-art-giclee","21":"product_tag-papel","22":"product_tag-rostros","23":"product_tag-tecnica-mixta","25":"first","26":"instock","27":"taxable","28":"shipping-taxable","29":"purchasable","30":"product-type-simple"},"aioseo_notices":[],"taxonomy_info":{"product_cat":[{"value":601,"label":"Art Space"},{"value":17,"label":"Artistas"},{"value":621,"label":"Bego\u00f1a Lafuente"},{"value":865,"label":"Conceptual"},{"value":911,"label":"Decorative Paintings Living Room"},{"value":909,"label":"Large Paintings for the Living Room"},{"value":912,"label":"Bedroom Paintings"},{"value":915,"label":"Modern Living Room Paintings"},{"value":913,"label":"Relaxing Paintings for the Living Room"},{"value":867,"label":"Gender Scene"},{"value":869,"label":"Fashion"},{"value":1449,"label":"Figurative"},{"value":863,"label":"Retrato"}],"product_tag":[{"value":980,"label":"acr\u00edlico"},{"value":1043,"label":"Fine-Art Gicl\u00e9e"},{"value":926,"label":"papel"},{"value":924,"label":"rostros"},{"value":987,"label":"t\u00e9cnica mixta"}]},"featured_image_src_large":["https:\/\/lanzaroteartgallery.com\/wp-content\/uploads\/2021\/12\/oba-africa-LR-FIRMADO.jpg",683,1024,false],"author_info":[],"comment_info":"","_links":{"self":[{"href":"https:\/\/lanzaroteartgallery.com\/en\/wp-json\/wp\/v2\/product\/7043","targetHints":{"allow":["GET"]}}],"collection":[{"href":"https:\/\/lanzaroteartgallery.com\/en\/wp-json\/wp\/v2\/product"}],"about":[{"href":"https:\/\/lanzaroteartgallery.com\/en\/wp-json\/wp\/v2\/types\/product"}],"wp:featuredmedia":[{"embeddable":true,"href":"https:\/\/lanzaroteartgallery.com\/en\/wp-json\/wp\/v2\/media\/6525"}],"wp:attachment":[{"href":"https:\/\/lanzaroteartgallery.com\/en\/wp-json\/wp\/v2\/media?parent=7043"}],"wp:term":[{"taxonomy":"product_brand","embeddable":true,"href":"https:\/\/lanzaroteartgallery.com\/en\/wp-json\/wp\/v2\/product_brand?post=7043"},{"taxonomy":"product_cat","embeddable":true,"href":"https:\/\/lanzaroteartgallery.com\/en\/wp-json\/wp\/v2\/product_cat?post=7043"},{"taxonomy":"product_tag","embeddable":true,"href":"https:\/\/lanzaroteartgallery.com\/en\/wp-json\/wp\/v2\/product_tag?post=7043"}],"curies":[{"name":"wp","href":"https:\/\/api.w.org\/{rel}","templated":true}]}}