{"id":7040,"date":"2021-12-07T18:16:14","date_gmt":"2021-12-07T18:16:14","guid":{"rendered":"https:\/\/lanzaroteartgallery.com\/?post_type=product&#038;p=7040"},"modified":"2024-04-19T19:52:26","modified_gmt":"2024-04-19T18:52:26","slug":"el-molino","status":"publish","type":"product","link":"https:\/\/lanzaroteartgallery.com\/en\/work\/windmill\/","title":{"rendered":"Windmill"},"content":{"rendered":"","protected":false},"excerpt":{"rendered":"<p>When I arrived in the Netherlands, at first I found everything very flat in general. The landscape is flat, the light is so flat and white that there are almost no shadows, you don&#8217;t know if it&#8217;s 10 o&#8217;clock in the morning or 6 o&#8217;clock in the evening in spring, everything seems to levitate &#8230; it also makes those tomato red, and violet against the green and yellow that call out to you. There is no choice but to start painting.<\/p>\n","protected":false},"featured_media":6524,"template":"","meta":{"_kad_blocks_custom_css":"","_kad_blocks_head_custom_js":"","_kad_blocks_body_custom_js":"","_kad_blocks_footer_custom_js":""},"product_brand":[],"product_cat":[860,601,17,621,865,910,914,911,909,912,916,915,867,868,869,870,863],"product_tag":[980,1045,1023,922,1051,1050,1028,987],"class_list":{"0":"post-7040","1":"product","2":"type-product","3":"status-publish","4":"has-post-thumbnail","6":"product_cat-abstracto","7":"product_cat-arte-global-artistas","8":"product_cat-artistas","9":"product_cat-begona-lafuente-lopez","10":"product_cat-conceptual","11":"product_cat-cuadro-grande","12":"product_cat-cuadros-decoracion-salon","13":"product_cat-cuadros-decorativos-salon","14":"product_cat-cuadros-grandes-para-salon","15":"product_cat-cuadros-habitacion","16":"product_cat-cuadros-para-dormitorios","17":"product_cat-cuadros-para-salon-modernos","18":"product_cat-escena-de-genero","19":"product_cat-fantasia","20":"product_cat-fashion","21":"product_cat-paisajismo","22":"product_cat-autorretrato","23":"product_tag-acrilico","24":"product_tag-acrilico-y-pastel","25":"product_tag-lapiz","26":"product_tag-lienzo","27":"product_tag-madera","28":"product_tag-metacrilato","29":"product_tag-paisaje","30":"product_tag-tecnica-mixta","32":"first","33":"instock","34":"taxable","35":"shipping-taxable","36":"purchasable","37":"product-type-simple"},"aioseo_notices":[],"taxonomy_info":{"product_cat":[{"value":860,"label":"Abstract"},{"value":601,"label":"Art Space"},{"value":17,"label":"Artistas"},{"value":621,"label":"Bego\u00f1a Lafuente"},{"value":865,"label":"Conceptual"},{"value":910,"label":"Big Picture"},{"value":914,"label":"Paintings Living Room Decoration"},{"value":911,"label":"Decorative Paintings Living Room"},{"value":909,"label":"Large Paintings for the Living Room"},{"value":912,"label":"Bedroom Paintings"},{"value":916,"label":"Bedroom Paintings"},{"value":915,"label":"Modern Living Room Paintings"},{"value":867,"label":"Gender Scene"},{"value":868,"label":"Fantasy"},{"value":869,"label":"Fashion"},{"value":870,"label":"Paisajismo"},{"value":863,"label":"Retrato"}],"product_tag":[{"value":980,"label":"acr\u00edlico"},{"value":1045,"label":"acr\u00edlico y pastel"},{"value":1023,"label":"l\u00e1piz"},{"value":922,"label":"lienzo"},{"value":1051,"label":"madera"},{"value":1050,"label":"metacrilato"},{"value":1028,"label":"paisaje"},{"value":987,"label":"t\u00e9cnica mixta"}]},"featured_image_src_large":["https:\/\/lanzaroteartgallery.com\/wp-content\/uploads\/2021\/12\/MOLINO-OK.jpg",1023,1024,false],"author_info":[],"comment_info":"","_links":{"self":[{"href":"https:\/\/lanzaroteartgallery.com\/en\/wp-json\/wp\/v2\/product\/7040","targetHints":{"allow":["GET"]}}],"collection":[{"href":"https:\/\/lanzaroteartgallery.com\/en\/wp-json\/wp\/v2\/product"}],"about":[{"href":"https:\/\/lanzaroteartgallery.com\/en\/wp-json\/wp\/v2\/types\/product"}],"wp:featuredmedia":[{"embeddable":true,"href":"https:\/\/lanzaroteartgallery.com\/en\/wp-json\/wp\/v2\/media\/6524"}],"wp:attachment":[{"href":"https:\/\/lanzaroteartgallery.com\/en\/wp-json\/wp\/v2\/media?parent=7040"}],"wp:term":[{"taxonomy":"product_brand","embeddable":true,"href":"https:\/\/lanzaroteartgallery.com\/en\/wp-json\/wp\/v2\/product_brand?post=7040"},{"taxonomy":"product_cat","embeddable":true,"href":"https:\/\/lanzaroteartgallery.com\/en\/wp-json\/wp\/v2\/product_cat?post=7040"},{"taxonomy":"product_tag","embeddable":true,"href":"https:\/\/lanzaroteartgallery.com\/en\/wp-json\/wp\/v2\/product_tag?post=7040"}],"curies":[{"name":"wp","href":"https:\/\/api.w.org\/{rel}","templated":true}]}}