{"id":7038,"date":"2021-12-07T18:16:14","date_gmt":"2021-12-07T18:16:14","guid":{"rendered":"https:\/\/lanzaroteartgallery.com\/?post_type=product&#038;p=7038"},"modified":"2024-01-31T13:36:22","modified_gmt":"2024-01-31T13:36:22","slug":"summer-white-horse","status":"publish","type":"product","link":"https:\/\/lanzaroteartgallery.com\/en\/work\/summer-white-horse\/","title":{"rendered":"Summer White Horse"},"content":{"rendered":"","protected":false},"excerpt":{"rendered":"<p>I spend most summers in Spain. When I get out of the plane I can already feel that the light is literally heavy. The shadows are pronounced and the figures are cut out, turning the volume into something rounded. The range of colours turns to yellow and the contrasts are pronounced.<\/p>\n","protected":false},"featured_media":6528,"template":"","meta":{"_kad_blocks_custom_css":"","_kad_blocks_head_custom_js":"","_kad_blocks_body_custom_js":"","_kad_blocks_footer_custom_js":""},"product_brand":[],"product_cat":[860,601,621,865,910,914,911,909,912,916,867,869,870,854,866],"product_tag":[1045,1044,922,921,987],"class_list":{"0":"post-7038","1":"product","2":"type-product","3":"status-publish","4":"has-post-thumbnail","6":"product_cat-abstracto","7":"product_cat-arte-global-artistas","8":"product_cat-begona-lafuente-lopez","9":"product_cat-conceptual","10":"product_cat-cuadro-grande","11":"product_cat-cuadros-decoracion-salon","12":"product_cat-cuadros-decorativos-salon","13":"product_cat-cuadros-grandes-para-salon","14":"product_cat-cuadros-habitacion","15":"product_cat-cuadros-para-dormitorios","16":"product_cat-escena-de-genero","17":"product_cat-fashion","18":"product_cat-paisajismo","19":"product_cat-pintura","20":"product_cat-desnudo","21":"product_tag-acrilico-y-pastel","22":"product_tag-collage-abstracto","23":"product_tag-lienzo","24":"product_tag-oleo","25":"product_tag-tecnica-mixta","27":"first","28":"instock","29":"taxable","30":"shipping-taxable","31":"purchasable","32":"product-type-simple"},"aioseo_notices":[],"taxonomy_info":{"product_cat":[{"value":860,"label":"Abstract"},{"value":601,"label":"Art Space"},{"value":621,"label":"Bego\u00f1a Lafuente"},{"value":865,"label":"Conceptual"},{"value":910,"label":"Big Picture"},{"value":914,"label":"Paintings Living Room Decoration"},{"value":911,"label":"Decorative Paintings Living Room"},{"value":909,"label":"Large Paintings for the Living Room"},{"value":912,"label":"Bedroom Paintings"},{"value":916,"label":"Bedroom Paintings"},{"value":867,"label":"Gender Scene"},{"value":869,"label":"Fashion"},{"value":870,"label":"Paisajismo"},{"value":854,"label":"Painting"},{"value":866,"label":"Nude"}],"product_tag":[{"value":1045,"label":"acr\u00edlico y pastel"},{"value":1044,"label":"collage abstracto"},{"value":922,"label":"lienzo"},{"value":921,"label":"\u00f3leo"},{"value":987,"label":"t\u00e9cnica mixta"}]},"featured_image_src_large":["https:\/\/lanzaroteartgallery.com\/wp-content\/uploads\/2021\/12\/SUMMER-WHITE-HORSE.jpg",1013,1024,false],"author_info":[],"comment_info":"","_links":{"self":[{"href":"https:\/\/lanzaroteartgallery.com\/en\/wp-json\/wp\/v2\/product\/7038","targetHints":{"allow":["GET"]}}],"collection":[{"href":"https:\/\/lanzaroteartgallery.com\/en\/wp-json\/wp\/v2\/product"}],"about":[{"href":"https:\/\/lanzaroteartgallery.com\/en\/wp-json\/wp\/v2\/types\/product"}],"wp:featuredmedia":[{"embeddable":true,"href":"https:\/\/lanzaroteartgallery.com\/en\/wp-json\/wp\/v2\/media\/6528"}],"wp:attachment":[{"href":"https:\/\/lanzaroteartgallery.com\/en\/wp-json\/wp\/v2\/media?parent=7038"}],"wp:term":[{"taxonomy":"product_brand","embeddable":true,"href":"https:\/\/lanzaroteartgallery.com\/en\/wp-json\/wp\/v2\/product_brand?post=7038"},{"taxonomy":"product_cat","embeddable":true,"href":"https:\/\/lanzaroteartgallery.com\/en\/wp-json\/wp\/v2\/product_cat?post=7038"},{"taxonomy":"product_tag","embeddable":true,"href":"https:\/\/lanzaroteartgallery.com\/en\/wp-json\/wp\/v2\/product_tag?post=7038"}],"curies":[{"name":"wp","href":"https:\/\/api.w.org\/{rel}","templated":true}]}}