{"id":642,"date":"2017-02-06T14:11:10","date_gmt":"2017-02-06T14:11:10","guid":{"rendered":"http:\/\/lanzaroteartgallery.com\/obra\/01-untitled-3-2-2-2-2-2-2-2-2-2-2-2-2-2\/"},"modified":"2023-09-21T18:45:07","modified_gmt":"2023-09-21T17:45:07","slug":"5a-serie-mixtaarpillera","status":"publish","type":"product","link":"https:\/\/lanzaroteartgallery.com\/en\/work\/5a-serie-mixtaarpillera\/","title":{"rendered":"12A: Serie.Mixta\/Arpillera"},"content":{"rendered":"","protected":false},"excerpt":{"rendered":"","protected":false},"featured_media":637,"template":"","meta":{"_kad_blocks_custom_css":"","_kad_blocks_head_custom_js":"","_kad_blocks_body_custom_js":"","_kad_blocks_footer_custom_js":""},"product_brand":[],"product_cat":[860,864,865,919,916,917,27,870],"product_tag":[980,1390,1056,922,926,1389,987],"class_list":{"0":"post-642","1":"product","2":"type-product","3":"status-publish","4":"has-post-thumbnail","6":"product_cat-abstracto","7":"product_cat-bodegon","8":"product_cat-conceptual","9":"product_cat-cuadros-para-banos","10":"product_cat-cuadros-para-dormitorios","11":"product_cat-cuadros-para-pasillos","12":"product_cat-jesus-torrez-afonso","13":"product_cat-paisajismo","14":"product_tag-acrilico","15":"product_tag-arpillera","16":"product_tag-carton","17":"product_tag-lienzo","18":"product_tag-papel","19":"product_tag-serie","20":"product_tag-tecnica-mixta","22":"first","23":"instock","24":"taxable","25":"shipping-taxable","26":"purchasable","27":"product-type-simple"},"aioseo_notices":[],"taxonomy_info":{"product_cat":[{"value":860,"label":"Abstract"},{"value":864,"label":"Still life"},{"value":865,"label":"Conceptual"},{"value":919,"label":"Pictures for bathrooms"},{"value":916,"label":"Bedroom Paintings"},{"value":917,"label":"Corridor Paintings"},{"value":27,"label":"Jes\u00fas Torrez Afonso"},{"value":870,"label":"Paisajismo"}],"product_tag":[{"value":980,"label":"acr\u00edlico"},{"value":1390,"label":"arpillera"},{"value":1056,"label":"cart\u00f3n"},{"value":922,"label":"lienzo"},{"value":926,"label":"papel"},{"value":1389,"label":"Serie"},{"value":987,"label":"t\u00e9cnica mixta"}]},"featured_image_src_large":["https:\/\/lanzaroteartgallery.com\/wp-content\/uploads\/2017\/02\/04-MixtaArpillera-12x17-Soporte23x28.jpg",718,604,false],"author_info":[],"comment_info":"","_links":{"self":[{"href":"https:\/\/lanzaroteartgallery.com\/en\/wp-json\/wp\/v2\/product\/642","targetHints":{"allow":["GET"]}}],"collection":[{"href":"https:\/\/lanzaroteartgallery.com\/en\/wp-json\/wp\/v2\/product"}],"about":[{"href":"https:\/\/lanzaroteartgallery.com\/en\/wp-json\/wp\/v2\/types\/product"}],"wp:featuredmedia":[{"embeddable":true,"href":"https:\/\/lanzaroteartgallery.com\/en\/wp-json\/wp\/v2\/media\/637"}],"wp:attachment":[{"href":"https:\/\/lanzaroteartgallery.com\/en\/wp-json\/wp\/v2\/media?parent=642"}],"wp:term":[{"taxonomy":"product_brand","embeddable":true,"href":"https:\/\/lanzaroteartgallery.com\/en\/wp-json\/wp\/v2\/product_brand?post=642"},{"taxonomy":"product_cat","embeddable":true,"href":"https:\/\/lanzaroteartgallery.com\/en\/wp-json\/wp\/v2\/product_cat?post=642"},{"taxonomy":"product_tag","embeddable":true,"href":"https:\/\/lanzaroteartgallery.com\/en\/wp-json\/wp\/v2\/product_tag?post=642"}],"curies":[{"name":"wp","href":"https:\/\/api.w.org\/{rel}","templated":true}]}}