{"id":633,"date":"2017-02-06T13:58:44","date_gmt":"2017-02-06T13:58:44","guid":{"rendered":"http:\/\/lanzaroteartgallery.com\/obra\/01-untitled-3-2-2-2-2-2-2-2-2-2\/"},"modified":"2023-09-21T18:47:16","modified_gmt":"2023-09-21T17:47:16","slug":"1a-serie-mixtaarpillera","status":"publish","type":"product","link":"https:\/\/lanzaroteartgallery.com\/en\/work\/1a-serie-mixtaarpillera\/","title":{"rendered":"10A: Serie.Mixta\/Arpillera"},"content":{"rendered":"","protected":false},"excerpt":{"rendered":"","protected":false},"featured_media":634,"template":"","meta":{"_kad_blocks_custom_css":"","_kad_blocks_head_custom_js":"","_kad_blocks_body_custom_js":"","_kad_blocks_footer_custom_js":""},"product_brand":[],"product_cat":[860,864,865,919,916,917,27],"product_tag":[980,1390,1056,922,926,1389,987],"class_list":{"0":"post-633","1":"product","2":"type-product","3":"status-publish","4":"has-post-thumbnail","6":"product_cat-abstracto","7":"product_cat-bodegon","8":"product_cat-conceptual","9":"product_cat-cuadros-para-banos","10":"product_cat-cuadros-para-dormitorios","11":"product_cat-cuadros-para-pasillos","12":"product_cat-jesus-torrez-afonso","13":"product_tag-acrilico","14":"product_tag-arpillera","15":"product_tag-carton","16":"product_tag-lienzo","17":"product_tag-papel","18":"product_tag-serie","19":"product_tag-tecnica-mixta","21":"first","22":"instock","23":"taxable","24":"shipping-taxable","25":"purchasable","26":"product-type-simple"},"aioseo_notices":[],"taxonomy_info":{"product_cat":[{"value":860,"label":"Abstract"},{"value":864,"label":"Still life"},{"value":865,"label":"Conceptual"},{"value":919,"label":"Pictures for bathrooms"},{"value":916,"label":"Bedroom Paintings"},{"value":917,"label":"Corridor Paintings"},{"value":27,"label":"Jes\u00fas Torrez Afonso"}],"product_tag":[{"value":980,"label":"acr\u00edlico"},{"value":1390,"label":"arpillera"},{"value":1056,"label":"cart\u00f3n"},{"value":922,"label":"lienzo"},{"value":926,"label":"papel"},{"value":1389,"label":"Serie"},{"value":987,"label":"t\u00e9cnica mixta"}]},"featured_image_src_large":["https:\/\/lanzaroteartgallery.com\/wp-content\/uploads\/2017\/02\/01-MixtaArpillera-12x12-Soporte23x23.jpg",749,788,false],"author_info":[],"comment_info":"","_links":{"self":[{"href":"https:\/\/lanzaroteartgallery.com\/en\/wp-json\/wp\/v2\/product\/633","targetHints":{"allow":["GET"]}}],"collection":[{"href":"https:\/\/lanzaroteartgallery.com\/en\/wp-json\/wp\/v2\/product"}],"about":[{"href":"https:\/\/lanzaroteartgallery.com\/en\/wp-json\/wp\/v2\/types\/product"}],"wp:featuredmedia":[{"embeddable":true,"href":"https:\/\/lanzaroteartgallery.com\/en\/wp-json\/wp\/v2\/media\/634"}],"wp:attachment":[{"href":"https:\/\/lanzaroteartgallery.com\/en\/wp-json\/wp\/v2\/media?parent=633"}],"wp:term":[{"taxonomy":"product_brand","embeddable":true,"href":"https:\/\/lanzaroteartgallery.com\/en\/wp-json\/wp\/v2\/product_brand?post=633"},{"taxonomy":"product_cat","embeddable":true,"href":"https:\/\/lanzaroteartgallery.com\/en\/wp-json\/wp\/v2\/product_cat?post=633"},{"taxonomy":"product_tag","embeddable":true,"href":"https:\/\/lanzaroteartgallery.com\/en\/wp-json\/wp\/v2\/product_tag?post=633"}],"curies":[{"name":"wp","href":"https:\/\/api.w.org\/{rel}","templated":true}]}}