{"id":607,"date":"2017-02-06T11:06:01","date_gmt":"2017-02-06T11:06:01","guid":{"rendered":"http:\/\/lanzaroteartgallery.com\/obra\/clases-de-piano-2-2-2-2\/"},"modified":"2023-09-20T17:49:24","modified_gmt":"2023-09-20T16:49:24","slug":"indian-song","status":"publish","type":"product","link":"https:\/\/lanzaroteartgallery.com\/en\/work\/indian-song\/","title":{"rendered":"Indian-Song"},"content":{"rendered":"","protected":false},"excerpt":{"rendered":"<p class=\"qtranxs-available-languages-message qtranxs-available-languages-message-en\">Sorry, this entry is only available in <a href=\"https:\/\/lanzaroteartgallery.com\/es\/wp-json\/wp\/v2\/product\/607\" class=\"qtranxs-available-language-link qtranxs-available-language-link-es\" title=\"ES\">ES<\/a>.<\/p>\n<p>Indian-Song<\/p>\n","protected":false},"featured_media":608,"template":"","meta":{"_kad_blocks_custom_css":"","_kad_blocks_head_custom_js":"","_kad_blocks_body_custom_js":"","_kad_blocks_footer_custom_js":""},"product_brand":[],"product_cat":[860,22,865,911,912,916,917,913,867,868,869,854],"product_tag":[980,1218,925,922,921],"class_list":{"0":"post-607","1":"product","2":"type-product","3":"status-publish","4":"has-post-thumbnail","6":"product_cat-abstracto","7":"product_cat-arnaudon","8":"product_cat-conceptual","9":"product_cat-cuadros-decorativos-salon","10":"product_cat-cuadros-habitacion","11":"product_cat-cuadros-para-dormitorios","12":"product_cat-cuadros-para-pasillos","13":"product_cat-cuadros-relajantes-para-salon","14":"product_cat-escena-de-genero","15":"product_cat-fantasia","16":"product_cat-fashion","17":"product_cat-pintura","18":"product_tag-acrilico","19":"product_tag-figuras","20":"product_tag-geometrico","21":"product_tag-lienzo","22":"product_tag-oleo","24":"first","25":"instock","26":"taxable","27":"shipping-taxable","28":"purchasable","29":"product-type-simple"},"aioseo_notices":[],"taxonomy_info":{"product_cat":[{"value":860,"label":"Abstract"},{"value":22,"label":"Arnaudon"},{"value":865,"label":"Conceptual"},{"value":911,"label":"Decorative Paintings Living Room"},{"value":912,"label":"Bedroom Paintings"},{"value":916,"label":"Bedroom Paintings"},{"value":917,"label":"Corridor Paintings"},{"value":913,"label":"Relaxing Paintings for the Living Room"},{"value":867,"label":"Gender Scene"},{"value":868,"label":"Fantasy"},{"value":869,"label":"Fashion"},{"value":854,"label":"Painting"}],"product_tag":[{"value":980,"label":"acr\u00edlico"},{"value":1218,"label":"figuras"},{"value":925,"label":"geom\u00e9trico"},{"value":922,"label":"lienzo"},{"value":921,"label":"\u00f3leo"}]},"featured_image_src_large":["https:\/\/lanzaroteartgallery.com\/wp-content\/uploads\/2017\/02\/n\u00ba-23-Indian-song-130-x-130-cms.-acr\u00edlico-s-lienzo-1016x1024.jpg",1016,1024,true],"author_info":[],"comment_info":"","_links":{"self":[{"href":"https:\/\/lanzaroteartgallery.com\/en\/wp-json\/wp\/v2\/product\/607","targetHints":{"allow":["GET"]}}],"collection":[{"href":"https:\/\/lanzaroteartgallery.com\/en\/wp-json\/wp\/v2\/product"}],"about":[{"href":"https:\/\/lanzaroteartgallery.com\/en\/wp-json\/wp\/v2\/types\/product"}],"wp:featuredmedia":[{"embeddable":true,"href":"https:\/\/lanzaroteartgallery.com\/en\/wp-json\/wp\/v2\/media\/608"}],"wp:attachment":[{"href":"https:\/\/lanzaroteartgallery.com\/en\/wp-json\/wp\/v2\/media?parent=607"}],"wp:term":[{"taxonomy":"product_brand","embeddable":true,"href":"https:\/\/lanzaroteartgallery.com\/en\/wp-json\/wp\/v2\/product_brand?post=607"},{"taxonomy":"product_cat","embeddable":true,"href":"https:\/\/lanzaroteartgallery.com\/en\/wp-json\/wp\/v2\/product_cat?post=607"},{"taxonomy":"product_tag","embeddable":true,"href":"https:\/\/lanzaroteartgallery.com\/en\/wp-json\/wp\/v2\/product_tag?post=607"}],"curies":[{"name":"wp","href":"https:\/\/api.w.org\/{rel}","templated":true}]}}