{"id":6032,"date":"2021-11-13T12:43:02","date_gmt":"2021-11-13T12:43:02","guid":{"rendered":"https:\/\/lanzaroteartgallery.com\/?post_type=product&#038;p=6032"},"modified":"2024-03-05T17:51:51","modified_gmt":"2024-03-05T17:51:51","slug":"a-un-metro-del-suelo","status":"publish","type":"product","link":"https:\/\/lanzaroteartgallery.com\/en\/work\/one-metre-off-the-ground\/","title":{"rendered":"One metre off the ground"},"content":{"rendered":"","protected":false},"excerpt":{"rendered":"<p>Ale Feij\u00f3 busc\u00f3 expresar en esta obra la oposici\u00f3n de aquel que sue\u00f1a y vive sin tener los pies sobre la tierra y ese otro que lo observa desde la realidad m\u00e1s cruda. El amor idealizado representado en esos pies alejados del suelo y la figura femenina en oposici\u00f3n, un amor real que espera.<\/p>\n","protected":false},"featured_media":5884,"template":"","meta":{"_kad_blocks_custom_css":"","_kad_blocks_head_custom_js":"","_kad_blocks_body_custom_js":"","_kad_blocks_footer_custom_js":""},"product_brand":[],"product_cat":[600,910,914,911,909,912,916,915,913,867,1449,866,863],"product_tag":[980,1015,1016,964,937,1019,1013,1014,922,956,1012,1017,1018,987],"class_list":{"0":"post-6032","1":"product","2":"type-product","3":"status-publish","4":"has-post-thumbnail","6":"product_cat-ale-feijo","7":"product_cat-cuadro-grande","8":"product_cat-cuadros-decoracion-salon","9":"product_cat-cuadros-decorativos-salon","10":"product_cat-cuadros-grandes-para-salon","11":"product_cat-cuadros-habitacion","12":"product_cat-cuadros-para-dormitorios","13":"product_cat-cuadros-para-salon-modernos","14":"product_cat-cuadros-relajantes-para-salon","15":"product_cat-escena-de-genero","16":"product_cat-figurativo","17":"product_cat-desnudo","18":"product_cat-autorretrato","19":"product_tag-acrilico","20":"product_tag-belleza","21":"product_tag-cuerpo-perfecto","22":"product_tag-cuerpos","23":"product_tag-desnudo","24":"product_tag-expresionismo-figurativo","25":"product_tag-libertad","26":"product_tag-libres","27":"product_tag-lienzo","28":"product_tag-mujeres","29":"product_tag-piel","30":"product_tag-poetica","31":"product_tag-sensaciones","32":"product_tag-tecnica-mixta","34":"first","35":"instock","36":"taxable","37":"shipping-taxable","38":"purchasable","39":"product-type-simple"},"aioseo_notices":[],"taxonomy_info":{"product_cat":[{"value":600,"label":"Ale Feij\u00f3"},{"value":910,"label":"Big Picture"},{"value":914,"label":"Paintings Living Room Decoration"},{"value":911,"label":"Decorative Paintings Living Room"},{"value":909,"label":"Large Paintings for the Living Room"},{"value":912,"label":"Bedroom Paintings"},{"value":916,"label":"Bedroom Paintings"},{"value":915,"label":"Modern Living Room Paintings"},{"value":913,"label":"Relaxing Paintings for the Living Room"},{"value":867,"label":"Gender Scene"},{"value":1449,"label":"Figurative"},{"value":866,"label":"Nude"},{"value":863,"label":"Retrato"}],"product_tag":[{"value":980,"label":"acr\u00edlico"},{"value":1015,"label":"belleza"},{"value":1016,"label":"cuerpo perfecto"},{"value":964,"label":"cuerpos"},{"value":937,"label":"Desnudo"},{"value":1019,"label":"expresionismo figurativo"},{"value":1013,"label":"libertad"},{"value":1014,"label":"libres"},{"value":922,"label":"lienzo"},{"value":956,"label":"mujeres"},{"value":1012,"label":"piel"},{"value":1017,"label":"po\u00e9tica"},{"value":1018,"label":"sensaciones"},{"value":987,"label":"t\u00e9cnica mixta"}]},"featured_image_src_large":["https:\/\/lanzaroteartgallery.com\/wp-content\/uploads\/2021\/10\/A-un-metro-del-suelo-120-x-120-1024x1021.jpg",1024,1021,true],"author_info":[],"comment_info":"","_links":{"self":[{"href":"https:\/\/lanzaroteartgallery.com\/en\/wp-json\/wp\/v2\/product\/6032","targetHints":{"allow":["GET"]}}],"collection":[{"href":"https:\/\/lanzaroteartgallery.com\/en\/wp-json\/wp\/v2\/product"}],"about":[{"href":"https:\/\/lanzaroteartgallery.com\/en\/wp-json\/wp\/v2\/types\/product"}],"wp:featuredmedia":[{"embeddable":true,"href":"https:\/\/lanzaroteartgallery.com\/en\/wp-json\/wp\/v2\/media\/5884"}],"wp:attachment":[{"href":"https:\/\/lanzaroteartgallery.com\/en\/wp-json\/wp\/v2\/media?parent=6032"}],"wp:term":[{"taxonomy":"product_brand","embeddable":true,"href":"https:\/\/lanzaroteartgallery.com\/en\/wp-json\/wp\/v2\/product_brand?post=6032"},{"taxonomy":"product_cat","embeddable":true,"href":"https:\/\/lanzaroteartgallery.com\/en\/wp-json\/wp\/v2\/product_cat?post=6032"},{"taxonomy":"product_tag","embeddable":true,"href":"https:\/\/lanzaroteartgallery.com\/en\/wp-json\/wp\/v2\/product_tag?post=6032"}],"curies":[{"name":"wp","href":"https:\/\/api.w.org\/{rel}","templated":true}]}}