{"id":5703,"date":"2021-10-07T13:11:06","date_gmt":"2021-10-07T12:11:06","guid":{"rendered":"https:\/\/lanzaroteartgallery.com\/en\/?post_type=product&#038;p=5703"},"modified":"2023-09-19T18:55:07","modified_gmt":"2023-09-19T17:55:07","slug":"antonio-villanueva-01-cafe-gijon","status":"publish","type":"product","link":"https:\/\/lanzaroteartgallery.com\/en\/work\/01-cafe-gijon-antonio-villanueva\/","title":{"rendered":"01 Caf\u00e9 Gij\u00f3n Antonio Villanueva"},"content":{"rendered":"","protected":false},"excerpt":{"rendered":"","protected":false},"featured_media":5700,"template":"","meta":{"_kad_blocks_custom_css":"","_kad_blocks_head_custom_js":"","_kad_blocks_body_custom_js":"","_kad_blocks_footer_custom_js":""},"product_brand":[],"product_cat":[851,864,914,912,917,915,867,854,863],"product_tag":[959,1053,1052,921,926,987],"class_list":{"0":"post-5703","1":"product","2":"type-product","3":"status-publish","4":"has-post-thumbnail","6":"product_cat-antonio-villanueva","7":"product_cat-bodegon","8":"product_cat-cuadros-decoracion-salon","9":"product_cat-cuadros-habitacion","10":"product_cat-cuadros-para-pasillos","11":"product_cat-cuadros-para-salon-modernos","12":"product_cat-escena-de-genero","13":"product_cat-pintura","14":"product_cat-autorretrato","15":"product_tag-cafe","16":"product_tag-cafe-gijon","17":"product_tag-jazz","18":"product_tag-oleo","19":"product_tag-papel","20":"product_tag-tecnica-mixta","22":"first","23":"instock","24":"taxable","25":"shipping-taxable","26":"purchasable","27":"product-type-simple"},"aioseo_notices":[],"taxonomy_info":{"product_cat":[{"value":851,"label":"Antonio V"},{"value":864,"label":"Still life"},{"value":914,"label":"Paintings Living Room Decoration"},{"value":912,"label":"Bedroom Paintings"},{"value":917,"label":"Corridor Paintings"},{"value":915,"label":"Modern Living Room Paintings"},{"value":867,"label":"Gender Scene"},{"value":854,"label":"Painting"},{"value":863,"label":"Retrato"}],"product_tag":[{"value":959,"label":"caf\u00e9"},{"value":1053,"label":"caf\u00e9 gij\u00f3n"},{"value":1052,"label":"jazz"},{"value":921,"label":"\u00f3leo"},{"value":926,"label":"papel"},{"value":987,"label":"t\u00e9cnica mixta"}]},"featured_image_src_large":["https:\/\/lanzaroteartgallery.com\/wp-content\/uploads\/2021\/10\/AV-01-Cafe-Gijon-35-x25-Oleo-Lienzo-768x1024.jpg",768,1024,true],"author_info":[],"comment_info":"","_links":{"self":[{"href":"https:\/\/lanzaroteartgallery.com\/en\/wp-json\/wp\/v2\/product\/5703","targetHints":{"allow":["GET"]}}],"collection":[{"href":"https:\/\/lanzaroteartgallery.com\/en\/wp-json\/wp\/v2\/product"}],"about":[{"href":"https:\/\/lanzaroteartgallery.com\/en\/wp-json\/wp\/v2\/types\/product"}],"wp:featuredmedia":[{"embeddable":true,"href":"https:\/\/lanzaroteartgallery.com\/en\/wp-json\/wp\/v2\/media\/5700"}],"wp:attachment":[{"href":"https:\/\/lanzaroteartgallery.com\/en\/wp-json\/wp\/v2\/media?parent=5703"}],"wp:term":[{"taxonomy":"product_brand","embeddable":true,"href":"https:\/\/lanzaroteartgallery.com\/en\/wp-json\/wp\/v2\/product_brand?post=5703"},{"taxonomy":"product_cat","embeddable":true,"href":"https:\/\/lanzaroteartgallery.com\/en\/wp-json\/wp\/v2\/product_cat?post=5703"},{"taxonomy":"product_tag","embeddable":true,"href":"https:\/\/lanzaroteartgallery.com\/en\/wp-json\/wp\/v2\/product_tag?post=5703"}],"curies":[{"name":"wp","href":"https:\/\/api.w.org\/{rel}","templated":true}]}}