{"id":503,"date":"2017-02-03T13:01:14","date_gmt":"2017-02-03T13:01:14","guid":{"rendered":"http:\/\/lanzaroteartgallery.com\/producto\/un-paseo-en-barco-2-2-2-2-3-2-2-2-2\/"},"modified":"2024-03-08T18:32:22","modified_gmt":"2024-03-08T18:32:22","slug":"metro","status":"publish","type":"product","link":"https:\/\/lanzaroteartgallery.com\/en\/work\/metro\/","title":{"rendered":"Metro"},"content":{"rendered":"","protected":false},"excerpt":{"rendered":"<p class=\"Normal1\"><span lang=\"EN\">SUBWAY 31,89 x 44,88 inch<\/span><\/p>\n<p class=\"Normal1\"><span lang=\"EN\">Two strangers share a short journey under the skin of the city, indifferent to what surrounds them, absorbed in their inner world.\u00a0 Any morning on the subway.<\/span><\/p>\n<p class=\"Normal1\"><span lang=\"EN\">\u00a0<\/span><\/p>\n<p>&lt;!&#8211;<br \/>\n<span class=\"woocommerce-Price-amount2\"><\/span><br \/>\n&#8211;&gt;<\/p>\n","protected":false},"featured_media":504,"template":"","meta":{"_kad_blocks_custom_css":"","_kad_blocks_head_custom_js":"","_kad_blocks_body_custom_js":"","_kad_blocks_footer_custom_js":""},"product_brand":[],"product_cat":[17,865,910,914,911,909,912,916,915,913,867,23,1449,854,861,863],"product_tag":[1030,1031,1034,1037,1038,1036,922,956,1039,921,1028,1032,1027,1033,1035,1029],"class_list":{"0":"post-503","1":"product","2":"type-product","3":"status-publish","4":"has-post-thumbnail","6":"product_cat-artistas","7":"product_cat-conceptual","8":"product_cat-cuadro-grande","9":"product_cat-cuadros-decoracion-salon","10":"product_cat-cuadros-decorativos-salon","11":"product_cat-cuadros-grandes-para-salon","12":"product_cat-cuadros-habitacion","13":"product_cat-cuadros-para-dormitorios","14":"product_cat-cuadros-para-salon-modernos","15":"product_cat-cuadros-relajantes-para-salon","16":"product_cat-escena-de-genero","17":"product_cat-fabio-hurtado","18":"product_cat-figurativo","19":"product_cat-pintura","20":"product_cat-animales","21":"product_cat-autorretrato","22":"product_tag-animales","23":"product_tag-descanso","24":"product_tag-estructura-geometrica","25":"product_tag-expresion-sensual","26":"product_tag-intimista","27":"product_tag-introspeccion","28":"product_tag-lienzo","29":"product_tag-mujeres","30":"product_tag-mujeres-autosuficientes","31":"product_tag-oleo","32":"product_tag-paisaje","33":"product_tag-partida","34":"product_tag-retrato","35":"product_tag-sensualidad-femenina","36":"product_tag-viajeras-solitarias","37":"product_tag-viajes","39":"first","40":"instock","41":"sold-individually","42":"taxable","43":"shipping-taxable","44":"purchasable","45":"product-type-simple"},"aioseo_notices":[],"taxonomy_info":{"product_cat":[{"value":17,"label":"Artistas"},{"value":865,"label":"Conceptual"},{"value":910,"label":"Big Picture"},{"value":914,"label":"Paintings Living Room Decoration"},{"value":911,"label":"Decorative Paintings Living Room"},{"value":909,"label":"Large Paintings for the Living Room"},{"value":912,"label":"Bedroom Paintings"},{"value":916,"label":"Bedroom Paintings"},{"value":915,"label":"Modern Living Room Paintings"},{"value":913,"label":"Relaxing Paintings for the Living Room"},{"value":867,"label":"Gender Scene"},{"value":23,"label":"Fabio Hurtado"},{"value":1449,"label":"Figurative"},{"value":854,"label":"Painting"},{"value":861,"label":"Animals"},{"value":863,"label":"Retrato"}],"product_tag":[{"value":1030,"label":"animales"},{"value":1031,"label":"descanso"},{"value":1034,"label":"estructura geom\u00e9trica"},{"value":1037,"label":"expresi\u00f3n sensual"},{"value":1038,"label":"intimista"},{"value":1036,"label":"introspecci\u00f3n"},{"value":922,"label":"lienzo"},{"value":956,"label":"mujeres"},{"value":1039,"label":"mujeres autosuficientes"},{"value":921,"label":"\u00f3leo"},{"value":1028,"label":"paisaje"},{"value":1032,"label":"partida"},{"value":1027,"label":"retrato"},{"value":1033,"label":"sensualidad femenina"},{"value":1035,"label":"Viajeras solitarias"},{"value":1029,"label":"viajes"}]},"featured_image_src_large":["https:\/\/lanzaroteartgallery.com\/wp-content\/uploads\/2017\/02\/12-Metro-81-x-114-cm-\u00f3leolienzo.jpg",1000,775,false],"author_info":[],"comment_info":"","_links":{"self":[{"href":"https:\/\/lanzaroteartgallery.com\/en\/wp-json\/wp\/v2\/product\/503","targetHints":{"allow":["GET"]}}],"collection":[{"href":"https:\/\/lanzaroteartgallery.com\/en\/wp-json\/wp\/v2\/product"}],"about":[{"href":"https:\/\/lanzaroteartgallery.com\/en\/wp-json\/wp\/v2\/types\/product"}],"wp:featuredmedia":[{"embeddable":true,"href":"https:\/\/lanzaroteartgallery.com\/en\/wp-json\/wp\/v2\/media\/504"}],"wp:attachment":[{"href":"https:\/\/lanzaroteartgallery.com\/en\/wp-json\/wp\/v2\/media?parent=503"}],"wp:term":[{"taxonomy":"product_brand","embeddable":true,"href":"https:\/\/lanzaroteartgallery.com\/en\/wp-json\/wp\/v2\/product_brand?post=503"},{"taxonomy":"product_cat","embeddable":true,"href":"https:\/\/lanzaroteartgallery.com\/en\/wp-json\/wp\/v2\/product_cat?post=503"},{"taxonomy":"product_tag","embeddable":true,"href":"https:\/\/lanzaroteartgallery.com\/en\/wp-json\/wp\/v2\/product_tag?post=503"}],"curies":[{"name":"wp","href":"https:\/\/api.w.org\/{rel}","templated":true}]}}