{"id":483,"date":"2017-02-03T12:35:08","date_gmt":"2017-02-03T12:35:08","guid":{"rendered":"http:\/\/lanzaroteartgallery.com\/producto\/un-paseo-en-barco-2\/"},"modified":"2024-03-08T18:35:12","modified_gmt":"2024-03-08T18:35:12","slug":"tropico-utopico-ii","status":"publish","type":"product","link":"https:\/\/lanzaroteartgallery.com\/en\/work\/utopian-tropic-ii\/","title":{"rendered":"Utopian Tropic II"},"content":{"rendered":"","protected":false},"excerpt":{"rendered":"<p class=\"Normal1\"><span lang=\"EN-US\">UTOPIAN TROPIC II \u00a0\u00a031,89 x 47,24 inch \u00a0Oil\/Canvas<\/span><\/p>\n<p class=\"Normal1\"><span lang=\"EN\">In this painting of intimacy and rounded shapes there is a certain dreamlike atmosphere, reinforced by the sensual expression of the woman and the symbolic presence of the heron.<\/span><\/p>\n<p class=\"Normal1\"><span lang=\"EN\">\u00a0<\/span><\/p>\n","protected":false},"featured_media":13789,"template":"","meta":{"_kad_blocks_custom_css":"","_kad_blocks_head_custom_js":"","_kad_blocks_body_custom_js":"","_kad_blocks_footer_custom_js":""},"product_brand":[],"product_cat":[910,914,911,909,912,916,915,913,867,23,1449,854,861,863],"product_tag":[1030,1031,1034,1037,1038,1036,922,956,1039,921,1028,1032,1027,1033,1035,1029],"class_list":{"0":"post-483","1":"product","2":"type-product","3":"status-publish","4":"has-post-thumbnail","6":"product_cat-cuadro-grande","7":"product_cat-cuadros-decoracion-salon","8":"product_cat-cuadros-decorativos-salon","9":"product_cat-cuadros-grandes-para-salon","10":"product_cat-cuadros-habitacion","11":"product_cat-cuadros-para-dormitorios","12":"product_cat-cuadros-para-salon-modernos","13":"product_cat-cuadros-relajantes-para-salon","14":"product_cat-escena-de-genero","15":"product_cat-fabio-hurtado","16":"product_cat-figurativo","17":"product_cat-pintura","18":"product_cat-animales","19":"product_cat-autorretrato","20":"product_tag-animales","21":"product_tag-descanso","22":"product_tag-estructura-geometrica","23":"product_tag-expresion-sensual","24":"product_tag-intimista","25":"product_tag-introspeccion","26":"product_tag-lienzo","27":"product_tag-mujeres","28":"product_tag-mujeres-autosuficientes","29":"product_tag-oleo","30":"product_tag-paisaje","31":"product_tag-partida","32":"product_tag-retrato","33":"product_tag-sensualidad-femenina","34":"product_tag-viajeras-solitarias","35":"product_tag-viajes","37":"first","38":"instock","39":"taxable","40":"shipping-taxable","41":"purchasable","42":"product-type-simple"},"aioseo_notices":[],"taxonomy_info":{"product_cat":[{"value":910,"label":"Big Picture"},{"value":914,"label":"Paintings Living Room Decoration"},{"value":911,"label":"Decorative Paintings Living Room"},{"value":909,"label":"Large Paintings for the Living Room"},{"value":912,"label":"Bedroom Paintings"},{"value":916,"label":"Bedroom Paintings"},{"value":915,"label":"Modern Living Room Paintings"},{"value":913,"label":"Relaxing Paintings for the Living Room"},{"value":867,"label":"Gender Scene"},{"value":23,"label":"Fabio Hurtado"},{"value":1449,"label":"Figurative"},{"value":854,"label":"Painting"},{"value":861,"label":"Animals"},{"value":863,"label":"Retrato"}],"product_tag":[{"value":1030,"label":"animales"},{"value":1031,"label":"descanso"},{"value":1034,"label":"estructura geom\u00e9trica"},{"value":1037,"label":"expresi\u00f3n sensual"},{"value":1038,"label":"intimista"},{"value":1036,"label":"introspecci\u00f3n"},{"value":922,"label":"lienzo"},{"value":956,"label":"mujeres"},{"value":1039,"label":"mujeres autosuficientes"},{"value":921,"label":"\u00f3leo"},{"value":1028,"label":"paisaje"},{"value":1032,"label":"partida"},{"value":1027,"label":"retrato"},{"value":1033,"label":"sensualidad femenina"},{"value":1035,"label":"Viajeras solitarias"},{"value":1029,"label":"viajes"}]},"featured_image_src_large":["https:\/\/lanzaroteartgallery.com\/wp-content\/uploads\/2017\/02\/TROPICO-UTOPICO-81x120-1.jpg",800,549,false],"author_info":[],"comment_info":"","_links":{"self":[{"href":"https:\/\/lanzaroteartgallery.com\/en\/wp-json\/wp\/v2\/product\/483","targetHints":{"allow":["GET"]}}],"collection":[{"href":"https:\/\/lanzaroteartgallery.com\/en\/wp-json\/wp\/v2\/product"}],"about":[{"href":"https:\/\/lanzaroteartgallery.com\/en\/wp-json\/wp\/v2\/types\/product"}],"wp:featuredmedia":[{"embeddable":true,"href":"https:\/\/lanzaroteartgallery.com\/en\/wp-json\/wp\/v2\/media\/13789"}],"wp:attachment":[{"href":"https:\/\/lanzaroteartgallery.com\/en\/wp-json\/wp\/v2\/media?parent=483"}],"wp:term":[{"taxonomy":"product_brand","embeddable":true,"href":"https:\/\/lanzaroteartgallery.com\/en\/wp-json\/wp\/v2\/product_brand?post=483"},{"taxonomy":"product_cat","embeddable":true,"href":"https:\/\/lanzaroteartgallery.com\/en\/wp-json\/wp\/v2\/product_cat?post=483"},{"taxonomy":"product_tag","embeddable":true,"href":"https:\/\/lanzaroteartgallery.com\/en\/wp-json\/wp\/v2\/product_tag?post=483"}],"curies":[{"name":"wp","href":"https:\/\/api.w.org\/{rel}","templated":true}]}}