{"id":4424,"date":"2021-05-12T17:33:23","date_gmt":"2021-05-12T16:33:23","guid":{"rendered":"https:\/\/lanzaroteartgallery.com\/?post_type=product&#038;p=4424"},"modified":"2023-09-19T20:33:53","modified_gmt":"2023-09-19T19:33:53","slug":"taza","status":"publish","type":"product","link":"https:\/\/lanzaroteartgallery.com\/en\/work\/cup\/","title":{"rendered":"Cup"},"content":{"rendered":"","protected":false},"excerpt":{"rendered":"","protected":false},"featured_media":4419,"template":"","meta":{"_kad_blocks_custom_css":"","_kad_blocks_head_custom_js":"","_kad_blocks_body_custom_js":"","_kad_blocks_footer_custom_js":""},"product_brand":[],"product_cat":[860,557,864,865,914,911,909,912,918,916,917,915,913,867,868,869,870,854,872],"product_tag":[1226,1232,980,1239,1234,1235,922,1242,1228,1236,1240,1231,1241,1227,987,1230,1237,1229,1238,1233],"class_list":{"0":"post-4424","1":"product","2":"type-product","3":"status-publish","4":"has-post-thumbnail","6":"product_cat-abstracto","7":"product_cat-ana-reynols","8":"product_cat-bodegon","9":"product_cat-conceptual","10":"product_cat-cuadros-decoracion-salon","11":"product_cat-cuadros-decorativos-salon","12":"product_cat-cuadros-grandes-para-salon","13":"product_cat-cuadros-habitacion","14":"product_cat-cuadros-para-cocinas","15":"product_cat-cuadros-para-dormitorios","16":"product_cat-cuadros-para-pasillos","17":"product_cat-cuadros-para-salon-modernos","18":"product_cat-cuadros-relajantes-para-salon","19":"product_cat-escena-de-genero","20":"product_cat-fantasia","21":"product_cat-fashion","22":"product_cat-paisajismo","23":"product_cat-pintura","24":"product_cat-street-art","25":"product_tag-acero","26":"product_tag-acero-oxidado","27":"product_tag-acrilico","28":"product_tag-espigon","29":"product_tag-fondo-de-mar","30":"product_tag-laton","31":"product_tag-lienzo","32":"product_tag-lisboa","33":"product_tag-metal","34":"product_tag-naturaleza","35":"product_tag-olas","36":"product_tag-pinceladas","37":"product_tag-portugal","38":"product_tag-tabla","39":"product_tag-tecnica-mixta","40":"product_tag-tranvia","41":"product_tag-urbanismo","42":"product_tag-vela-marina","43":"product_tag-vida-urbana","44":"product_tag-viento","46":"first","47":"instock","48":"taxable","49":"shipping-taxable","50":"purchasable","51":"product-type-simple"},"aioseo_notices":[],"taxonomy_info":{"product_cat":[{"value":860,"label":"Abstract"},{"value":557,"label":"Ana Reynolds"},{"value":864,"label":"Still life"},{"value":865,"label":"Conceptual"},{"value":914,"label":"Paintings Living Room Decoration"},{"value":911,"label":"Decorative Paintings Living Room"},{"value":909,"label":"Large Paintings for the Living Room"},{"value":912,"label":"Bedroom Paintings"},{"value":918,"label":"Pictures for Kitchens"},{"value":916,"label":"Bedroom Paintings"},{"value":917,"label":"Corridor Paintings"},{"value":915,"label":"Modern Living Room Paintings"},{"value":913,"label":"Relaxing Paintings for the Living Room"},{"value":867,"label":"Gender Scene"},{"value":868,"label":"Fantasy"},{"value":869,"label":"Fashion"},{"value":870,"label":"Paisajismo"},{"value":854,"label":"Painting"},{"value":872,"label":"Street Art"}],"product_tag":[{"value":1226,"label":"acero"},{"value":1232,"label":"acero oxidado"},{"value":980,"label":"acr\u00edlico"},{"value":1239,"label":"espig\u00f3n"},{"value":1234,"label":"fondo de mar"},{"value":1235,"label":"lat\u00f3n"},{"value":922,"label":"lienzo"},{"value":1242,"label":"lisboa"},{"value":1228,"label":"metal"},{"value":1236,"label":"naturaleza"},{"value":1240,"label":"olas"},{"value":1231,"label":"pinceladas"},{"value":1241,"label":"portugal"},{"value":1227,"label":"tabla"},{"value":987,"label":"t\u00e9cnica mixta"},{"value":1230,"label":"tranv\u00eda"},{"value":1237,"label":"urbanismo"},{"value":1229,"label":"vela marina"},{"value":1238,"label":"vida urbana"},{"value":1233,"label":"viento"}]},"featured_image_src_large":["https:\/\/lanzaroteartgallery.com\/wp-content\/uploads\/2021\/05\/TAZA-1012x1024.jpg",1012,1024,true],"author_info":[],"comment_info":"","_links":{"self":[{"href":"https:\/\/lanzaroteartgallery.com\/en\/wp-json\/wp\/v2\/product\/4424","targetHints":{"allow":["GET"]}}],"collection":[{"href":"https:\/\/lanzaroteartgallery.com\/en\/wp-json\/wp\/v2\/product"}],"about":[{"href":"https:\/\/lanzaroteartgallery.com\/en\/wp-json\/wp\/v2\/types\/product"}],"wp:featuredmedia":[{"embeddable":true,"href":"https:\/\/lanzaroteartgallery.com\/en\/wp-json\/wp\/v2\/media\/4419"}],"wp:attachment":[{"href":"https:\/\/lanzaroteartgallery.com\/en\/wp-json\/wp\/v2\/media?parent=4424"}],"wp:term":[{"taxonomy":"product_brand","embeddable":true,"href":"https:\/\/lanzaroteartgallery.com\/en\/wp-json\/wp\/v2\/product_brand?post=4424"},{"taxonomy":"product_cat","embeddable":true,"href":"https:\/\/lanzaroteartgallery.com\/en\/wp-json\/wp\/v2\/product_cat?post=4424"},{"taxonomy":"product_tag","embeddable":true,"href":"https:\/\/lanzaroteartgallery.com\/en\/wp-json\/wp\/v2\/product_tag?post=4424"}],"curies":[{"name":"wp","href":"https:\/\/api.w.org\/{rel}","templated":true}]}}