{"id":439,"date":"2017-02-02T20:24:34","date_gmt":"2017-02-02T20:24:34","guid":{"rendered":"http:\/\/lanzaroteartgallery.com\/producto\/cabezas-con-sombreros\/"},"modified":"2025-04-17T19:05:38","modified_gmt":"2025-04-17T18:05:38","slug":"reencuentro-o-despedida","status":"publish","type":"product","link":"https:\/\/lanzaroteartgallery.com\/en\/work\/reunion-or-farewell\/","title":{"rendered":"Reunion or Farewell."},"content":{"rendered":"<p>Consulte nuestros precios, haga su oferta, estaremos encantados de responderles.<\/p>\n<p>Ask for our prices, make your offer, we will be pleased to answer you.<\/p>\n","protected":false},"excerpt":{"rendered":"<p class=\"qtranxs-available-languages-message qtranxs-available-languages-message-en\">Sorry, this entry is only available in <a href=\"https:\/\/lanzaroteartgallery.com\/es\/wp-json\/wp\/v2\/product\/439\" class=\"qtranxs-available-language-link qtranxs-available-language-link-es\" title=\"ES\">ES<\/a>.<\/p>\n<p>Serie Rostros con Sombreros<\/p>\n<p>Alfredo Monta\u00f1a ha desarrollado una prol\u00edfica carrera art\u00edstica, destac\u00e1ndose por su capacidad de transmitir emociones profundas a trav\u00e9s de sus pinturas. Aunque muchos de sus trabajos se centran en la figura humana, lo hace desde un enfoque simb\u00f3lico y expresionista.<\/p>\n","protected":false},"featured_media":442,"template":"","meta":{"_kad_blocks_custom_css":"","_kad_blocks_head_custom_js":"","_kad_blocks_body_custom_js":"","_kad_blocks_footer_custom_js":""},"product_brand":[],"product_cat":[19,17,910,911,867,1449,854],"product_tag":[923,925,922,921,924],"class_list":{"0":"post-439","1":"product","2":"type-product","3":"status-publish","4":"has-post-thumbnail","6":"product_cat-alfredo-montana","7":"product_cat-artistas","8":"product_cat-cuadro-grande","9":"product_cat-cuadros-decorativos-salon","10":"product_cat-escena-de-genero","11":"product_cat-figurativo","12":"product_cat-pintura","13":"product_tag-figurativo","14":"product_tag-geometrico","15":"product_tag-lienzo","16":"product_tag-oleo","17":"product_tag-rostros","19":"first","20":"instock","21":"taxable","22":"shipping-taxable","23":"purchasable","24":"product-type-simple"},"aioseo_notices":[],"taxonomy_info":{"product_cat":[{"value":19,"label":"Alfredo Monta\u00f1a"},{"value":17,"label":"Artistas"},{"value":910,"label":"Big Picture"},{"value":911,"label":"Decorative Paintings Living Room"},{"value":867,"label":"Gender Scene"},{"value":1449,"label":"Figurative"},{"value":854,"label":"Painting"}],"product_tag":[{"value":923,"label":"figurativo"},{"value":925,"label":"geom\u00e9trico"},{"value":922,"label":"lienzo"},{"value":921,"label":"\u00f3leo"},{"value":924,"label":"rostros"}]},"featured_image_src_large":["https:\/\/lanzaroteartgallery.com\/wp-content\/uploads\/2017\/02\/15-REENCUENTRO-O-DESPEDIDA-130X97cm-\u00f3leolienzo.jpg",753,1000,false],"author_info":[],"comment_info":"","_links":{"self":[{"href":"https:\/\/lanzaroteartgallery.com\/en\/wp-json\/wp\/v2\/product\/439","targetHints":{"allow":["GET"]}}],"collection":[{"href":"https:\/\/lanzaroteartgallery.com\/en\/wp-json\/wp\/v2\/product"}],"about":[{"href":"https:\/\/lanzaroteartgallery.com\/en\/wp-json\/wp\/v2\/types\/product"}],"wp:featuredmedia":[{"embeddable":true,"href":"https:\/\/lanzaroteartgallery.com\/en\/wp-json\/wp\/v2\/media\/442"}],"wp:attachment":[{"href":"https:\/\/lanzaroteartgallery.com\/en\/wp-json\/wp\/v2\/media?parent=439"}],"wp:term":[{"taxonomy":"product_brand","embeddable":true,"href":"https:\/\/lanzaroteartgallery.com\/en\/wp-json\/wp\/v2\/product_brand?post=439"},{"taxonomy":"product_cat","embeddable":true,"href":"https:\/\/lanzaroteartgallery.com\/en\/wp-json\/wp\/v2\/product_cat?post=439"},{"taxonomy":"product_tag","embeddable":true,"href":"https:\/\/lanzaroteartgallery.com\/en\/wp-json\/wp\/v2\/product_tag?post=439"}],"curies":[{"name":"wp","href":"https:\/\/api.w.org\/{rel}","templated":true}]}}