{"id":3420,"date":"2020-06-05T17:43:04","date_gmt":"2020-06-05T17:43:04","guid":{"rendered":"https:\/\/lanzaroteartgallery.com\/?post_type=product&#038;p=3420"},"modified":"2024-03-08T18:53:30","modified_gmt":"2024-03-08T18:53:30","slug":"figura-y-esfera-iii","status":"publish","type":"product","link":"https:\/\/lanzaroteartgallery.com\/en\/work\/figure-and-sphere-iii\/","title":{"rendered":"Figure and Sphere III"},"content":{"rendered":"","protected":false},"excerpt":{"rendered":"","protected":false},"featured_media":3413,"template":"","meta":{"_kad_blocks_custom_css":"","_kad_blocks_head_custom_js":"","_kad_blocks_body_custom_js":"","_kad_blocks_footer_custom_js":""},"product_brand":[],"product_cat":[17,865,910,909,912,917,913,867,23,869,1449,863],"product_tag":[1040,1034,1019,925,922,921,1027],"class_list":{"0":"post-3420","1":"product","2":"type-product","3":"status-publish","4":"has-post-thumbnail","6":"product_cat-artistas","7":"product_cat-conceptual","8":"product_cat-cuadro-grande","9":"product_cat-cuadros-grandes-para-salon","10":"product_cat-cuadros-habitacion","11":"product_cat-cuadros-para-pasillos","12":"product_cat-cuadros-relajantes-para-salon","13":"product_cat-escena-de-genero","14":"product_cat-fabio-hurtado","15":"product_cat-fashion","16":"product_cat-figurativo","17":"product_cat-autorretrato","18":"product_tag-escenas","19":"product_tag-estructura-geometrica","20":"product_tag-expresionismo-figurativo","21":"product_tag-geometrico","22":"product_tag-lienzo","23":"product_tag-oleo","24":"product_tag-retrato","26":"first","27":"instock","28":"taxable","29":"shipping-taxable","30":"purchasable","31":"product-type-simple"},"aioseo_notices":[],"taxonomy_info":{"product_cat":[{"value":17,"label":"Artistas"},{"value":865,"label":"Conceptual"},{"value":910,"label":"Big Picture"},{"value":909,"label":"Large Paintings for the Living Room"},{"value":912,"label":"Bedroom Paintings"},{"value":917,"label":"Corridor Paintings"},{"value":913,"label":"Relaxing Paintings for the Living Room"},{"value":867,"label":"Gender Scene"},{"value":23,"label":"Fabio Hurtado"},{"value":869,"label":"Fashion"},{"value":1449,"label":"Figurative"},{"value":863,"label":"Retrato"}],"product_tag":[{"value":1040,"label":"escenas"},{"value":1034,"label":"estructura geom\u00e9trica"},{"value":1019,"label":"expresionismo figurativo"},{"value":925,"label":"geom\u00e9trico"},{"value":922,"label":"lienzo"},{"value":921,"label":"\u00f3leo"},{"value":1027,"label":"retrato"}]},"featured_image_src_large":["https:\/\/lanzaroteartgallery.com\/wp-content\/uploads\/2020\/06\/18-Figura-y-esfera-III-195-x-114-cms.-oli-amb-llen\u00e7-593x1024.jpg",593,1024,true],"author_info":[],"comment_info":"","_links":{"self":[{"href":"https:\/\/lanzaroteartgallery.com\/en\/wp-json\/wp\/v2\/product\/3420","targetHints":{"allow":["GET"]}}],"collection":[{"href":"https:\/\/lanzaroteartgallery.com\/en\/wp-json\/wp\/v2\/product"}],"about":[{"href":"https:\/\/lanzaroteartgallery.com\/en\/wp-json\/wp\/v2\/types\/product"}],"wp:featuredmedia":[{"embeddable":true,"href":"https:\/\/lanzaroteartgallery.com\/en\/wp-json\/wp\/v2\/media\/3413"}],"wp:attachment":[{"href":"https:\/\/lanzaroteartgallery.com\/en\/wp-json\/wp\/v2\/media?parent=3420"}],"wp:term":[{"taxonomy":"product_brand","embeddable":true,"href":"https:\/\/lanzaroteartgallery.com\/en\/wp-json\/wp\/v2\/product_brand?post=3420"},{"taxonomy":"product_cat","embeddable":true,"href":"https:\/\/lanzaroteartgallery.com\/en\/wp-json\/wp\/v2\/product_cat?post=3420"},{"taxonomy":"product_tag","embeddable":true,"href":"https:\/\/lanzaroteartgallery.com\/en\/wp-json\/wp\/v2\/product_tag?post=3420"}],"curies":[{"name":"wp","href":"https:\/\/api.w.org\/{rel}","templated":true}]}}