{"id":2608,"date":"2019-11-26T18:34:23","date_gmt":"2019-11-26T18:34:23","guid":{"rendered":"https:\/\/lanzaroteartgallery.com\/?post_type=product&#038;p=2608"},"modified":"2024-03-08T18:57:45","modified_gmt":"2024-03-08T18:57:45","slug":"el-expreso-de-shanghai","status":"publish","type":"product","link":"https:\/\/lanzaroteartgallery.com\/en\/work\/el-expreso-de-shanghai\/","title":{"rendered":"Shanghai Express"},"content":{"rendered":"<p><\/p>\n<p class=\"Cuerpo\"><span lang=\"EN-US\">\u00a0<\/span><\/p>\n<p><\/p>","protected":false},"excerpt":{"rendered":"<p>THE EXPRESS OF SHANGAI 44,88 x 35,04 inch Oil\/Canvas<\/p>\n<p>The Shanghai Express<\/p>\n<p>The Shanghai Express is part of a series of paintings about travelling.<br \/>\nThese works also suggest an interior journey: individuals who are just passing through, isolated and absorbed in their personal adventures.<\/p>\n<p>In this picture, a sophisticated woman seems pensive as she is transported through the East.<br \/>\nThe exotic peacock adds an element of fantasy to her reality.<\/p>\n<p>She gazes through the train window, lost in her thoughts, while life outside flashes past her.<br \/>\nJudging by her luggage, this will not be a short trip.<\/p>\n<p class=\"Cuerpo\">\n","protected":false},"featured_media":2605,"template":"","meta":{"_kad_blocks_custom_css":"","_kad_blocks_head_custom_js":"","_kad_blocks_body_custom_js":"","_kad_blocks_footer_custom_js":""},"product_brand":[],"product_cat":[17,910,914,911,909,912,916,915,913,23,1449,861,863],"product_tag":[1030,1031,1034,1037,1038,1036,922,956,1039,921,1028,1032,1027,1033,1035,1029],"class_list":{"0":"post-2608","1":"product","2":"type-product","3":"status-publish","4":"has-post-thumbnail","6":"product_cat-artistas","7":"product_cat-cuadro-grande","8":"product_cat-cuadros-decoracion-salon","9":"product_cat-cuadros-decorativos-salon","10":"product_cat-cuadros-grandes-para-salon","11":"product_cat-cuadros-habitacion","12":"product_cat-cuadros-para-dormitorios","13":"product_cat-cuadros-para-salon-modernos","14":"product_cat-cuadros-relajantes-para-salon","15":"product_cat-fabio-hurtado","16":"product_cat-figurativo","17":"product_cat-animales","18":"product_cat-autorretrato","19":"product_tag-animales","20":"product_tag-descanso","21":"product_tag-estructura-geometrica","22":"product_tag-expresion-sensual","23":"product_tag-intimista","24":"product_tag-introspeccion","25":"product_tag-lienzo","26":"product_tag-mujeres","27":"product_tag-mujeres-autosuficientes","28":"product_tag-oleo","29":"product_tag-paisaje","30":"product_tag-partida","31":"product_tag-retrato","32":"product_tag-sensualidad-femenina","33":"product_tag-viajeras-solitarias","34":"product_tag-viajes","36":"first","37":"instock","38":"taxable","39":"shipping-taxable","40":"purchasable","41":"product-type-simple"},"aioseo_notices":[],"taxonomy_info":{"product_cat":[{"value":17,"label":"Artistas"},{"value":910,"label":"Big Picture"},{"value":914,"label":"Paintings Living Room Decoration"},{"value":911,"label":"Decorative Paintings Living Room"},{"value":909,"label":"Large Paintings for the Living Room"},{"value":912,"label":"Bedroom Paintings"},{"value":916,"label":"Bedroom Paintings"},{"value":915,"label":"Modern Living Room Paintings"},{"value":913,"label":"Relaxing Paintings for the Living Room"},{"value":23,"label":"Fabio Hurtado"},{"value":1449,"label":"Figurative"},{"value":861,"label":"Animals"},{"value":863,"label":"Retrato"}],"product_tag":[{"value":1030,"label":"animales"},{"value":1031,"label":"descanso"},{"value":1034,"label":"estructura geom\u00e9trica"},{"value":1037,"label":"expresi\u00f3n sensual"},{"value":1038,"label":"intimista"},{"value":1036,"label":"introspecci\u00f3n"},{"value":922,"label":"lienzo"},{"value":956,"label":"mujeres"},{"value":1039,"label":"mujeres autosuficientes"},{"value":921,"label":"\u00f3leo"},{"value":1028,"label":"paisaje"},{"value":1032,"label":"partida"},{"value":1027,"label":"retrato"},{"value":1033,"label":"sensualidad femenina"},{"value":1035,"label":"Viajeras solitarias"},{"value":1029,"label":"viajes"}]},"featured_image_src_large":["https:\/\/lanzaroteartgallery.com\/wp-content\/uploads\/2019\/11\/24-El-expreso-de-Shanghai-114-x-89-cms.-olio-s-tela-787x1024.jpg",787,1024,true],"author_info":[],"comment_info":"","_links":{"self":[{"href":"https:\/\/lanzaroteartgallery.com\/en\/wp-json\/wp\/v2\/product\/2608","targetHints":{"allow":["GET"]}}],"collection":[{"href":"https:\/\/lanzaroteartgallery.com\/en\/wp-json\/wp\/v2\/product"}],"about":[{"href":"https:\/\/lanzaroteartgallery.com\/en\/wp-json\/wp\/v2\/types\/product"}],"wp:featuredmedia":[{"embeddable":true,"href":"https:\/\/lanzaroteartgallery.com\/en\/wp-json\/wp\/v2\/media\/2605"}],"wp:attachment":[{"href":"https:\/\/lanzaroteartgallery.com\/en\/wp-json\/wp\/v2\/media?parent=2608"}],"wp:term":[{"taxonomy":"product_brand","embeddable":true,"href":"https:\/\/lanzaroteartgallery.com\/en\/wp-json\/wp\/v2\/product_brand?post=2608"},{"taxonomy":"product_cat","embeddable":true,"href":"https:\/\/lanzaroteartgallery.com\/en\/wp-json\/wp\/v2\/product_cat?post=2608"},{"taxonomy":"product_tag","embeddable":true,"href":"https:\/\/lanzaroteartgallery.com\/en\/wp-json\/wp\/v2\/product_tag?post=2608"}],"curies":[{"name":"wp","href":"https:\/\/api.w.org\/{rel}","templated":true}]}}