{"id":2264,"date":"2019-06-26T17:26:02","date_gmt":"2019-06-26T16:26:02","guid":{"rendered":"https:\/\/lanzaroteartgallery.com\/?post_type=product&#038;p=2264"},"modified":"2024-03-18T20:23:35","modified_gmt":"2024-03-18T20:23:35","slug":"cafe-gijon","status":"publish","type":"product","link":"https:\/\/lanzaroteartgallery.com\/en\/work\/jose-lucas-murcia-entre-dos-siglos\/","title":{"rendered":"Jos\u00e9 Lucas -Murcia entre dos Siglos"},"content":{"rendered":"","protected":false},"excerpt":{"rendered":"<p><span style=\"color: #ff0000\">VENDIDO\/SOLD<\/span><\/p>\n","protected":false},"featured_media":2262,"template":"","meta":{"_kad_blocks_custom_css":"","_kad_blocks_head_custom_js":"","_kad_blocks_body_custom_js":"","_kad_blocks_footer_custom_js":""},"product_brand":[],"product_cat":[17,423,867,860,865,914,915,864,911,912,913,854],"product_tag":[926,921],"class_list":{"0":"post-2264","1":"product","2":"type-product","3":"status-publish","4":"has-post-thumbnail","6":"product_cat-artistas","7":"product_cat-artistas-varios","8":"product_cat-escena-de-genero","9":"product_cat-abstracto","10":"product_cat-conceptual","11":"product_cat-cuadros-decoracion-salon","12":"product_cat-cuadros-para-salon-modernos","13":"product_cat-bodegon","14":"product_cat-cuadros-decorativos-salon","15":"product_cat-cuadros-habitacion","16":"product_cat-cuadros-relajantes-para-salon","17":"product_cat-pintura","18":"product_tag-papel","19":"product_tag-oleo","21":"first","22":"outofstock","23":"taxable","24":"shipping-taxable","25":"purchasable","26":"product-type-simple"},"aioseo_notices":[],"taxonomy_info":{"product_cat":[{"value":17,"label":"Artistas"},{"value":423,"label":"Various Artists"},{"value":867,"label":"Gender Scene"},{"value":860,"label":"Abstract"},{"value":865,"label":"Conceptual"},{"value":914,"label":"Paintings Living Room Decoration"},{"value":915,"label":"Modern Living Room Paintings"},{"value":864,"label":"Still life"},{"value":911,"label":"Decorative Paintings Living Room"},{"value":912,"label":"Bedroom Paintings"},{"value":913,"label":"Relaxing Paintings for the Living Room"},{"value":854,"label":"Painting"}],"product_tag":[{"value":926,"label":"papel"},{"value":921,"label":"\u00f3leo"}]},"featured_image_src_large":["https:\/\/lanzaroteartgallery.com\/wp-content\/uploads\/2019\/06\/Jos\u00e9-Lucas-Caf\u00e9-Gij\u00f3n-Acr\u00edlicoPapel-100-x-81cm-712x1024.jpeg",712,1024,true],"author_info":[],"comment_info":"","_links":{"self":[{"href":"https:\/\/lanzaroteartgallery.com\/en\/wp-json\/wp\/v2\/product\/2264","targetHints":{"allow":["GET"]}}],"collection":[{"href":"https:\/\/lanzaroteartgallery.com\/en\/wp-json\/wp\/v2\/product"}],"about":[{"href":"https:\/\/lanzaroteartgallery.com\/en\/wp-json\/wp\/v2\/types\/product"}],"wp:featuredmedia":[{"embeddable":true,"href":"https:\/\/lanzaroteartgallery.com\/en\/wp-json\/wp\/v2\/media\/2262"}],"wp:attachment":[{"href":"https:\/\/lanzaroteartgallery.com\/en\/wp-json\/wp\/v2\/media?parent=2264"}],"wp:term":[{"taxonomy":"product_brand","embeddable":true,"href":"https:\/\/lanzaroteartgallery.com\/en\/wp-json\/wp\/v2\/product_brand?post=2264"},{"taxonomy":"product_cat","embeddable":true,"href":"https:\/\/lanzaroteartgallery.com\/en\/wp-json\/wp\/v2\/product_cat?post=2264"},{"taxonomy":"product_tag","embeddable":true,"href":"https:\/\/lanzaroteartgallery.com\/en\/wp-json\/wp\/v2\/product_tag?post=2264"}],"curies":[{"name":"wp","href":"https:\/\/api.w.org\/{rel}","templated":true}]}}