{"id":1763,"date":"2018-11-17T21:28:35","date_gmt":"2018-11-17T21:28:35","guid":{"rendered":"https:\/\/lanzaroteartgallery.com\/?post_type=product&#038;p=1763"},"modified":"2023-09-20T17:46:34","modified_gmt":"2023-09-20T16:46:34","slug":"pyramid-woman","status":"publish","type":"product","link":"https:\/\/lanzaroteartgallery.com\/en\/work\/pyramid-woman\/","title":{"rendered":"Pyramid-woman"},"content":{"rendered":"","protected":false},"excerpt":{"rendered":"<p class=\"qtranxs-available-languages-message qtranxs-available-languages-message-en\">Sorry, this entry is only available in <a href=\"https:\/\/lanzaroteartgallery.com\/es\/wp-json\/wp\/v2\/product\/1763\" class=\"qtranxs-available-language-link qtranxs-available-language-link-es\" title=\"ES\">ES<\/a>.<\/p>\n<p>Pyramid-woman<\/p>\n","protected":false},"featured_media":1766,"template":"","meta":{"_kad_blocks_custom_css":"","_kad_blocks_head_custom_js":"","_kad_blocks_body_custom_js":"","_kad_blocks_footer_custom_js":""},"product_brand":[],"product_cat":[22,865,911,912,916,917,913,867,868,869,854],"product_tag":[980,1218,925,922,921],"class_list":{"0":"post-1763","1":"product","2":"type-product","3":"status-publish","4":"has-post-thumbnail","6":"product_cat-arnaudon","7":"product_cat-conceptual","8":"product_cat-cuadros-decorativos-salon","9":"product_cat-cuadros-habitacion","10":"product_cat-cuadros-para-dormitorios","11":"product_cat-cuadros-para-pasillos","12":"product_cat-cuadros-relajantes-para-salon","13":"product_cat-escena-de-genero","14":"product_cat-fantasia","15":"product_cat-fashion","16":"product_cat-pintura","17":"product_tag-acrilico","18":"product_tag-figuras","19":"product_tag-geometrico","20":"product_tag-lienzo","21":"product_tag-oleo","23":"first","24":"instock","25":"taxable","26":"shipping-taxable","27":"purchasable","28":"product-type-simple"},"aioseo_notices":[],"taxonomy_info":{"product_cat":[{"value":22,"label":"Arnaudon"},{"value":865,"label":"Conceptual"},{"value":911,"label":"Decorative Paintings Living Room"},{"value":912,"label":"Bedroom Paintings"},{"value":916,"label":"Bedroom Paintings"},{"value":917,"label":"Corridor Paintings"},{"value":913,"label":"Relaxing Paintings for the Living Room"},{"value":867,"label":"Gender Scene"},{"value":868,"label":"Fantasy"},{"value":869,"label":"Fashion"},{"value":854,"label":"Painting"}],"product_tag":[{"value":980,"label":"acr\u00edlico"},{"value":1218,"label":"figuras"},{"value":925,"label":"geom\u00e9trico"},{"value":922,"label":"lienzo"},{"value":921,"label":"\u00f3leo"}]},"featured_image_src_large":["https:\/\/lanzaroteartgallery.com\/wp-content\/uploads\/2018\/11\/7-Pyramid-woman-162-x-114-cms-acrylic-on-canvasg-717x1024.jpg",717,1024,true],"author_info":[],"comment_info":"","_links":{"self":[{"href":"https:\/\/lanzaroteartgallery.com\/en\/wp-json\/wp\/v2\/product\/1763","targetHints":{"allow":["GET"]}}],"collection":[{"href":"https:\/\/lanzaroteartgallery.com\/en\/wp-json\/wp\/v2\/product"}],"about":[{"href":"https:\/\/lanzaroteartgallery.com\/en\/wp-json\/wp\/v2\/types\/product"}],"wp:featuredmedia":[{"embeddable":true,"href":"https:\/\/lanzaroteartgallery.com\/en\/wp-json\/wp\/v2\/media\/1766"}],"wp:attachment":[{"href":"https:\/\/lanzaroteartgallery.com\/en\/wp-json\/wp\/v2\/media?parent=1763"}],"wp:term":[{"taxonomy":"product_brand","embeddable":true,"href":"https:\/\/lanzaroteartgallery.com\/en\/wp-json\/wp\/v2\/product_brand?post=1763"},{"taxonomy":"product_cat","embeddable":true,"href":"https:\/\/lanzaroteartgallery.com\/en\/wp-json\/wp\/v2\/product_cat?post=1763"},{"taxonomy":"product_tag","embeddable":true,"href":"https:\/\/lanzaroteartgallery.com\/en\/wp-json\/wp\/v2\/product_tag?post=1763"}],"curies":[{"name":"wp","href":"https:\/\/api.w.org\/{rel}","templated":true}]}}