{"id":1668,"date":"2018-06-13T11:01:21","date_gmt":"2018-06-13T10:01:21","guid":{"rendered":"https:\/\/lanzaroteartgallery.com\/?post_type=product&#038;p=1668"},"modified":"2024-06-04T19:38:48","modified_gmt":"2024-06-04T18:38:48","slug":"fascinus","status":"publish","type":"product","link":"https:\/\/lanzaroteartgallery.com\/en\/work\/fascinus\/","title":{"rendered":"Fascinus"},"content":{"rendered":"","protected":false},"excerpt":{"rendered":"<p class=\"qtranxs-available-languages-message qtranxs-available-languages-message-en\">Sorry, this entry is only available in <a href=\"https:\/\/lanzaroteartgallery.com\/es\/wp-json\/wp\/v2\/product\/1668\" class=\"qtranxs-available-language-link qtranxs-available-language-link-es\" title=\"ES\">ES<\/a>.<\/p>\n<p>Puntillismo<\/p>\n","protected":false},"featured_media":1669,"template":"","meta":{"_kad_blocks_custom_css":"","_kad_blocks_head_custom_js":"","_kad_blocks_body_custom_js":"","_kad_blocks_footer_custom_js":""},"product_brand":[],"product_cat":[17,865,912,916,867,26,854,866,863],"product_tag":[980,1057,1056,1059,1054,965,1051,1058,956,1055],"class_list":{"0":"post-1668","1":"product","2":"type-product","3":"status-publish","4":"has-post-thumbnail","6":"product_cat-artistas","7":"product_cat-conceptual","8":"product_cat-cuadros-habitacion","9":"product_cat-cuadros-para-dormitorios","10":"product_cat-escena-de-genero","11":"product_cat-modesto-roldan","12":"product_cat-pintura","13":"product_cat-desnudo","14":"product_cat-autorretrato","15":"product_tag-acrilico","16":"product_tag-aerografo","17":"product_tag-carton","18":"product_tag-desnudos","19":"product_tag-erotico","20":"product_tag-escenas-de-erotismo","21":"product_tag-madera","22":"product_tag-minotauro","23":"product_tag-mujeres","24":"product_tag-puntillismo","26":"first","27":"instock","28":"taxable","29":"shipping-taxable","30":"purchasable","31":"product-type-simple"},"aioseo_notices":[],"taxonomy_info":{"product_cat":[{"value":17,"label":"Artistas"},{"value":865,"label":"Conceptual"},{"value":912,"label":"Bedroom Paintings"},{"value":916,"label":"Bedroom Paintings"},{"value":867,"label":"Gender Scene"},{"value":26,"label":"Modesto Roldan"},{"value":854,"label":"Painting"},{"value":866,"label":"Nude"},{"value":863,"label":"Retrato"}],"product_tag":[{"value":980,"label":"acr\u00edlico"},{"value":1057,"label":"Aer\u00f3grafo"},{"value":1056,"label":"cart\u00f3n"},{"value":1059,"label":"desnudos"},{"value":1054,"label":"er\u00f3tico"},{"value":965,"label":"escenas de erotismo"},{"value":1051,"label":"madera"},{"value":1058,"label":"Minotauro"},{"value":956,"label":"mujeres"},{"value":1055,"label":"puntillismo"}]},"featured_image_src_large":["https:\/\/lanzaroteartgallery.com\/wp-content\/uploads\/2018\/06\/06-Fascinus-43-x-65-\u00c1crilico-Tabla-796x1024.jpg",796,1024,true],"author_info":[],"comment_info":"","_links":{"self":[{"href":"https:\/\/lanzaroteartgallery.com\/en\/wp-json\/wp\/v2\/product\/1668","targetHints":{"allow":["GET"]}}],"collection":[{"href":"https:\/\/lanzaroteartgallery.com\/en\/wp-json\/wp\/v2\/product"}],"about":[{"href":"https:\/\/lanzaroteartgallery.com\/en\/wp-json\/wp\/v2\/types\/product"}],"wp:featuredmedia":[{"embeddable":true,"href":"https:\/\/lanzaroteartgallery.com\/en\/wp-json\/wp\/v2\/media\/1669"}],"wp:attachment":[{"href":"https:\/\/lanzaroteartgallery.com\/en\/wp-json\/wp\/v2\/media?parent=1668"}],"wp:term":[{"taxonomy":"product_brand","embeddable":true,"href":"https:\/\/lanzaroteartgallery.com\/en\/wp-json\/wp\/v2\/product_brand?post=1668"},{"taxonomy":"product_cat","embeddable":true,"href":"https:\/\/lanzaroteartgallery.com\/en\/wp-json\/wp\/v2\/product_cat?post=1668"},{"taxonomy":"product_tag","embeddable":true,"href":"https:\/\/lanzaroteartgallery.com\/en\/wp-json\/wp\/v2\/product_tag?post=1668"}],"curies":[{"name":"wp","href":"https:\/\/api.w.org\/{rel}","templated":true}]}}