{"id":1666,"date":"2018-06-13T10:54:27","date_gmt":"2018-06-13T10:54:27","guid":{"rendered":"https:\/\/lanzaroteartgallery.com\/?post_type=product&#038;p=1666"},"modified":"2026-04-25T17:24:03","modified_gmt":"2026-04-25T16:24:03","slug":"nebulosa-picassiana-de-tauro","status":"publish","type":"product","link":"https:\/\/lanzaroteartgallery.com\/en\/work\/nebulosa-picassiana-de-tauro\/","title":{"rendered":"Nebulosa Picassiana de Tauro."},"content":{"rendered":"","protected":false},"excerpt":{"rendered":"<p class=\"Normal1\"><i><span lang=\"EN\">MINOTAUR BY PICASSO.\u00a0 Modesto Rold\u00e1n met Pablo Picasso in the 1950s in Paris.\u00a0 Picasso did a series of paintings with his peculiar vision of the legend of the Minotaur.\u00a0 Rold\u00e1n, inspired by Picasso\u2019s drawings, enhances the same theme with his own vision and style.\u00a0 He imagined them as rich inhabitants of the coast of Crete.\u00a0 Their houses, full of works of art and beautiful women, often host festive gatherings that end up in orgies in which they make happy the women with whom they maintain a relationship of mixed feelings.\u00a0 On Sundays, Minotaurs meet death at the hands of the Greek gladiators.<\/span><\/i><\/p>\n","protected":false},"featured_media":1665,"template":"","meta":{"_kad_blocks_custom_css":"","_kad_blocks_head_custom_js":"","_kad_blocks_body_custom_js":"","_kad_blocks_footer_custom_js":""},"product_brand":[],"product_cat":[865,912,916,867,26,854,866,863],"product_tag":[980,1057,1056,1059,1054,965,1051,1058,956,1055],"class_list":{"0":"post-1666","1":"product","2":"type-product","3":"status-publish","4":"has-post-thumbnail","6":"product_cat-conceptual","7":"product_cat-cuadros-habitacion","8":"product_cat-cuadros-para-dormitorios","9":"product_cat-escena-de-genero","10":"product_cat-modesto-roldan","11":"product_cat-pintura","12":"product_cat-desnudo","13":"product_cat-autorretrato","14":"product_tag-acrilico","15":"product_tag-aerografo","16":"product_tag-carton","17":"product_tag-desnudos","18":"product_tag-erotico","19":"product_tag-escenas-de-erotismo","20":"product_tag-madera","21":"product_tag-minotauro","22":"product_tag-mujeres","23":"product_tag-puntillismo","25":"first","26":"outofstock","27":"taxable","28":"shipping-taxable","29":"purchasable","30":"product-type-simple"},"aioseo_notices":[],"taxonomy_info":{"product_cat":[{"value":865,"label":"Conceptual"},{"value":912,"label":"Bedroom Paintings"},{"value":916,"label":"Bedroom Paintings"},{"value":867,"label":"Gender Scene"},{"value":26,"label":"Modesto Roldan"},{"value":854,"label":"Painting"},{"value":866,"label":"Nude"},{"value":863,"label":"Retrato"}],"product_tag":[{"value":980,"label":"acr\u00edlico"},{"value":1057,"label":"Aer\u00f3grafo"},{"value":1056,"label":"cart\u00f3n"},{"value":1059,"label":"desnudos"},{"value":1054,"label":"er\u00f3tico"},{"value":965,"label":"escenas de erotismo"},{"value":1051,"label":"madera"},{"value":1058,"label":"Minotauro"},{"value":956,"label":"mujeres"},{"value":1055,"label":"puntillismo"}]},"featured_image_src_large":["https:\/\/lanzaroteartgallery.com\/wp-content\/uploads\/2018\/06\/16-Modesto-Rold\u00e1n.-Nebulosa-Picassiana-de-Tauro--1024x791.jpg",1024,791,true],"author_info":[],"comment_info":"","_links":{"self":[{"href":"https:\/\/lanzaroteartgallery.com\/en\/wp-json\/wp\/v2\/product\/1666","targetHints":{"allow":["GET"]}}],"collection":[{"href":"https:\/\/lanzaroteartgallery.com\/en\/wp-json\/wp\/v2\/product"}],"about":[{"href":"https:\/\/lanzaroteartgallery.com\/en\/wp-json\/wp\/v2\/types\/product"}],"wp:featuredmedia":[{"embeddable":true,"href":"https:\/\/lanzaroteartgallery.com\/en\/wp-json\/wp\/v2\/media\/1665"}],"wp:attachment":[{"href":"https:\/\/lanzaroteartgallery.com\/en\/wp-json\/wp\/v2\/media?parent=1666"}],"wp:term":[{"taxonomy":"product_brand","embeddable":true,"href":"https:\/\/lanzaroteartgallery.com\/en\/wp-json\/wp\/v2\/product_brand?post=1666"},{"taxonomy":"product_cat","embeddable":true,"href":"https:\/\/lanzaroteartgallery.com\/en\/wp-json\/wp\/v2\/product_cat?post=1666"},{"taxonomy":"product_tag","embeddable":true,"href":"https:\/\/lanzaroteartgallery.com\/en\/wp-json\/wp\/v2\/product_tag?post=1666"}],"curies":[{"name":"wp","href":"https:\/\/api.w.org\/{rel}","templated":true}]}}