{"id":1617,"date":"2018-04-19T18:51:45","date_gmt":"2018-04-19T17:51:45","guid":{"rendered":"https:\/\/lanzaroteartgallery.com\/?post_type=product&#038;p=1617"},"modified":"2024-03-08T18:43:42","modified_gmt":"2024-03-08T18:43:42","slug":"serenade","status":"publish","type":"product","link":"https:\/\/lanzaroteartgallery.com\/en\/work\/serenade\/","title":{"rendered":"Serenade"},"content":{"rendered":"","protected":false},"excerpt":{"rendered":"<div>SERENADE \u00a019,69 x 31,89 inch oil\/Canvas<\/div>\n<div>Female sensuality joins music in a moment of intimate rapture. \u00a0The geometric structure shows a group of curved shapes and straight lines that delimit an imaginary space.<\/div>\n","protected":false},"featured_media":1614,"template":"","meta":{"_kad_blocks_custom_css":"","_kad_blocks_head_custom_js":"","_kad_blocks_body_custom_js":"","_kad_blocks_footer_custom_js":""},"product_brand":[],"product_cat":[17,865,910,914,911,909,912,916,917,915,913,867,23,1449,870,854,863],"product_tag":[1030,1031,1034,1037,923,1038,1036,922,938,956,1039,921,1028,1032,936,1027,1033,1035,1029],"class_list":{"0":"post-1617","1":"product","2":"type-product","3":"status-publish","4":"has-post-thumbnail","6":"product_cat-artistas","7":"product_cat-conceptual","8":"product_cat-cuadro-grande","9":"product_cat-cuadros-decoracion-salon","10":"product_cat-cuadros-decorativos-salon","11":"product_cat-cuadros-grandes-para-salon","12":"product_cat-cuadros-habitacion","13":"product_cat-cuadros-para-dormitorios","14":"product_cat-cuadros-para-pasillos","15":"product_cat-cuadros-para-salon-modernos","16":"product_cat-cuadros-relajantes-para-salon","17":"product_cat-escena-de-genero","18":"product_cat-fabio-hurtado","19":"product_cat-figurativo","20":"product_cat-paisajismo","21":"product_cat-pintura","22":"product_cat-autorretrato","23":"product_tag-animales","24":"product_tag-descanso","25":"product_tag-estructura-geometrica","26":"product_tag-expresion-sensual","27":"product_tag-figurativo","28":"product_tag-intimista","29":"product_tag-introspeccion","30":"product_tag-lienzo","31":"product_tag-mujer","32":"product_tag-mujeres","33":"product_tag-mujeres-autosuficientes","34":"product_tag-oleo","35":"product_tag-paisaje","36":"product_tag-partida","37":"product_tag-personajes","38":"product_tag-retrato","39":"product_tag-sensualidad-femenina","40":"product_tag-viajeras-solitarias","41":"product_tag-viajes","43":"first","44":"instock","45":"taxable","46":"shipping-taxable","47":"purchasable","48":"product-type-simple"},"aioseo_notices":[],"taxonomy_info":{"product_cat":[{"value":17,"label":"Artistas"},{"value":865,"label":"Conceptual"},{"value":910,"label":"Big Picture"},{"value":914,"label":"Paintings Living Room Decoration"},{"value":911,"label":"Decorative Paintings Living Room"},{"value":909,"label":"Large Paintings for the Living Room"},{"value":912,"label":"Bedroom Paintings"},{"value":916,"label":"Bedroom Paintings"},{"value":917,"label":"Corridor Paintings"},{"value":915,"label":"Modern Living Room Paintings"},{"value":913,"label":"Relaxing Paintings for the Living Room"},{"value":867,"label":"Gender Scene"},{"value":23,"label":"Fabio Hurtado"},{"value":1449,"label":"Figurative"},{"value":870,"label":"Paisajismo"},{"value":854,"label":"Painting"},{"value":863,"label":"Retrato"}],"product_tag":[{"value":1030,"label":"animales"},{"value":1031,"label":"descanso"},{"value":1034,"label":"estructura geom\u00e9trica"},{"value":1037,"label":"expresi\u00f3n sensual"},{"value":923,"label":"figurativo"},{"value":1038,"label":"intimista"},{"value":1036,"label":"introspecci\u00f3n"},{"value":922,"label":"lienzo"},{"value":938,"label":"mujer"},{"value":956,"label":"mujeres"},{"value":1039,"label":"mujeres autosuficientes"},{"value":921,"label":"\u00f3leo"},{"value":1028,"label":"paisaje"},{"value":1032,"label":"partida"},{"value":936,"label":"personajes"},{"value":1027,"label":"retrato"},{"value":1033,"label":"sensualidad femenina"},{"value":1035,"label":"Viajeras solitarias"},{"value":1029,"label":"viajes"}]},"featured_image_src_large":["https:\/\/lanzaroteartgallery.com\/wp-content\/uploads\/2018\/04\/Serenade-81-x-50-cms.-\u00f3leo-s-lienzo-1024x623.jpg",1024,623,true],"author_info":[],"comment_info":"","_links":{"self":[{"href":"https:\/\/lanzaroteartgallery.com\/en\/wp-json\/wp\/v2\/product\/1617","targetHints":{"allow":["GET"]}}],"collection":[{"href":"https:\/\/lanzaroteartgallery.com\/en\/wp-json\/wp\/v2\/product"}],"about":[{"href":"https:\/\/lanzaroteartgallery.com\/en\/wp-json\/wp\/v2\/types\/product"}],"wp:featuredmedia":[{"embeddable":true,"href":"https:\/\/lanzaroteartgallery.com\/en\/wp-json\/wp\/v2\/media\/1614"}],"wp:attachment":[{"href":"https:\/\/lanzaroteartgallery.com\/en\/wp-json\/wp\/v2\/media?parent=1617"}],"wp:term":[{"taxonomy":"product_brand","embeddable":true,"href":"https:\/\/lanzaroteartgallery.com\/en\/wp-json\/wp\/v2\/product_brand?post=1617"},{"taxonomy":"product_cat","embeddable":true,"href":"https:\/\/lanzaroteartgallery.com\/en\/wp-json\/wp\/v2\/product_cat?post=1617"},{"taxonomy":"product_tag","embeddable":true,"href":"https:\/\/lanzaroteartgallery.com\/en\/wp-json\/wp\/v2\/product_tag?post=1617"}],"curies":[{"name":"wp","href":"https:\/\/api.w.org\/{rel}","templated":true}]}}