{"id":13265,"date":"2024-02-14T13:42:20","date_gmt":"2024-02-14T13:42:20","guid":{"rendered":"https:\/\/lanzaroteartgallery.com\/?post_type=product&#038;p=13265"},"modified":"2024-05-11T20:17:47","modified_gmt":"2024-05-11T19:17:47","slug":"calamar-verrugoso","status":"publish","type":"product","link":"https:\/\/lanzaroteartgallery.com\/en\/work\/calamar-verrugoso\/","title":{"rendered":"Calamar Verrugoso"},"content":{"rendered":"<p>Obra m\u00ednima sobre hallazgo de madera y piedras p\u00f3mez. El trazo del \u00f3leo se encuentra con la madera picada por el mar, el sol y el salitre. <\/p>","protected":false},"excerpt":{"rendered":"<p>Todas las maderas encontradas est\u00e1n tratadas contra la carcoma y su posible deterioro.<\/p>\n","protected":false},"featured_media":13264,"template":"","meta":{"_kad_blocks_custom_css":"","_kad_blocks_head_custom_js":"","_kad_blocks_body_custom_js":"","_kad_blocks_footer_custom_js":""},"product_brand":[],"product_cat":[874,17,876,919,918,855,1361],"product_tag":[1369],"class_list":{"0":"post-13265","1":"product","2":"type-product","3":"status-publish","4":"has-post-thumbnail","6":"product_cat-abstraccion","7":"product_cat-artistas","8":"product_cat-conceptual-escultura","9":"product_cat-cuadros-para-banos","10":"product_cat-cuadros-para-cocinas","11":"product_cat-escultura","12":"product_cat-katya-di-matteo","13":"product_tag-trabajos-en-madera","15":"first","16":"instock","17":"taxable","18":"shipping-taxable","19":"purchasable","20":"product-type-simple"},"aioseo_notices":[],"taxonomy_info":{"product_cat":[{"value":874,"label":"Abstracci\u00f3n"},{"value":17,"label":"Artistas"},{"value":876,"label":"Conceptual"},{"value":919,"label":"Pictures for bathrooms"},{"value":918,"label":"Pictures for Kitchens"},{"value":855,"label":"Sculpture"},{"value":1361,"label":"Katya Di Matteo"}],"product_tag":[{"value":1369,"label":"trabajos en madera"}]},"featured_image_src_large":["https:\/\/lanzaroteartgallery.com\/wp-content\/uploads\/2024\/02\/DiMatteo-Katya-X5696243V2Fcalamarberrugoso-1024x900.jpeg",1024,900,true],"author_info":[],"comment_info":"","_links":{"self":[{"href":"https:\/\/lanzaroteartgallery.com\/en\/wp-json\/wp\/v2\/product\/13265","targetHints":{"allow":["GET"]}}],"collection":[{"href":"https:\/\/lanzaroteartgallery.com\/en\/wp-json\/wp\/v2\/product"}],"about":[{"href":"https:\/\/lanzaroteartgallery.com\/en\/wp-json\/wp\/v2\/types\/product"}],"wp:featuredmedia":[{"embeddable":true,"href":"https:\/\/lanzaroteartgallery.com\/en\/wp-json\/wp\/v2\/media\/13264"}],"wp:attachment":[{"href":"https:\/\/lanzaroteartgallery.com\/en\/wp-json\/wp\/v2\/media?parent=13265"}],"wp:term":[{"taxonomy":"product_brand","embeddable":true,"href":"https:\/\/lanzaroteartgallery.com\/en\/wp-json\/wp\/v2\/product_brand?post=13265"},{"taxonomy":"product_cat","embeddable":true,"href":"https:\/\/lanzaroteartgallery.com\/en\/wp-json\/wp\/v2\/product_cat?post=13265"},{"taxonomy":"product_tag","embeddable":true,"href":"https:\/\/lanzaroteartgallery.com\/en\/wp-json\/wp\/v2\/product_tag?post=13265"}],"curies":[{"name":"wp","href":"https:\/\/api.w.org\/{rel}","templated":true}]}}