{"id":13106,"date":"2024-01-27T18:43:10","date_gmt":"2024-01-27T18:43:10","guid":{"rendered":"https:\/\/lanzaroteartgallery.com\/?post_type=product&#038;p=13106"},"modified":"2024-01-27T19:04:02","modified_gmt":"2024-01-27T19:04:02","slug":"valentina-reborn","status":"publish","type":"product","link":"https:\/\/lanzaroteartgallery.com\/en\/work\/valentina-reborn\/","title":{"rendered":"Valentina ReBorn"},"content":{"rendered":"<p>Pertenece a la colecci\u00f3n VALENTINA. Esta Valentina renacida representa la madre tierra unida a sus ra\u00edces en el proceso de renacer, de metamorfosis y nos muestra su esfuerzo casi tit\u00e1nico por ponerse en pie. Su color simb\u00f3lico evoca el de las ra\u00edces del \u00e1rbol de la vida.<\/p>\n","protected":false},"excerpt":{"rendered":"<p>Hilo de fibra de vidrio ign\u00edfuga y resina eco<\/p>\n","protected":false},"featured_media":13105,"template":"","meta":{"_kad_blocks_custom_css":"","_kad_blocks_head_custom_js":"","_kad_blocks_body_custom_js":"","_kad_blocks_footer_custom_js":""},"product_brand":[],"product_cat":[17,876,877,855,880,873,562],"product_tag":[1474],"class_list":{"0":"post-13106","1":"product","2":"type-product","3":"status-publish","4":"has-post-thumbnail","6":"product_cat-artistas","7":"product_cat-conceptual-escultura","8":"product_cat-desnudo-escultura","9":"product_cat-escultura","10":"product_cat-fantasia-escultura","11":"product_cat-forma-humana","12":"product_cat-maite-canto-equisoain-1973","13":"product_tag-hilo-de-fibra-de-vidrio-ignifuga","15":"first","16":"instock","17":"taxable","18":"shipping-taxable","19":"purchasable","20":"product-type-simple"},"aioseo_notices":[],"taxonomy_info":{"product_cat":[{"value":17,"label":"Artistas"},{"value":876,"label":"Conceptual"},{"value":877,"label":"Desnudo"},{"value":855,"label":"Sculpture"},{"value":880,"label":"Fantasy"},{"value":873,"label":"Forma humana"},{"value":562,"label":"Maite Cant\u00f3 Equisoain"}],"product_tag":[{"value":1474,"label":"Hilo de fibra de vidrio ign\u00edfuga"}]},"featured_image_src_large":["https:\/\/lanzaroteartgallery.com\/wp-content\/uploads\/2024\/01\/Canto-Maite-18595523T2FIMG_2686--1024x768.jpg",1024,768,true],"author_info":[],"comment_info":"","_links":{"self":[{"href":"https:\/\/lanzaroteartgallery.com\/en\/wp-json\/wp\/v2\/product\/13106","targetHints":{"allow":["GET"]}}],"collection":[{"href":"https:\/\/lanzaroteartgallery.com\/en\/wp-json\/wp\/v2\/product"}],"about":[{"href":"https:\/\/lanzaroteartgallery.com\/en\/wp-json\/wp\/v2\/types\/product"}],"wp:featuredmedia":[{"embeddable":true,"href":"https:\/\/lanzaroteartgallery.com\/en\/wp-json\/wp\/v2\/media\/13105"}],"wp:attachment":[{"href":"https:\/\/lanzaroteartgallery.com\/en\/wp-json\/wp\/v2\/media?parent=13106"}],"wp:term":[{"taxonomy":"product_brand","embeddable":true,"href":"https:\/\/lanzaroteartgallery.com\/en\/wp-json\/wp\/v2\/product_brand?post=13106"},{"taxonomy":"product_cat","embeddable":true,"href":"https:\/\/lanzaroteartgallery.com\/en\/wp-json\/wp\/v2\/product_cat?post=13106"},{"taxonomy":"product_tag","embeddable":true,"href":"https:\/\/lanzaroteartgallery.com\/en\/wp-json\/wp\/v2\/product_tag?post=13106"}],"curies":[{"name":"wp","href":"https:\/\/api.w.org\/{rel}","templated":true}]}}