{"id":13092,"date":"2024-01-27T18:42:58","date_gmt":"2024-01-27T18:42:58","guid":{"rendered":"https:\/\/lanzaroteartgallery.com\/?post_type=product&#038;p=13092"},"modified":"2024-01-27T19:16:03","modified_gmt":"2024-01-27T19:16:03","slug":"exodo-2-22","status":"publish","type":"product","link":"https:\/\/lanzaroteartgallery.com\/en\/work\/exodo-2-22\/","title":{"rendered":"\u00c9xodo 2-22"},"content":{"rendered":"<p>Resina eco y fibra de vidrio. Es un homenaje a las ciudades destruidas por las bombas en Ucrania. Edificios derrumbados, objetos abandonados mezclados fortuitamente en una composici\u00f3n policromada. La obra se vuelve ecl\u00e9ctica, a medio camino entre la escultura, la pintura y el dise\u00f1o. <\/p>","protected":false},"excerpt":{"rendered":"<p>Resina eco y fibra de vidrio. Es un homenaje a las ciudades destruidas por las bombas en Ucrania. Edificios derrumbados, objetos abandonados mezclados fortuitamente en una composici\u00f3n policromada. La obra [&hellip;]<\/p>\n","protected":false},"featured_media":13091,"template":"","meta":{"_kad_blocks_custom_css":"","_kad_blocks_head_custom_js":"","_kad_blocks_body_custom_js":"","_kad_blocks_footer_custom_js":""},"product_brand":[],"product_cat":[874,860,601,17,876,910,911,912,915,913,855,562,854],"product_tag":[1301,987],"class_list":{"0":"post-13092","1":"product","2":"type-product","3":"status-publish","4":"has-post-thumbnail","6":"product_cat-abstraccion","7":"product_cat-abstracto","8":"product_cat-arte-global-artistas","9":"product_cat-artistas","10":"product_cat-conceptual-escultura","11":"product_cat-cuadro-grande","12":"product_cat-cuadros-decorativos-salon","13":"product_cat-cuadros-habitacion","14":"product_cat-cuadros-para-salon-modernos","15":"product_cat-cuadros-relajantes-para-salon","16":"product_cat-escultura","17":"product_cat-maite-canto-equisoain-1973","18":"product_cat-pintura","19":"product_tag-resina","20":"product_tag-tecnica-mixta","22":"first","23":"instock","24":"taxable","25":"shipping-taxable","26":"purchasable","27":"product-type-simple"},"aioseo_notices":[],"taxonomy_info":{"product_cat":[{"value":874,"label":"Abstracci\u00f3n"},{"value":860,"label":"Abstract"},{"value":601,"label":"Art Space"},{"value":17,"label":"Artistas"},{"value":876,"label":"Conceptual"},{"value":910,"label":"Big Picture"},{"value":911,"label":"Decorative Paintings Living Room"},{"value":912,"label":"Bedroom Paintings"},{"value":915,"label":"Modern Living Room Paintings"},{"value":913,"label":"Relaxing Paintings for the Living Room"},{"value":855,"label":"Sculpture"},{"value":562,"label":"Maite Cant\u00f3 Equisoain"},{"value":854,"label":"Painting"}],"product_tag":[{"value":1301,"label":"resina"},{"value":987,"label":"t\u00e9cnica mixta"}]},"featured_image_src_large":["https:\/\/lanzaroteartgallery.com\/wp-content\/uploads\/2024\/01\/Canto-Maite-18595523T2FIMG_3284--1024x517.jpg",1024,517,true],"author_info":[],"comment_info":"","_links":{"self":[{"href":"https:\/\/lanzaroteartgallery.com\/en\/wp-json\/wp\/v2\/product\/13092","targetHints":{"allow":["GET"]}}],"collection":[{"href":"https:\/\/lanzaroteartgallery.com\/en\/wp-json\/wp\/v2\/product"}],"about":[{"href":"https:\/\/lanzaroteartgallery.com\/en\/wp-json\/wp\/v2\/types\/product"}],"wp:featuredmedia":[{"embeddable":true,"href":"https:\/\/lanzaroteartgallery.com\/en\/wp-json\/wp\/v2\/media\/13091"}],"wp:attachment":[{"href":"https:\/\/lanzaroteartgallery.com\/en\/wp-json\/wp\/v2\/media?parent=13092"}],"wp:term":[{"taxonomy":"product_brand","embeddable":true,"href":"https:\/\/lanzaroteartgallery.com\/en\/wp-json\/wp\/v2\/product_brand?post=13092"},{"taxonomy":"product_cat","embeddable":true,"href":"https:\/\/lanzaroteartgallery.com\/en\/wp-json\/wp\/v2\/product_cat?post=13092"},{"taxonomy":"product_tag","embeddable":true,"href":"https:\/\/lanzaroteartgallery.com\/en\/wp-json\/wp\/v2\/product_tag?post=13092"}],"curies":[{"name":"wp","href":"https:\/\/api.w.org\/{rel}","templated":true}]}}