{"id":12982,"date":"2024-01-11T17:58:40","date_gmt":"2024-01-11T17:58:40","guid":{"rendered":"https:\/\/lanzaroteartgallery.com\/?post_type=product&#038;p=12982"},"modified":"2024-04-20T20:08:57","modified_gmt":"2024-04-20T19:08:57","slug":"s-t-5","status":"publish","type":"product","link":"https:\/\/lanzaroteartgallery.com\/en\/work\/s-t-5\/","title":{"rendered":"S\/T"},"content":{"rendered":"<p>De forma abstracta e imaginativa, esta obra representa una marina diferente, dada la combinaci\u00f3n de colores en contraste, llamando la atenci\u00f3n en las diversas tonalidades en rojo, aplicadas con esp\u00e1tula. <\/p>","protected":false},"excerpt":{"rendered":"<p>Realizada en tela sobre madera, se puede transportar enrollada para su transporte.<\/p>\n","protected":false},"featured_media":12981,"template":"","meta":{"_kad_blocks_custom_css":"","_kad_blocks_head_custom_js":"","_kad_blocks_body_custom_js":"","_kad_blocks_footer_custom_js":""},"product_brand":[],"product_cat":[860,17,865,867,869,1469,862,870,854],"product_tag":[952,922,921,1471],"class_list":{"0":"post-12982","1":"product","2":"type-product","3":"status-publish","4":"has-post-thumbnail","6":"product_cat-abstracto","7":"product_cat-artistas","8":"product_cat-conceptual","9":"product_cat-escena-de-genero","10":"product_cat-fashion","11":"product_cat-guacimara-melian","12":"product_cat-naturaleza","13":"product_cat-paisajismo","14":"product_cat-pintura","15":"product_tag-abstracto","16":"product_tag-lienzo","17":"product_tag-oleo","18":"product_tag-reflejos-rojos","20":"first","21":"instock","22":"taxable","23":"shipping-taxable","24":"purchasable","25":"product-type-simple"},"aioseo_notices":[],"taxonomy_info":{"product_cat":[{"value":860,"label":"Abstract"},{"value":17,"label":"Artistas"},{"value":865,"label":"Conceptual"},{"value":867,"label":"Gender Scene"},{"value":869,"label":"Fashion"},{"value":1469,"label":"Guacimara Meli\u00e1n"},{"value":862,"label":"Naturaleza"},{"value":870,"label":"Paisajismo"},{"value":854,"label":"Painting"}],"product_tag":[{"value":952,"label":"abstracto"},{"value":922,"label":"lienzo"},{"value":921,"label":"\u00f3leo"},{"value":1471,"label":"reflejos rojos"}]},"featured_image_src_large":["https:\/\/lanzaroteartgallery.com\/wp-content\/uploads\/2024\/01\/MeliC3A1nLC3B3pez-Guacimara-44315032N2FIMG_20231121_104755-489x1024.jpg",489,1024,true],"author_info":[],"comment_info":"","_links":{"self":[{"href":"https:\/\/lanzaroteartgallery.com\/en\/wp-json\/wp\/v2\/product\/12982","targetHints":{"allow":["GET"]}}],"collection":[{"href":"https:\/\/lanzaroteartgallery.com\/en\/wp-json\/wp\/v2\/product"}],"about":[{"href":"https:\/\/lanzaroteartgallery.com\/en\/wp-json\/wp\/v2\/types\/product"}],"wp:featuredmedia":[{"embeddable":true,"href":"https:\/\/lanzaroteartgallery.com\/en\/wp-json\/wp\/v2\/media\/12981"}],"wp:attachment":[{"href":"https:\/\/lanzaroteartgallery.com\/en\/wp-json\/wp\/v2\/media?parent=12982"}],"wp:term":[{"taxonomy":"product_brand","embeddable":true,"href":"https:\/\/lanzaroteartgallery.com\/en\/wp-json\/wp\/v2\/product_brand?post=12982"},{"taxonomy":"product_cat","embeddable":true,"href":"https:\/\/lanzaroteartgallery.com\/en\/wp-json\/wp\/v2\/product_cat?post=12982"},{"taxonomy":"product_tag","embeddable":true,"href":"https:\/\/lanzaroteartgallery.com\/en\/wp-json\/wp\/v2\/product_tag?post=12982"}],"curies":[{"name":"wp","href":"https:\/\/api.w.org\/{rel}","templated":true}]}}