{"id":12980,"date":"2024-01-11T17:58:38","date_gmt":"2024-01-11T17:58:38","guid":{"rendered":"https:\/\/lanzaroteartgallery.com\/?post_type=product&#038;p=12980"},"modified":"2024-04-20T20:05:47","modified_gmt":"2024-04-20T19:05:47","slug":"s-t-4","status":"publish","type":"product","link":"https:\/\/lanzaroteartgallery.com\/en\/work\/s-t-4\/","title":{"rendered":"S\/T"},"content":{"rendered":"<p>Con un punto de vista cenital, se interpreta, de forma que lleva casi a la abstracci\u00f3n, una escena de costa, con tonalidades profundas e intensas. Dado el tama\u00f1o de la obra, da la sensaci\u00f3n de un espacio muy amplio y fresco.<\/p>\n","protected":false},"excerpt":{"rendered":"<p>Realizada en tela sobre madera, se puede transportar enrollada para su transporte. Realizada con esp\u00e1tula, dando relieves en algunas zonas.<\/p>\n","protected":false},"featured_media":12979,"template":"","meta":{"_kad_blocks_custom_css":"","_kad_blocks_head_custom_js":"","_kad_blocks_body_custom_js":"","_kad_blocks_footer_custom_js":""},"product_brand":[],"product_cat":[860,17,910,914,911,912,913,867,869,1469,862,870,854],"product_tag":[952,922,921],"class_list":{"0":"post-12980","1":"product","2":"type-product","3":"status-publish","4":"has-post-thumbnail","6":"product_cat-abstracto","7":"product_cat-artistas","8":"product_cat-cuadro-grande","9":"product_cat-cuadros-decoracion-salon","10":"product_cat-cuadros-decorativos-salon","11":"product_cat-cuadros-habitacion","12":"product_cat-cuadros-relajantes-para-salon","13":"product_cat-escena-de-genero","14":"product_cat-fashion","15":"product_cat-guacimara-melian","16":"product_cat-naturaleza","17":"product_cat-paisajismo","18":"product_cat-pintura","19":"product_tag-abstracto","20":"product_tag-lienzo","21":"product_tag-oleo","23":"first","24":"instock","25":"taxable","26":"shipping-taxable","27":"purchasable","28":"product-type-simple"},"aioseo_notices":[],"taxonomy_info":{"product_cat":[{"value":860,"label":"Abstract"},{"value":17,"label":"Artistas"},{"value":910,"label":"Big Picture"},{"value":914,"label":"Paintings Living Room Decoration"},{"value":911,"label":"Decorative Paintings Living Room"},{"value":912,"label":"Bedroom Paintings"},{"value":913,"label":"Relaxing Paintings for the Living Room"},{"value":867,"label":"Gender Scene"},{"value":869,"label":"Fashion"},{"value":1469,"label":"Guacimara Meli\u00e1n"},{"value":862,"label":"Naturaleza"},{"value":870,"label":"Paisajismo"},{"value":854,"label":"Painting"}],"product_tag":[{"value":952,"label":"abstracto"},{"value":922,"label":"lienzo"},{"value":921,"label":"\u00f3leo"}]},"featured_image_src_large":["https:\/\/lanzaroteartgallery.com\/wp-content\/uploads\/2024\/01\/MeliC3A1nLC3B3pez-Guacimara-44315032N2FIMG_20231119_201729-508x1024.jpg",508,1024,true],"author_info":[],"comment_info":"","_links":{"self":[{"href":"https:\/\/lanzaroteartgallery.com\/en\/wp-json\/wp\/v2\/product\/12980","targetHints":{"allow":["GET"]}}],"collection":[{"href":"https:\/\/lanzaroteartgallery.com\/en\/wp-json\/wp\/v2\/product"}],"about":[{"href":"https:\/\/lanzaroteartgallery.com\/en\/wp-json\/wp\/v2\/types\/product"}],"wp:featuredmedia":[{"embeddable":true,"href":"https:\/\/lanzaroteartgallery.com\/en\/wp-json\/wp\/v2\/media\/12979"}],"wp:attachment":[{"href":"https:\/\/lanzaroteartgallery.com\/en\/wp-json\/wp\/v2\/media?parent=12980"}],"wp:term":[{"taxonomy":"product_brand","embeddable":true,"href":"https:\/\/lanzaroteartgallery.com\/en\/wp-json\/wp\/v2\/product_brand?post=12980"},{"taxonomy":"product_cat","embeddable":true,"href":"https:\/\/lanzaroteartgallery.com\/en\/wp-json\/wp\/v2\/product_cat?post=12980"},{"taxonomy":"product_tag","embeddable":true,"href":"https:\/\/lanzaroteartgallery.com\/en\/wp-json\/wp\/v2\/product_tag?post=12980"}],"curies":[{"name":"wp","href":"https:\/\/api.w.org\/{rel}","templated":true}]}}