{"id":12976,"date":"2024-01-11T17:58:33","date_gmt":"2024-01-11T17:58:33","guid":{"rendered":"https:\/\/lanzaroteartgallery.com\/?post_type=product&#038;p=12976"},"modified":"2024-04-20T19:13:13","modified_gmt":"2024-04-20T18:13:13","slug":"serie-anatomia-de-una-playa-iii","status":"publish","type":"product","link":"https:\/\/lanzaroteartgallery.com\/en\/work\/serie-anatomia-de-una-playa-iii\/","title":{"rendered":"Serie Anatom\u00eda de una playa III"},"content":{"rendered":"<p>En esta recreaci\u00f3n de una escena en el mar, las figuras humanas, de car\u00e1cter impresionista, se integran formando parte de la obra, dejando intuir algunas partes de las mismas.<\/p>\n","protected":false},"excerpt":{"rendered":"<p>Se aplican primero las tonalidades de los fondos y las figuras humanas se adaptan a los colores y a las formas ya realizadas, de forma impresionista.<\/p>\n","protected":false},"featured_media":12975,"template":"","meta":{"_kad_blocks_custom_css":"","_kad_blocks_head_custom_js":"","_kad_blocks_body_custom_js":"","_kad_blocks_footer_custom_js":""},"product_brand":[],"product_cat":[860,601,17,867,869,1449,1472,1469,870,854],"product_tag":[999,921,1264,1227],"class_list":{"0":"post-12976","1":"product","2":"type-product","3":"status-publish","4":"has-post-thumbnail","6":"product_cat-abstracto","7":"product_cat-arte-global-artistas","8":"product_cat-artistas","9":"product_cat-escena-de-genero","10":"product_cat-fashion","11":"product_cat-figurativo","12":"product_cat-guacimara-melian-arte-global-artistas","13":"product_cat-guacimara-melian","14":"product_cat-paisajismo","15":"product_cat-pintura","16":"product_tag-abstraccion-figurativa","17":"product_tag-oleo","18":"product_tag-series-de-mar","19":"product_tag-tabla","21":"first","22":"instock","23":"taxable","24":"shipping-taxable","25":"purchasable","26":"product-type-simple"},"aioseo_notices":[],"taxonomy_info":{"product_cat":[{"value":860,"label":"Abstract"},{"value":601,"label":"Art Space"},{"value":17,"label":"Artistas"},{"value":867,"label":"Gender Scene"},{"value":869,"label":"Fashion"},{"value":1449,"label":"Figurative"},{"value":1472,"label":"Guacimara Meli\u00e1n"},{"value":1469,"label":"Guacimara Meli\u00e1n"},{"value":870,"label":"Paisajismo"},{"value":854,"label":"Painting"}],"product_tag":[{"value":999,"label":"abstracci\u00f3n figurativa"},{"value":921,"label":"\u00f3leo"},{"value":1264,"label":"series de mar"},{"value":1227,"label":"tabla"}]},"featured_image_src_large":["https:\/\/lanzaroteartgallery.com\/wp-content\/uploads\/2024\/01\/MeliC3A1nLC3B3pez-Guacimara-44315032N2FIMG_20231119_213031-1020x1024.jpg",1020,1024,true],"author_info":[],"comment_info":"","_links":{"self":[{"href":"https:\/\/lanzaroteartgallery.com\/en\/wp-json\/wp\/v2\/product\/12976","targetHints":{"allow":["GET"]}}],"collection":[{"href":"https:\/\/lanzaroteartgallery.com\/en\/wp-json\/wp\/v2\/product"}],"about":[{"href":"https:\/\/lanzaroteartgallery.com\/en\/wp-json\/wp\/v2\/types\/product"}],"wp:featuredmedia":[{"embeddable":true,"href":"https:\/\/lanzaroteartgallery.com\/en\/wp-json\/wp\/v2\/media\/12975"}],"wp:attachment":[{"href":"https:\/\/lanzaroteartgallery.com\/en\/wp-json\/wp\/v2\/media?parent=12976"}],"wp:term":[{"taxonomy":"product_brand","embeddable":true,"href":"https:\/\/lanzaroteartgallery.com\/en\/wp-json\/wp\/v2\/product_brand?post=12976"},{"taxonomy":"product_cat","embeddable":true,"href":"https:\/\/lanzaroteartgallery.com\/en\/wp-json\/wp\/v2\/product_cat?post=12976"},{"taxonomy":"product_tag","embeddable":true,"href":"https:\/\/lanzaroteartgallery.com\/en\/wp-json\/wp\/v2\/product_tag?post=12976"}],"curies":[{"name":"wp","href":"https:\/\/api.w.org\/{rel}","templated":true}]}}