{"id":12974,"date":"2024-01-11T17:58:31","date_gmt":"2024-01-11T17:58:31","guid":{"rendered":"https:\/\/lanzaroteartgallery.com\/?post_type=product&#038;p=12974"},"modified":"2024-04-20T19:11:06","modified_gmt":"2024-04-20T18:11:06","slug":"serie-anatomia-de-una-playa-ii","status":"publish","type":"product","link":"https:\/\/lanzaroteartgallery.com\/en\/work\/serie-anatomia-de-una-playa-ii\/","title":{"rendered":"Serie Anatom\u00eda de una playa II"},"content":{"rendered":"<p>En esta recreaci\u00f3n de una escena en el mar, las figuras humanas, de car\u00e1cter impresionista, se integran formando parte de la obra, dejando intuir algunas partes de las mismas.<\/p>\n","protected":false},"excerpt":{"rendered":"<p>Se aplican primero las tonalidades de los fondos y las figuras humanas se adaptan a los colores y a las formas ya realizadas, de forma impresionista..<\/p>\n","protected":false},"featured_media":12973,"template":"","meta":{"_kad_blocks_custom_css":"","_kad_blocks_head_custom_js":"","_kad_blocks_body_custom_js":"","_kad_blocks_footer_custom_js":""},"product_brand":[],"product_cat":[860,601,17,865,916,917,1449,1472,1469,862,870,854],"product_tag":[999,1051,921,1264],"class_list":{"0":"post-12974","1":"product","2":"type-product","3":"status-publish","4":"has-post-thumbnail","6":"product_cat-abstracto","7":"product_cat-arte-global-artistas","8":"product_cat-artistas","9":"product_cat-conceptual","10":"product_cat-cuadros-para-dormitorios","11":"product_cat-cuadros-para-pasillos","12":"product_cat-figurativo","13":"product_cat-guacimara-melian-arte-global-artistas","14":"product_cat-guacimara-melian","15":"product_cat-naturaleza","16":"product_cat-paisajismo","17":"product_cat-pintura","18":"product_tag-abstraccion-figurativa","19":"product_tag-madera","20":"product_tag-oleo","21":"product_tag-series-de-mar","23":"first","24":"instock","25":"taxable","26":"shipping-taxable","27":"purchasable","28":"product-type-simple"},"aioseo_notices":[],"taxonomy_info":{"product_cat":[{"value":860,"label":"Abstract"},{"value":601,"label":"Art Space"},{"value":17,"label":"Artistas"},{"value":865,"label":"Conceptual"},{"value":916,"label":"Bedroom Paintings"},{"value":917,"label":"Corridor Paintings"},{"value":1449,"label":"Figurative"},{"value":1472,"label":"Guacimara Meli\u00e1n"},{"value":1469,"label":"Guacimara Meli\u00e1n"},{"value":862,"label":"Naturaleza"},{"value":870,"label":"Paisajismo"},{"value":854,"label":"Painting"}],"product_tag":[{"value":999,"label":"abstracci\u00f3n figurativa"},{"value":1051,"label":"madera"},{"value":921,"label":"\u00f3leo"},{"value":1264,"label":"series de mar"}]},"featured_image_src_large":["https:\/\/lanzaroteartgallery.com\/wp-content\/uploads\/2024\/01\/MeliC3A1nLC3B3pez-Guacimara-44315032N2FIMG_20231119_202855-1024x1016.jpg",1024,1016,true],"author_info":[],"comment_info":"","_links":{"self":[{"href":"https:\/\/lanzaroteartgallery.com\/en\/wp-json\/wp\/v2\/product\/12974","targetHints":{"allow":["GET"]}}],"collection":[{"href":"https:\/\/lanzaroteartgallery.com\/en\/wp-json\/wp\/v2\/product"}],"about":[{"href":"https:\/\/lanzaroteartgallery.com\/en\/wp-json\/wp\/v2\/types\/product"}],"wp:featuredmedia":[{"embeddable":true,"href":"https:\/\/lanzaroteartgallery.com\/en\/wp-json\/wp\/v2\/media\/12973"}],"wp:attachment":[{"href":"https:\/\/lanzaroteartgallery.com\/en\/wp-json\/wp\/v2\/media?parent=12974"}],"wp:term":[{"taxonomy":"product_brand","embeddable":true,"href":"https:\/\/lanzaroteartgallery.com\/en\/wp-json\/wp\/v2\/product_brand?post=12974"},{"taxonomy":"product_cat","embeddable":true,"href":"https:\/\/lanzaroteartgallery.com\/en\/wp-json\/wp\/v2\/product_cat?post=12974"},{"taxonomy":"product_tag","embeddable":true,"href":"https:\/\/lanzaroteartgallery.com\/en\/wp-json\/wp\/v2\/product_tag?post=12974"}],"curies":[{"name":"wp","href":"https:\/\/api.w.org\/{rel}","templated":true}]}}