{"id":12972,"date":"2024-01-11T17:58:29","date_gmt":"2024-01-11T17:58:29","guid":{"rendered":"https:\/\/lanzaroteartgallery.com\/?post_type=product&#038;p=12972"},"modified":"2024-04-20T19:09:32","modified_gmt":"2024-04-20T18:09:32","slug":"serie-anatomia-de-una-playa-i","status":"publish","type":"product","link":"https:\/\/lanzaroteartgallery.com\/en\/work\/serie-anatomia-de-una-playa-i\/","title":{"rendered":"Serie Anatom\u00eda de una playa I"},"content":{"rendered":"<p>En esta recreaci\u00f3n de una escena en el mar, las figuras humanas, de car\u00e1cter impresionista, se integran formando parte de la obra, dejando intuir algunas partes de las mismas.<\/p>\n","protected":false},"excerpt":{"rendered":"<p>Se pueden apreciar las texturas realizadas con esp\u00e1tula, de forma impresionista.<\/p>\n","protected":false},"featured_media":12971,"template":"","meta":{"_kad_blocks_custom_css":"","_kad_blocks_head_custom_js":"","_kad_blocks_body_custom_js":"","_kad_blocks_footer_custom_js":""},"product_brand":[],"product_cat":[601,17,867,1449,1469,1472,862,870,854],"product_tag":[1051,936,1264],"class_list":{"0":"post-12972","1":"product","2":"type-product","3":"status-publish","4":"has-post-thumbnail","6":"product_cat-arte-global-artistas","7":"product_cat-artistas","8":"product_cat-escena-de-genero","9":"product_cat-figurativo","10":"product_cat-guacimara-melian","11":"product_cat-guacimara-melian-arte-global-artistas","12":"product_cat-naturaleza","13":"product_cat-paisajismo","14":"product_cat-pintura","15":"product_tag-madera","16":"product_tag-personajes","17":"product_tag-series-de-mar","19":"first","20":"instock","21":"taxable","22":"shipping-taxable","23":"purchasable","24":"product-type-simple"},"aioseo_notices":[],"taxonomy_info":{"product_cat":[{"value":601,"label":"Art Space"},{"value":17,"label":"Artistas"},{"value":867,"label":"Gender Scene"},{"value":1449,"label":"Figurative"},{"value":1469,"label":"Guacimara Meli\u00e1n"},{"value":1472,"label":"Guacimara Meli\u00e1n"},{"value":862,"label":"Naturaleza"},{"value":870,"label":"Paisajismo"},{"value":854,"label":"Painting"}],"product_tag":[{"value":1051,"label":"madera"},{"value":936,"label":"personajes"},{"value":1264,"label":"series de mar"}]},"featured_image_src_large":["https:\/\/lanzaroteartgallery.com\/wp-content\/uploads\/2024\/01\/MeliC3A1nLC3B3pez-Guacimara-44315032N2FIMG_20230310_130608-1024x1018.jpg",1024,1018,true],"author_info":[],"comment_info":"","_links":{"self":[{"href":"https:\/\/lanzaroteartgallery.com\/en\/wp-json\/wp\/v2\/product\/12972","targetHints":{"allow":["GET"]}}],"collection":[{"href":"https:\/\/lanzaroteartgallery.com\/en\/wp-json\/wp\/v2\/product"}],"about":[{"href":"https:\/\/lanzaroteartgallery.com\/en\/wp-json\/wp\/v2\/types\/product"}],"wp:featuredmedia":[{"embeddable":true,"href":"https:\/\/lanzaroteartgallery.com\/en\/wp-json\/wp\/v2\/media\/12971"}],"wp:attachment":[{"href":"https:\/\/lanzaroteartgallery.com\/en\/wp-json\/wp\/v2\/media?parent=12972"}],"wp:term":[{"taxonomy":"product_brand","embeddable":true,"href":"https:\/\/lanzaroteartgallery.com\/en\/wp-json\/wp\/v2\/product_brand?post=12972"},{"taxonomy":"product_cat","embeddable":true,"href":"https:\/\/lanzaroteartgallery.com\/en\/wp-json\/wp\/v2\/product_cat?post=12972"},{"taxonomy":"product_tag","embeddable":true,"href":"https:\/\/lanzaroteartgallery.com\/en\/wp-json\/wp\/v2\/product_tag?post=12972"}],"curies":[{"name":"wp","href":"https:\/\/api.w.org\/{rel}","templated":true}]}}