{"id":12952,"date":"2024-01-11T17:58:03","date_gmt":"2024-01-11T17:58:03","guid":{"rendered":"https:\/\/lanzaroteartgallery.com\/?post_type=product&#038;p=12952"},"modified":"2024-04-20T19:24:04","modified_gmt":"2024-04-20T18:24:04","slug":"las-horas-del-azul-i-izquierda","status":"publish","type":"product","link":"https:\/\/lanzaroteartgallery.com\/en\/work\/las-horas-del-azul-i-izquierda\/","title":{"rendered":"Las Horas del Azul I (izquierda)"},"content":{"rendered":"<p>En la obra se pueden apreciar las capas de diferentes tonalidades aplicadas con esp\u00e1tula, intentando recrear una visi\u00f3n cenital del mar, de forma abstracta e intuitiva. Forma parte de un d\u00edptico, sin duda las dos obras se complementan una con la otra. El precio corresponde a cada obra.<\/p>\n","protected":false},"excerpt":{"rendered":"<p>Obra realizada al \u00f3leo con una base de textura aplicando diferentes tipos de arena.<\/p>\n","protected":false},"featured_media":12951,"template":"","meta":{"_kad_blocks_custom_css":"","_kad_blocks_head_custom_js":"","_kad_blocks_body_custom_js":"","_kad_blocks_footer_custom_js":""},"product_brand":[],"product_cat":[860,601,17,910,911,909,912,913,1472,1469,862,870,854],"product_tag":[968,922,921],"class_list":{"0":"post-12952","1":"product","2":"type-product","3":"status-publish","4":"has-post-thumbnail","6":"product_cat-abstracto","7":"product_cat-arte-global-artistas","8":"product_cat-artistas","9":"product_cat-cuadro-grande","10":"product_cat-cuadros-decorativos-salon","11":"product_cat-cuadros-grandes-para-salon","12":"product_cat-cuadros-habitacion","13":"product_cat-cuadros-relajantes-para-salon","14":"product_cat-guacimara-melian-arte-global-artistas","15":"product_cat-guacimara-melian","16":"product_cat-naturaleza","17":"product_cat-paisajismo","18":"product_cat-pintura","19":"product_tag-arena","20":"product_tag-lienzo","21":"product_tag-oleo","23":"first","24":"instock","25":"taxable","26":"shipping-taxable","27":"purchasable","28":"product-type-simple"},"aioseo_notices":[],"taxonomy_info":{"product_cat":[{"value":860,"label":"Abstract"},{"value":601,"label":"Art Space"},{"value":17,"label":"Artistas"},{"value":910,"label":"Big Picture"},{"value":911,"label":"Decorative Paintings Living Room"},{"value":909,"label":"Large Paintings for the Living Room"},{"value":912,"label":"Bedroom Paintings"},{"value":913,"label":"Relaxing Paintings for the Living Room"},{"value":1472,"label":"Guacimara Meli\u00e1n"},{"value":1469,"label":"Guacimara Meli\u00e1n"},{"value":862,"label":"Naturaleza"},{"value":870,"label":"Paisajismo"},{"value":854,"label":"Painting"}],"product_tag":[{"value":968,"label":"arena"},{"value":922,"label":"lienzo"},{"value":921,"label":"\u00f3leo"}]},"featured_image_src_large":["https:\/\/lanzaroteartgallery.com\/wp-content\/uploads\/2024\/01\/MeliC3A1nLC3B3pez-Guacimara-44315032N2FGuacimaraMeliC3A1nLasHorasdelAzul122x122cm2-1024x1012.jpg",1024,1012,true],"author_info":[],"comment_info":"","_links":{"self":[{"href":"https:\/\/lanzaroteartgallery.com\/en\/wp-json\/wp\/v2\/product\/12952","targetHints":{"allow":["GET"]}}],"collection":[{"href":"https:\/\/lanzaroteartgallery.com\/en\/wp-json\/wp\/v2\/product"}],"about":[{"href":"https:\/\/lanzaroteartgallery.com\/en\/wp-json\/wp\/v2\/types\/product"}],"wp:featuredmedia":[{"embeddable":true,"href":"https:\/\/lanzaroteartgallery.com\/en\/wp-json\/wp\/v2\/media\/12951"}],"wp:attachment":[{"href":"https:\/\/lanzaroteartgallery.com\/en\/wp-json\/wp\/v2\/media?parent=12952"}],"wp:term":[{"taxonomy":"product_brand","embeddable":true,"href":"https:\/\/lanzaroteartgallery.com\/en\/wp-json\/wp\/v2\/product_brand?post=12952"},{"taxonomy":"product_cat","embeddable":true,"href":"https:\/\/lanzaroteartgallery.com\/en\/wp-json\/wp\/v2\/product_cat?post=12952"},{"taxonomy":"product_tag","embeddable":true,"href":"https:\/\/lanzaroteartgallery.com\/en\/wp-json\/wp\/v2\/product_tag?post=12952"}],"curies":[{"name":"wp","href":"https:\/\/api.w.org\/{rel}","templated":true}]}}